{"id":187,"date":"2022-01-20T22:09:49","date_gmt":"2022-01-20T21:09:49","guid":{"rendered":"http:\/\/ovigor.pl\/?page_id=187"},"modified":"2025-01-22T12:38:10","modified_gmt":"2025-01-22T11:38:10","slug":"nasze-produkty","status":"publish","type":"page","link":"https:\/\/ovigor.pl\/?page_id=187","title":{"rendered":"Nasze produkty"},"content":{"rendered":"\t\t<div data-elementor-type=\"wp-page\" data-elementor-id=\"187\" class=\"elementor elementor-187\">\n\t\t\t\t\t\t<section class=\"elementor-section elementor-top-section elementor-element elementor-element-2d20630 elementor-section-boxed elementor-section-height-default elementor-section-height-default\" data-id=\"2d20630\" data-element_type=\"section\" data-e-type=\"section\">\n\t\t\t\t\t\t<div class=\"elementor-container elementor-column-gap-default\">\n\t\t\t\t\t<div class=\"elementor-column elementor-col-100 elementor-top-column elementor-element elementor-element-8c9e7e5\" data-id=\"8c9e7e5\" data-element_type=\"column\" data-e-type=\"column\">\n\t\t\t<div class=\"elementor-widget-wrap elementor-element-populated\">\n\t\t\t\t\t\t<div class=\"elementor-element elementor-element-896a9dc elementor-widget elementor-widget-heading\" data-id=\"896a9dc\" data-element_type=\"widget\" data-e-type=\"widget\" data-widget_type=\"heading.default\">\n\t\t\t\t<div class=\"elementor-widget-container\">\n\t\t\t\t\t<h2 class=\"elementor-heading-title elementor-size-large\">Nasze produkty<\/h2>\t\t\t\t<\/div>\n\t\t\t\t<\/div>\n\t\t\t\t\t<\/div>\n\t\t<\/div>\n\t\t\t\t\t<\/div>\n\t\t<\/section>\n\t\t\t\t<section class=\"elementor-section elementor-top-section elementor-element elementor-element-2ec563e elementor-section-boxed elementor-section-height-default elementor-section-height-default\" data-id=\"2ec563e\" data-element_type=\"section\" data-e-type=\"section\">\n\t\t\t\t\t\t<div class=\"elementor-container elementor-column-gap-default\">\n\t\t\t\t\t<div class=\"elementor-column elementor-col-66 elementor-top-column elementor-element elementor-element-486b5ec\" data-id=\"486b5ec\" data-element_type=\"column\" data-e-type=\"column\">\n\t\t\t<div class=\"elementor-widget-wrap elementor-element-populated\">\n\t\t\t\t\t\t<div class=\"elementor-element elementor-element-89dd52c elementor-widget elementor-widget-text-editor\" data-id=\"89dd52c\" data-element_type=\"widget\" data-e-type=\"widget\" data-widget_type=\"text-editor.default\">\n\t\t\t\t<div class=\"elementor-widget-container\">\n\t\t\t\t\t\t\t\t\t<p>Celem ka\u017cdego hodowcy jest dbanie o jak najlepsz\u0105 kondycj\u0119 i zdrowie swoich go\u0142\u0119bi. Odpowiednia\u00a0<strong>karma dla go\u0142\u0119bi<\/strong>,\u00a0<strong>produkty na wzmocnienie i regeneracj\u0119, grity, produkty do k\u0105pieli\u00a0<\/strong>czy\u00a0<strong>herbaty\u00a0<\/strong>pozwalaj\u0105 nam uzyska\u0107 zadowalaj\u0105cy efekt.<\/p><p>Sklep internetowy\u00a0<strong>OVIGOR\u00a0<\/strong>oferuje szerok\u0105 gam\u0119\u00a0<strong>produkt\u00f3w dla go\u0142\u0119bi.\u00a0<\/strong>Wieloletnie do\u015bwiadczenie w prowadzeniu hodowli pozwoli\u0142o nam zdoby\u0107 odpowiedni\u0105 wiedz\u0119, aby zaopatrywa\u0107 hurtowo, jak i detalicznie hodowc\u00f3w na terenie Polski i Europy w najwy\u017cszej jako\u015bci\u00a0<strong>produkty dla go\u0142\u0119bi<\/strong>\u00a0w przyst\u0119pnych cenach. U Nas znajdziecie<strong>\u00a0wszystko dla go\u0142\u0119bi!<\/strong><br \/>W menu po lewej stronie znajduj\u0105 si\u0119 mi\u0119dzy innymi produkty OVIGOR o dzia\u0142aniu profilaktycznym, na wzmocnienie i regeneracj\u0119, witaminy dla go\u0142\u0119bi, szeroki wyb\u00f3r rodzaj\u00f3w karmy dla go\u0142\u0119bi, olejki, grity, czy herbaty.<\/p><p>\u017byczymy udany zakup\u00f3w!<\/p>\t\t\t\t\t\t\t\t<\/div>\n\t\t\t\t<\/div>\n\t\t\t\t\t<\/div>\n\t\t<\/div>\n\t\t\t\t<div class=\"elementor-column elementor-col-33 elementor-top-column elementor-element elementor-element-91d395e\" data-id=\"91d395e\" data-element_type=\"column\" data-e-type=\"column\">\n\t\t\t<div class=\"elementor-widget-wrap elementor-element-populated\">\n\t\t\t\t\t\t<div class=\"elementor-element elementor-element-9bff70e elementor-widget elementor-widget-image\" data-id=\"9bff70e\" data-element_type=\"widget\" data-e-type=\"widget\" data-widget_type=\"image.default\">\n\t\t\t\t<div class=\"elementor-widget-container\">\n\t\t\t\t\t\t\t\t\t\t\t\t\t\t\t<img fetchpriority=\"high\" decoding=\"async\" width=\"1014\" height=\"1024\" src=\"https:\/\/ovigor.pl\/wp-content\/uploads\/2022\/02\/DSC07039-scaled-1014x1024.jpg\" class=\"attachment-large size-large wp-image-622\" alt=\"\" srcset=\"https:\/\/ovigor.pl\/wp-content\/uploads\/2022\/02\/DSC07039-scaled-1014x1024.jpg 1014w, https:\/\/ovigor.pl\/wp-content\/uploads\/2022\/02\/DSC07039-scaled-297x300.jpg 297w, https:\/\/ovigor.pl\/wp-content\/uploads\/2022\/02\/DSC07039-scaled-150x150.jpg 150w, https:\/\/ovigor.pl\/wp-content\/uploads\/2022\/02\/DSC07039-scaled-768x776.jpg 768w, https:\/\/ovigor.pl\/wp-content\/uploads\/2022\/02\/DSC07039-scaled-1521x1536.jpg 1521w, https:\/\/ovigor.pl\/wp-content\/uploads\/2022\/02\/DSC07039-scaled-2028x2048.jpg 2028w, https:\/\/ovigor.pl\/wp-content\/uploads\/2022\/02\/DSC07039-scaled-600x606.jpg 600w, https:\/\/ovigor.pl\/wp-content\/uploads\/2022\/02\/DSC07039-scaled-100x100.jpg 100w\" sizes=\"(max-width: 1014px) 100vw, 1014px\" \/>\t\t\t\t\t\t\t\t\t\t\t\t\t\t\t<\/div>\n\t\t\t\t<\/div>\n\t\t\t\t\t<\/div>\n\t\t<\/div>\n\t\t\t\t\t<\/div>\n\t\t<\/section>\n\t\t\t\t<section class=\"elementor-section elementor-top-section elementor-element elementor-element-5582292 elementor-section-boxed elementor-section-height-default elementor-section-height-default\" data-id=\"5582292\" data-element_type=\"section\" data-e-type=\"section\">\n\t\t\t\t\t\t<div class=\"elementor-container elementor-column-gap-default\">\n\t\t\t\t\t<div class=\"elementor-column elementor-col-100 elementor-top-column elementor-element elementor-element-24fba10\" data-id=\"24fba10\" data-element_type=\"column\" data-e-type=\"column\">\n\t\t\t<div class=\"elementor-widget-wrap\">\n\t\t\t\t\t\t\t<\/div>\n\t\t<\/div>\n\t\t\t\t\t<\/div>\n\t\t<\/section>\n\t\t\t\t<section class=\"elementor-section elementor-top-section elementor-element elementor-element-5469a0d elementor-section-boxed elementor-section-height-default elementor-section-height-default\" data-id=\"5469a0d\" data-element_type=\"section\" data-e-type=\"section\">\n\t\t\t\t\t\t<div class=\"elementor-container elementor-column-gap-default\">\n\t\t\t\t\t<div class=\"elementor-column elementor-col-100 elementor-top-column elementor-element elementor-element-3d0db92\" data-id=\"3d0db92\" data-element_type=\"column\" data-e-type=\"column\">\n\t\t\t<div class=\"elementor-widget-wrap elementor-element-populated\">\n\t\t\t\t\t\t<div class=\"elementor-element elementor-element-d2d03b5 elementor-widget elementor-widget-image\" data-id=\"d2d03b5\" data-element_type=\"widget\" data-e-type=\"widget\" data-widget_type=\"image.default\">\n\t\t\t\t<div class=\"elementor-widget-container\">\n\t\t\t\t\t\t\t\t\t\t\t\t\t\t\t\t<a href=\"https:\/\/ovigor.com.pl\/pl\/index\">\n\t\t\t\t\t\t\t<img decoding=\"async\" width=\"1920\" height=\"1080\" src=\"https:\/\/ovigor.pl\/wp-content\/uploads\/2024\/06\/Ovigor_Produkty_i_suplementy_dla_golebi-OVI_1920x1080.jpg\" class=\"attachment-full size-full wp-image-7497\" alt=\"Ovigor Produkty i suplementy dla golebi OVI 1920x1080\" srcset=\"https:\/\/ovigor.pl\/wp-content\/uploads\/2024\/06\/Ovigor_Produkty_i_suplementy_dla_golebi-OVI_1920x1080.jpg 1920w, https:\/\/ovigor.pl\/wp-content\/uploads\/2024\/06\/Ovigor_Produkty_i_suplementy_dla_golebi-OVI_1920x1080-300x169.jpg 300w, https:\/\/ovigor.pl\/wp-content\/uploads\/2024\/06\/Ovigor_Produkty_i_suplementy_dla_golebi-OVI_1920x1080-1024x576.jpg 1024w, https:\/\/ovigor.pl\/wp-content\/uploads\/2024\/06\/Ovigor_Produkty_i_suplementy_dla_golebi-OVI_1920x1080-768x432.jpg 768w, https:\/\/ovigor.pl\/wp-content\/uploads\/2024\/06\/Ovigor_Produkty_i_suplementy_dla_golebi-OVI_1920x1080-1536x864.jpg 1536w, https:\/\/ovigor.pl\/wp-content\/uploads\/2024\/06\/Ovigor_Produkty_i_suplementy_dla_golebi-OVI_1920x1080-600x338.jpg 600w\" sizes=\"(max-width: 1920px) 100vw, 1920px\" \/>\t\t\t\t\t\t\t\t<\/a>\n\t\t\t\t\t\t\t\t\t\t\t\t\t\t\t<\/div>\n\t\t\t\t<\/div>\n\t\t\t\t\t<\/div>\n\t\t<\/div>\n\t\t\t\t\t<\/div>\n\t\t<\/section>\n\t\t\t\t<section class=\"elementor-section elementor-top-section elementor-element elementor-element-a23f6ea elementor-section-boxed elementor-section-height-default elementor-section-height-default\" data-id=\"a23f6ea\" data-element_type=\"section\" data-e-type=\"section\">\n\t\t\t\t\t\t<div class=\"elementor-container elementor-column-gap-default\">\n\t\t\t\t\t<div class=\"elementor-column elementor-col-100 elementor-top-column elementor-element elementor-element-71582cf\" data-id=\"71582cf\" data-element_type=\"column\" data-e-type=\"column\">\n\t\t\t<div class=\"elementor-widget-wrap elementor-element-populated\">\n\t\t\t\t\t\t<div class=\"elementor-element elementor-element-5a1e60a elementor-widget elementor-widget-image\" data-id=\"5a1e60a\" data-element_type=\"widget\" data-e-type=\"widget\" data-widget_type=\"image.default\">\n\t\t\t\t<div class=\"elementor-widget-container\">\n\t\t\t\t\t\t\t\t\t\t\t\t\t\t\t\t<a href=\"https:\/\/ovigor.com.pl\/\">\n\t\t\t\t\t\t\t<img decoding=\"async\" width=\"1280\" height=\"450\" src=\"https:\/\/ovigor.pl\/wp-content\/uploads\/2024\/06\/Ovigor_Produkty_i_suplementy_dla_golebi-Sklep_Internetowy_1280x450.jpg\" class=\"attachment-full size-full wp-image-7502\" alt=\"Ovigor Produkty i suplementy dla golebi Sklep Internetowy 1280x450\" srcset=\"https:\/\/ovigor.pl\/wp-content\/uploads\/2024\/06\/Ovigor_Produkty_i_suplementy_dla_golebi-Sklep_Internetowy_1280x450.jpg 1280w, https:\/\/ovigor.pl\/wp-content\/uploads\/2024\/06\/Ovigor_Produkty_i_suplementy_dla_golebi-Sklep_Internetowy_1280x450-300x105.jpg 300w, https:\/\/ovigor.pl\/wp-content\/uploads\/2024\/06\/Ovigor_Produkty_i_suplementy_dla_golebi-Sklep_Internetowy_1280x450-1024x360.jpg 1024w, https:\/\/ovigor.pl\/wp-content\/uploads\/2024\/06\/Ovigor_Produkty_i_suplementy_dla_golebi-Sklep_Internetowy_1280x450-768x270.jpg 768w, https:\/\/ovigor.pl\/wp-content\/uploads\/2024\/06\/Ovigor_Produkty_i_suplementy_dla_golebi-Sklep_Internetowy_1280x450-600x211.jpg 600w\" sizes=\"(max-width: 1280px) 100vw, 1280px\" \/>\t\t\t\t\t\t\t\t<\/a>\n\t\t\t\t\t\t\t\t\t\t\t\t\t\t\t<\/div>\n\t\t\t\t<\/div>\n\t\t\t\t\t<\/div>\n\t\t<\/div>\n\t\t\t\t\t<\/div>\n\t\t<\/section>\n\t\t\t\t<section class=\"elementor-section elementor-top-section elementor-element elementor-element-9513cae elementor-section-boxed elementor-section-height-default elementor-section-height-default\" data-id=\"9513cae\" data-element_type=\"section\" data-e-type=\"section\">\n\t\t\t\t\t\t<div class=\"elementor-container elementor-column-gap-default\">\n\t\t\t\t\t<div class=\"elementor-column elementor-col-100 elementor-top-column elementor-element elementor-element-e468e0d\" data-id=\"e468e0d\" data-element_type=\"column\" data-e-type=\"column\">\n\t\t\t<div class=\"elementor-widget-wrap elementor-element-populated\">\n\t\t\t\t\t\t<div class=\"elementor-element elementor-element-bc7e9b4 elementor-widget elementor-widget-spacer\" data-id=\"bc7e9b4\" data-element_type=\"widget\" data-e-type=\"widget\" data-widget_type=\"spacer.default\">\n\t\t\t\t<div class=\"elementor-widget-container\">\n\t\t\t\t\t\t\t<div class=\"elementor-spacer\">\n\t\t\t<div class=\"elementor-spacer-inner\"><\/div>\n\t\t<\/div>\n\t\t\t\t\t\t<\/div>\n\t\t\t\t<\/div>\n\t\t\t\t\t<\/div>\n\t\t<\/div>\n\t\t\t\t\t<\/div>\n\t\t<\/section>\n\t\t\t\t<\/div>\n\t\t","protected":false},"excerpt":{"rendered":"<p>Nasze produkty Celem ka\u017cdego hodowcy jest dbanie o jak najlepsz\u0105 kondycj\u0119 i zdrowie swoich go\u0142\u0119bi. Odpowiednia\u00a0karma dla go\u0142\u0119bi,\u00a0produkty na wzmocnienie i regeneracj\u0119, grity, produkty do k\u0105pieli\u00a0czy\u00a0herbaty\u00a0pozwalaj\u0105 nam uzyska\u0107 zadowalaj\u0105cy efekt. Sklep internetowy\u00a0OVIGOR\u00a0oferuje szerok\u0105 gam\u0119\u00a0produkt\u00f3w dla go\u0142\u0119bi.\u00a0Wieloletnie do\u015bwiadczenie w prowadzeniu hodowli pozwoli\u0142o nam zdoby\u0107 odpowiedni\u0105 wiedz\u0119, aby zaopatrywa\u0107 hurtowo, jak i detalicznie hodowc\u00f3w na terenie Polski [&hellip;]<\/p>\n","protected":false},"author":1,"featured_media":0,"parent":0,"menu_order":0,"comment_status":"closed","ping_status":"closed","template":"","meta":{"site-sidebar-layout":"no-sidebar","site-content-layout":"page-builder","ast-site-content-layout":"full-width-container","site-content-style":"unboxed","site-sidebar-style":"unboxed","ast-global-header-display":"","ast-banner-title-visibility":"","ast-main-header-display":"","ast-hfb-above-header-display":"","ast-hfb-below-header-display":"","ast-hfb-mobile-header-display":"","site-post-title":"disabled","ast-breadcrumbs-content":"","ast-featured-img":"disabled","footer-sml-layout":"","ast-disable-related-posts":"","theme-transparent-header-meta":"default","adv-header-id-meta":"","stick-header-meta":"","header-above-stick-meta":"","header-main-stick-meta":"","header-below-stick-meta":"","astra-migrate-meta-layouts":"set","ast-page-background-enabled":"default","ast-page-background-meta":{"desktop":{"background-color":"","background-image":"","background-repeat":"repeat","background-position":"center center","background-size":"auto","background-attachment":"scroll","background-type":"","background-media":"","overlay-type":"","overlay-color":"","overlay-opacity":"","overlay-gradient":""},"tablet":{"background-color":"","background-image":"","background-repeat":"repeat","background-position":"center center","background-size":"auto","background-attachment":"scroll","background-type":"","background-media":"","overlay-type":"","overlay-color":"","overlay-opacity":"","overlay-gradient":""},"mobile":{"background-color":"","background-image":"","background-repeat":"repeat","background-position":"center center","background-size":"auto","background-attachment":"scroll","background-type":"","background-media":"","overlay-type":"","overlay-color":"","overlay-opacity":"","overlay-gradient":""}},"ast-content-background-meta":{"desktop":{"background-color":"var(--ast-global-color-5)","background-image":"","background-repeat":"repeat","background-position":"center center","background-size":"auto","background-attachment":"scroll","background-type":"","background-media":"","overlay-type":"","overlay-color":"","overlay-opacity":"","overlay-gradient":""},"tablet":{"background-color":"var(--ast-global-color-5)","background-image":"","background-repeat":"repeat","background-position":"center center","background-size":"auto","background-attachment":"scroll","background-type":"","background-media":"","overlay-type":"","overlay-color":"","overlay-opacity":"","overlay-gradient":""},"mobile":{"background-color":"var(--ast-global-color-5)","background-image":"","background-repeat":"repeat","background-position":"center center","background-size":"auto","background-attachment":"scroll","background-type":"","background-media":"","overlay-type":"","overlay-color":"","overlay-opacity":"","overlay-gradient":""}},"footnotes":""},"class_list":["post-187","page","type-page","status-publish","hentry"],"_links":{"self":[{"href":"https:\/\/ovigor.pl\/index.php?rest_route=\/wp\/v2\/pages\/187","targetHints":{"allow":["GET"]}}],"collection":[{"href":"https:\/\/ovigor.pl\/index.php?rest_route=\/wp\/v2\/pages"}],"about":[{"href":"https:\/\/ovigor.pl\/index.php?rest_route=\/wp\/v2\/types\/page"}],"author":[{"embeddable":true,"href":"https:\/\/ovigor.pl\/index.php?rest_route=\/wp\/v2\/users\/1"}],"replies":[{"embeddable":true,"href":"https:\/\/ovigor.pl\/index.php?rest_route=%2Fwp%2Fv2%2Fcomments&post=187"}],"version-history":[{"count":28,"href":"https:\/\/ovigor.pl\/index.php?rest_route=\/wp\/v2\/pages\/187\/revisions"}],"predecessor-version":[{"id":8597,"href":"https:\/\/ovigor.pl\/index.php?rest_route=\/wp\/v2\/pages\/187\/revisions\/8597"}],"wp:attachment":[{"href":"https:\/\/ovigor.pl\/index.php?rest_route=%2Fwp%2Fv2%2Fmedia&parent=187"}],"curies":[{"name":"wp","href":"https:\/\/api.w.org\/{rel}","templated":true}]}}