{"id":4861,"date":"2023-01-05T13:18:40","date_gmt":"2023-01-05T12:18:40","guid":{"rendered":"https:\/\/ovigor.pl\/?page_id=4861"},"modified":"2026-03-13T11:31:35","modified_gmt":"2026-03-13T10:31:35","slug":"golebie-na-sprzedaz","status":"publish","type":"page","link":"https:\/\/ovigor.pl\/?page_id=4861","title":{"rendered":"Go\u0142\u0119bie na SPRZEDA\u017b &#8211; dost\u0119pny rocznik 2025"},"content":{"rendered":"\t\t<div data-elementor-type=\"wp-page\" data-elementor-id=\"4861\" class=\"elementor elementor-4861\">\n\t\t\t\t\t\t<section class=\"elementor-section elementor-top-section elementor-element elementor-element-5c1fccf elementor-section-boxed elementor-section-height-default elementor-section-height-default\" data-id=\"5c1fccf\" data-element_type=\"section\" data-e-type=\"section\">\n\t\t\t\t\t\t<div class=\"elementor-container elementor-column-gap-default\">\n\t\t\t\t\t<div class=\"elementor-column elementor-col-50 elementor-top-column elementor-element elementor-element-839daec\" data-id=\"839daec\" data-element_type=\"column\" data-e-type=\"column\">\n\t\t\t<div class=\"elementor-widget-wrap elementor-element-populated\">\n\t\t\t\t\t\t<div class=\"elementor-element elementor-element-1c8b569 elementor-widget elementor-widget-heading\" data-id=\"1c8b569\" data-element_type=\"widget\" data-e-type=\"widget\" data-widget_type=\"heading.default\">\n\t\t\t\t<div class=\"elementor-widget-container\">\n\t\t\t\t\t<h2 class=\"elementor-heading-title elementor-size-default\">Go\u0142\u0119bie na sprzeda\u017c<\/h2>\t\t\t\t<\/div>\n\t\t\t\t<\/div>\n\t\t\t\t\t<\/div>\n\t\t<\/div>\n\t\t\t\t<div class=\"elementor-column elementor-col-50 elementor-top-column elementor-element elementor-element-7e45970\" data-id=\"7e45970\" data-element_type=\"column\" data-e-type=\"column\" data-settings=\"{&quot;background_background&quot;:&quot;classic&quot;}\">\n\t\t\t<div class=\"elementor-widget-wrap elementor-element-populated\">\n\t\t\t\t\t\t<div class=\"elementor-element elementor-element-61b4338 elementor-widget elementor-widget-text-editor\" data-id=\"61b4338\" data-element_type=\"widget\" data-e-type=\"widget\" data-widget_type=\"text-editor.default\">\n\t\t\t\t<div class=\"elementor-widget-container\">\n\t\t\t\t\t\t\t\t\t<p>Aktualizacja<\/p>\t\t\t\t\t\t\t\t<\/div>\n\t\t\t\t<\/div>\n\t\t\t\t<div class=\"elementor-element elementor-element-7e55e7e elementor-widget elementor-widget-shortcode\" data-id=\"7e55e7e\" data-element_type=\"widget\" data-e-type=\"widget\" data-widget_type=\"shortcode.default\">\n\t\t\t\t<div class=\"elementor-widget-container\">\n\t\t\t\t\t\t\t<div class=\"elementor-shortcode\"><center><b>20 - pon. - kwiecie\u0144 - 2026<\/b><\/center><\/div>\n\t\t\t\t\t\t<\/div>\n\t\t\t\t<\/div>\n\t\t\t\t\t<\/div>\n\t\t<\/div>\n\t\t\t\t\t<\/div>\n\t\t<\/section>\n\t\t\t\t<section class=\"elementor-section elementor-top-section elementor-element elementor-element-969681d elementor-section-boxed elementor-section-height-default elementor-section-height-default\" data-id=\"969681d\" data-element_type=\"section\" data-e-type=\"section\">\n\t\t\t\t\t\t<div class=\"elementor-container elementor-column-gap-default\">\n\t\t\t\t\t<div class=\"elementor-column elementor-col-50 elementor-top-column elementor-element elementor-element-61a2ace\" data-id=\"61a2ace\" data-element_type=\"column\" data-e-type=\"column\" data-settings=\"{&quot;background_background&quot;:&quot;classic&quot;}\">\n\t\t\t<div class=\"elementor-widget-wrap elementor-element-populated\">\n\t\t\t\t\t\t<div class=\"elementor-element elementor-element-83461e7 elementor-widget elementor-widget-image\" data-id=\"83461e7\" data-element_type=\"widget\" data-e-type=\"widget\" data-widget_type=\"image.default\">\n\t\t\t\t<div class=\"elementor-widget-container\">\n\t\t\t\t\t\t\t\t\t\t\t\t\t\t\t<img fetchpriority=\"high\" decoding=\"async\" width=\"1024\" height=\"1024\" src=\"https:\/\/ovigor.pl\/wp-content\/uploads\/2023\/01\/54445-1024x1024.jpg\" class=\"elementor-animation-shrink attachment-large size-large wp-image-5153\" alt=\"\" srcset=\"https:\/\/ovigor.pl\/wp-content\/uploads\/2023\/01\/54445-1024x1024.jpg 1024w, https:\/\/ovigor.pl\/wp-content\/uploads\/2023\/01\/54445-300x300.jpg 300w, https:\/\/ovigor.pl\/wp-content\/uploads\/2023\/01\/54445-150x150.jpg 150w, https:\/\/ovigor.pl\/wp-content\/uploads\/2023\/01\/54445-768x768.jpg 768w, https:\/\/ovigor.pl\/wp-content\/uploads\/2023\/01\/54445-400x400.jpg 400w, https:\/\/ovigor.pl\/wp-content\/uploads\/2023\/01\/54445-800x800.jpg 800w, https:\/\/ovigor.pl\/wp-content\/uploads\/2023\/01\/54445-600x600.jpg 600w, https:\/\/ovigor.pl\/wp-content\/uploads\/2023\/01\/54445-100x100.jpg 100w, https:\/\/ovigor.pl\/wp-content\/uploads\/2023\/01\/54445.jpg 1080w\" sizes=\"(max-width: 1024px) 100vw, 1024px\" \/>\t\t\t\t\t\t\t\t\t\t\t\t\t\t\t<\/div>\n\t\t\t\t<\/div>\n\t\t\t\t\t<\/div>\n\t\t<\/div>\n\t\t\t\t<div class=\"elementor-column elementor-col-50 elementor-top-column elementor-element elementor-element-6bbf8fe\" data-id=\"6bbf8fe\" data-element_type=\"column\" data-e-type=\"column\" data-settings=\"{&quot;background_background&quot;:&quot;classic&quot;}\">\n\t\t\t<div class=\"elementor-widget-wrap elementor-element-populated\">\n\t\t\t\t\t\t<div class=\"elementor-element elementor-element-67fb86a elementor-widget elementor-widget-text-editor\" data-id=\"67fb86a\" data-element_type=\"widget\" data-e-type=\"widget\" data-widget_type=\"text-editor.default\">\n\t\t\t\t<div class=\"elementor-widget-container\">\n\t\t\t\t\t\t\t\t\tPrzejrzyj aktualn\u0105, dost\u0119pn\u0105 ofert\u0119 i skontaktuj si\u0119 telefonicznie lub mailowo\t\t\t\t\t\t\t\t<\/div>\n\t\t\t\t<\/div>\n\t\t\t\t<div class=\"elementor-element elementor-element-bd30cfb elementor-widget elementor-widget-text-editor\" data-id=\"bd30cfb\" data-element_type=\"widget\" data-e-type=\"widget\" data-widget_type=\"text-editor.default\">\n\t\t\t\t<div class=\"elementor-widget-container\">\n\t\t\t\t\t\t\t\t\t<p>Tel: +48 501-257-120<br \/>E-mail: dariusz.burda@ovigor.eu<\/p>\t\t\t\t\t\t\t\t<\/div>\n\t\t\t\t<\/div>\n\t\t\t\t<div class=\"elementor-element elementor-element-affd552 elementor-align-center elementor-widget elementor-widget-button\" data-id=\"affd552\" data-element_type=\"widget\" data-e-type=\"widget\" data-widget_type=\"button.default\">\n\t\t\t\t<div class=\"elementor-widget-container\">\n\t\t\t\t\t\t\t\t\t<div class=\"elementor-button-wrapper\">\n\t\t\t\t\t<a class=\"elementor-button elementor-button-link elementor-size-sm\" href=\"https:\/\/ovigor.pl\/?page_id=15\">\n\t\t\t\t\t\t<span class=\"elementor-button-content-wrapper\">\n\t\t\t\t\t\t\t\t\t<span class=\"elementor-button-text\">Kontakt<\/span>\n\t\t\t\t\t<\/span>\n\t\t\t\t\t<\/a>\n\t\t\t\t<\/div>\n\t\t\t\t\t\t\t\t<\/div>\n\t\t\t\t<\/div>\n\t\t\t\t\t<\/div>\n\t\t<\/div>\n\t\t\t\t\t<\/div>\n\t\t<\/section>\n\t\t\t\t<section class=\"elementor-section elementor-top-section elementor-element elementor-element-4cf3483 elementor-section-boxed elementor-section-height-default elementor-section-height-default\" data-id=\"4cf3483\" data-element_type=\"section\" data-e-type=\"section\">\n\t\t\t\t\t\t<div class=\"elementor-container elementor-column-gap-default\">\n\t\t\t\t\t<div class=\"elementor-column elementor-col-100 elementor-top-column elementor-element elementor-element-67df1cc\" data-id=\"67df1cc\" data-element_type=\"column\" data-e-type=\"column\">\n\t\t\t<div class=\"elementor-widget-wrap elementor-element-populated\">\n\t\t\t\t\t\t<div class=\"elementor-element elementor-element-a51b4fe elementor-widget elementor-widget-shortcode\" data-id=\"a51b4fe\" data-element_type=\"widget\" data-e-type=\"widget\" data-widget_type=\"shortcode.default\">\n\t\t\t\t<div class=\"elementor-widget-container\">\n\t\t\t\t\t\t\t<div class=\"elementor-shortcode\"><div class=\"woocommerce columns-4\"><ul class=\"products columns-4\">\n<li class=\"product-category product first\">\n\t<a aria-label=\"Przejd\u017a do kategorii produktu A&amp;B LEIDEMAN\" href=\"https:\/\/ovigor.pl\/?product_cat=ab-leideman\"><img decoding=\"async\" src=\"https:\/\/ovigor.pl\/wp-content\/uploads\/2025\/04\/AB_Leideman-1-300x300.jpg\" alt=\"A&amp;B LEIDEMAN\" width=\"300\" height=\"300\" srcset=\"https:\/\/ovigor.pl\/wp-content\/uploads\/2025\/04\/AB_Leideman-1-300x300.jpg 300w, https:\/\/ovigor.pl\/wp-content\/uploads\/2025\/04\/AB_Leideman-1-150x150.jpg 150w, https:\/\/ovigor.pl\/wp-content\/uploads\/2025\/04\/AB_Leideman-1-100x100.jpg 100w, https:\/\/ovigor.pl\/wp-content\/uploads\/2025\/04\/AB_Leideman-1.jpg 400w\" sizes=\"(max-width: 300px) 100vw, 300px\" \/>\t\t<h2 class=\"woocommerce-loop-category__title\">\n\t\t\tA&amp;B LEIDEMAN\t\t<\/h2>\n\t\t<\/a><\/li>\n<li class=\"product-category product\">\n\t<a aria-label=\"Przejd\u017a do kategorii produktu HEREMANS-CEUSTERS\" href=\"https:\/\/ovigor.pl\/?product_cat=heremans-ceusters\"><img decoding=\"async\" src=\"https:\/\/ovigor.pl\/wp-content\/uploads\/2025\/04\/Heremans_Ceusters-300x300.jpg\" alt=\"HEREMANS-CEUSTERS\" width=\"300\" height=\"300\" srcset=\"https:\/\/ovigor.pl\/wp-content\/uploads\/2025\/04\/Heremans_Ceusters-300x300.jpg 300w, https:\/\/ovigor.pl\/wp-content\/uploads\/2025\/04\/Heremans_Ceusters-150x150.jpg 150w, https:\/\/ovigor.pl\/wp-content\/uploads\/2025\/04\/Heremans_Ceusters-100x100.jpg 100w, https:\/\/ovigor.pl\/wp-content\/uploads\/2025\/04\/Heremans_Ceusters.jpg 400w\" sizes=\"(max-width: 300px) 100vw, 300px\" \/>\t\t<h2 class=\"woocommerce-loop-category__title\">\n\t\t\tHEREMANS-CEUSTERS\t\t<\/h2>\n\t\t<\/a><\/li>\n<li class=\"product-category product\">\n\t<a aria-label=\"Przejd\u017a do kategorii produktu JANSSEN\" href=\"https:\/\/ovigor.pl\/?product_cat=janssen\"><img loading=\"lazy\" decoding=\"async\" src=\"https:\/\/ovigor.pl\/wp-content\/uploads\/2025\/04\/Janssen-300x300.jpg\" alt=\"JANSSEN\" width=\"300\" height=\"300\" srcset=\"https:\/\/ovigor.pl\/wp-content\/uploads\/2025\/04\/Janssen-300x300.jpg 300w, https:\/\/ovigor.pl\/wp-content\/uploads\/2025\/04\/Janssen-150x150.jpg 150w, https:\/\/ovigor.pl\/wp-content\/uploads\/2025\/04\/Janssen-100x100.jpg 100w, https:\/\/ovigor.pl\/wp-content\/uploads\/2025\/04\/Janssen.jpg 400w\" sizes=\"(max-width: 300px) 100vw, 300px\" \/>\t\t<h2 class=\"woocommerce-loop-category__title\">\n\t\t\tJANSSEN<mark class=\"count\">1 produkt<\/mark>\t\t<\/h2>\n\t\t<\/a><\/li>\n<li class=\"product-category product last\">\n\t<a aria-label=\"Przejd\u017a do kategorii produktu REMY DE MAY\" href=\"https:\/\/ovigor.pl\/?product_cat=remy-de-may\"><img loading=\"lazy\" decoding=\"async\" src=\"https:\/\/ovigor.pl\/wp-content\/uploads\/2025\/04\/Remy_de_May-300x300.jpg\" alt=\"REMY DE MAY\" width=\"300\" height=\"300\" srcset=\"https:\/\/ovigor.pl\/wp-content\/uploads\/2025\/04\/Remy_de_May-300x300.jpg 300w, https:\/\/ovigor.pl\/wp-content\/uploads\/2025\/04\/Remy_de_May-150x150.jpg 150w, https:\/\/ovigor.pl\/wp-content\/uploads\/2025\/04\/Remy_de_May-100x100.jpg 100w, https:\/\/ovigor.pl\/wp-content\/uploads\/2025\/04\/Remy_de_May.jpg 400w\" sizes=\"(max-width: 300px) 100vw, 300px\" \/>\t\t<h2 class=\"woocommerce-loop-category__title\">\n\t\t\tREMY DE MAY<mark class=\"count\">1 produkt<\/mark>\t\t<\/h2>\n\t\t<\/a><\/li>\n<li class=\"product-category product first\">\n\t<a aria-label=\"Przejd\u017a do kategorii produktu VAN DE WEGEN\" href=\"https:\/\/ovigor.pl\/?product_cat=van-de-wagen\"><img loading=\"lazy\" decoding=\"async\" src=\"https:\/\/ovigor.pl\/wp-content\/uploads\/2023\/01\/van-den-wagen-300x300.jpg\" alt=\"VAN DE WEGEN\" width=\"300\" height=\"300\" srcset=\"https:\/\/ovigor.pl\/wp-content\/uploads\/2023\/01\/van-den-wagen-300x300.jpg 300w, https:\/\/ovigor.pl\/wp-content\/uploads\/2023\/01\/van-den-wagen-150x150.jpg 150w, https:\/\/ovigor.pl\/wp-content\/uploads\/2023\/01\/van-den-wagen.jpg 400w, https:\/\/ovigor.pl\/wp-content\/uploads\/2023\/01\/van-den-wagen-100x100.jpg 100w\" sizes=\"(max-width: 300px) 100vw, 300px\" \/>\t\t<h2 class=\"woocommerce-loop-category__title\">\n\t\t\tVAN DE WEGEN\t\t<\/h2>\n\t\t<\/a><\/li>\n<li class=\"product-category product\">\n\t<a aria-label=\"Przejd\u017a do kategorii produktu VAN LOON\" href=\"https:\/\/ovigor.pl\/?product_cat=van-loon\"><img loading=\"lazy\" decoding=\"async\" src=\"https:\/\/ovigor.pl\/wp-content\/uploads\/2025\/04\/Van_Loon-300x300.jpg\" alt=\"VAN LOON\" width=\"300\" height=\"300\" srcset=\"https:\/\/ovigor.pl\/wp-content\/uploads\/2025\/04\/Van_Loon-300x300.jpg 300w, https:\/\/ovigor.pl\/wp-content\/uploads\/2025\/04\/Van_Loon-150x150.jpg 150w, https:\/\/ovigor.pl\/wp-content\/uploads\/2025\/04\/Van_Loon-100x100.jpg 100w, https:\/\/ovigor.pl\/wp-content\/uploads\/2025\/04\/Van_Loon.jpg 400w\" sizes=\"(max-width: 300px) 100vw, 300px\" \/>\t\t<h2 class=\"woocommerce-loop-category__title\">\n\t\t\tVAN LOON<mark class=\"count\">5 produkt\u00f3w<\/mark>\t\t<\/h2>\n\t\t<\/a><\/li>\n<li class=\"product-category product\">\n\t<a aria-label=\"Przejd\u017a do kategorii produktu W. MULLER\" href=\"https:\/\/ovigor.pl\/?product_cat=w-muller\"><img loading=\"lazy\" decoding=\"async\" src=\"https:\/\/ovigor.pl\/wp-content\/uploads\/2025\/04\/Wim_Muller-1-300x300.jpg\" alt=\"W. MULLER\" width=\"300\" height=\"300\" srcset=\"https:\/\/ovigor.pl\/wp-content\/uploads\/2025\/04\/Wim_Muller-1-300x300.jpg 300w, https:\/\/ovigor.pl\/wp-content\/uploads\/2025\/04\/Wim_Muller-1-150x150.jpg 150w, https:\/\/ovigor.pl\/wp-content\/uploads\/2025\/04\/Wim_Muller-1-100x100.jpg 100w, https:\/\/ovigor.pl\/wp-content\/uploads\/2025\/04\/Wim_Muller-1.jpg 400w\" sizes=\"(max-width: 300px) 100vw, 300px\" \/>\t\t<h2 class=\"woocommerce-loop-category__title\">\n\t\t\tW. MULLER\t\t<\/h2>\n\t\t<\/a><\/li>\n<\/ul>\n<\/div>\n<\/div>\n\t\t\t\t\t\t<\/div>\n\t\t\t\t<\/div>\n\t\t\t\t\t<\/div>\n\t\t<\/div>\n\t\t\t\t\t<\/div>\n\t\t<\/section>\n\t\t\t\t<section class=\"elementor-section elementor-top-section elementor-element elementor-element-52c89ee elementor-section-boxed elementor-section-height-default elementor-section-height-default\" data-id=\"52c89ee\" data-element_type=\"section\" data-e-type=\"section\">\n\t\t\t\t\t\t<div class=\"elementor-container elementor-column-gap-default\">\n\t\t\t\t\t<div class=\"elementor-column elementor-col-100 elementor-top-column elementor-element elementor-element-41607af\" data-id=\"41607af\" data-element_type=\"column\" data-e-type=\"column\">\n\t\t\t<div class=\"elementor-widget-wrap elementor-element-populated\">\n\t\t\t\t\t\t<div class=\"elementor-element elementor-element-cc7719b elementor-widget elementor-widget-image\" data-id=\"cc7719b\" data-element_type=\"widget\" data-e-type=\"widget\" data-widget_type=\"image.default\">\n\t\t\t\t<div class=\"elementor-widget-container\">\n\t\t\t\t\t\t\t\t\t\t\t\t\t\t\t\t<a href=\"https:\/\/ovigor.pl\/\">\n\t\t\t\t\t\t\t<img decoding=\"async\" src=\"https:\/\/ovigor.pl\/wp-content\/uploads\/elementor\/thumbs\/Ovigor_Ponderosa_Logo-600X100-qq6gnoygcrhtuu5p50dzit4tmwwcuj40zz6xj6ry9q.png\" title=\"Ovigor Ponderosa Logo 600X100\" alt=\"Ovigor Ponderosa Logo 600X100\" loading=\"lazy\" \/>\t\t\t\t\t\t\t\t<\/a>\n\t\t\t\t\t\t\t\t\t\t\t\t\t\t\t<\/div>\n\t\t\t\t<\/div>\n\t\t\t\t\t<\/div>\n\t\t<\/div>\n\t\t\t\t\t<\/div>\n\t\t<\/section>\n\t\t\t\t<\/div>\n\t\t","protected":false},"excerpt":{"rendered":"<p>Go\u0142\u0119bie na sprzeda\u017c Aktualizacja Przejrzyj aktualn\u0105, dost\u0119pn\u0105 ofert\u0119 i skontaktuj si\u0119 telefonicznie lub mailowo Tel: +48 501-257-120E-mail: dariusz.burda@ovigor.eu Kontakt<\/p>\n","protected":false},"author":1,"featured_media":0,"parent":0,"menu_order":0,"comment_status":"closed","ping_status":"closed","template":"","meta":{"site-sidebar-layout":"no-sidebar","site-content-layout":"page-builder","ast-site-content-layout":"full-width-container","site-content-style":"unboxed","site-sidebar-style":"unboxed","ast-global-header-display":"","ast-banner-title-visibility":"","ast-main-header-display":"","ast-hfb-above-header-display":"","ast-hfb-below-header-display":"","ast-hfb-mobile-header-display":"","site-post-title":"disabled","ast-breadcrumbs-content":"","ast-featured-img":"disabled","footer-sml-layout":"","ast-disable-related-posts":"","theme-transparent-header-meta":"default","adv-header-id-meta":"","stick-header-meta":"","header-above-stick-meta":"","header-main-stick-meta":"","header-below-stick-meta":"","astra-migrate-meta-layouts":"set","ast-page-background-enabled":"default","ast-page-background-meta":{"desktop":{"background-color":"","background-image":"","background-repeat":"repeat","background-position":"center center","background-size":"auto","background-attachment":"scroll","background-type":"","background-media":"","overlay-type":"","overlay-color":"","overlay-opacity":"","overlay-gradient":""},"tablet":{"background-color":"","background-image":"","background-repeat":"repeat","background-position":"center center","background-size":"auto","background-attachment":"scroll","background-type":"","background-media":"","overlay-type":"","overlay-color":"","overlay-opacity":"","overlay-gradient":""},"mobile":{"background-color":"","background-image":"","background-repeat":"repeat","background-position":"center center","background-size":"auto","background-attachment":"scroll","background-type":"","background-media":"","overlay-type":"","overlay-color":"","overlay-opacity":"","overlay-gradient":""}},"ast-content-background-meta":{"desktop":{"background-color":"var(--ast-global-color-5)","background-image":"","background-repeat":"repeat","background-position":"center center","background-size":"auto","background-attachment":"scroll","background-type":"","background-media":"","overlay-type":"","overlay-color":"","overlay-opacity":"","overlay-gradient":""},"tablet":{"background-color":"var(--ast-global-color-5)","background-image":"","background-repeat":"repeat","background-position":"center center","background-size":"auto","background-attachment":"scroll","background-type":"","background-media":"","overlay-type":"","overlay-color":"","overlay-opacity":"","overlay-gradient":""},"mobile":{"background-color":"var(--ast-global-color-5)","background-image":"","background-repeat":"repeat","background-position":"center center","background-size":"auto","background-attachment":"scroll","background-type":"","background-media":"","overlay-type":"","overlay-color":"","overlay-opacity":"","overlay-gradient":""}},"footnotes":""},"class_list":["post-4861","page","type-page","status-publish","hentry"],"_links":{"self":[{"href":"https:\/\/ovigor.pl\/index.php?rest_route=\/wp\/v2\/pages\/4861","targetHints":{"allow":["GET"]}}],"collection":[{"href":"https:\/\/ovigor.pl\/index.php?rest_route=\/wp\/v2\/pages"}],"about":[{"href":"https:\/\/ovigor.pl\/index.php?rest_route=\/wp\/v2\/types\/page"}],"author":[{"embeddable":true,"href":"https:\/\/ovigor.pl\/index.php?rest_route=\/wp\/v2\/users\/1"}],"replies":[{"embeddable":true,"href":"https:\/\/ovigor.pl\/index.php?rest_route=%2Fwp%2Fv2%2Fcomments&post=4861"}],"version-history":[{"count":39,"href":"https:\/\/ovigor.pl\/index.php?rest_route=\/wp\/v2\/pages\/4861\/revisions"}],"predecessor-version":[{"id":9694,"href":"https:\/\/ovigor.pl\/index.php?rest_route=\/wp\/v2\/pages\/4861\/revisions\/9694"}],"wp:attachment":[{"href":"https:\/\/ovigor.pl\/index.php?rest_route=%2Fwp%2Fv2%2Fmedia&parent=4861"}],"curies":[{"name":"wp","href":"https:\/\/api.w.org\/{rel}","templated":true}]}}