{"id":8179,"date":"2024-11-14T17:06:41","date_gmt":"2024-11-14T16:06:41","guid":{"rendered":"https:\/\/ovigor.pl\/?page_id=8179"},"modified":"2024-11-21T14:55:03","modified_gmt":"2024-11-21T13:55:03","slug":"europaische-fonds","status":"publish","type":"page","link":"https:\/\/ovigor.pl\/?page_id=8179&lang=de","title":{"rendered":"Europ\u00e4ische Fonds"},"content":{"rendered":"<p><img fetchpriority=\"high\" decoding=\"async\" class=\"wp-image-6295 aligncenter\" src=\"https:\/\/ovigor.pl\/wp-content\/uploads\/2023\/05\/stopka-300x30.jpg\" alt=\"\" width=\"790\" height=\"79\" srcset=\"https:\/\/ovigor.pl\/wp-content\/uploads\/2023\/05\/stopka-300x30.jpg 300w, https:\/\/ovigor.pl\/wp-content\/uploads\/2023\/05\/stopka-1024x101.jpg 1024w, https:\/\/ovigor.pl\/wp-content\/uploads\/2023\/05\/stopka-768x76.jpg 768w, https:\/\/ovigor.pl\/wp-content\/uploads\/2023\/05\/stopka-600x59.jpg 600w, https:\/\/ovigor.pl\/wp-content\/uploads\/2023\/05\/stopka.jpg 1387w\" sizes=\"(max-width: 790px) 100vw, 790px\" \/><\/p>\n<p style=\"text-align: center;\"><strong>OVIGOR Gesellschaft mit beschr\u00e4nkter Haftung <\/strong><\/p>\n<p style=\"text-align: center;\">setzt ein von europ\u00e4ischen Fonds kofinanziertes Projekt<br \/>\nmit dem Namen um <em>\u201eAusbau der wirtschaftlichen Zusammenarbeit und F\u00f6rderung des Unternehmens OVIGOR auf dem Weltmarkt.\u201c<\/em><\/p>\n<p style=\"text-align: center;\">Das Hauptziel des Projekts besteht darin, den Exportumsatz durch die Vermarktung von Produkten der Marke Ovigor auf ausl\u00e4ndischen europ\u00e4ischen M\u00e4rkten zu steigern. Die beworbenen Produkte zeichnen sich durch viele Wettbewerbsvorteile gegen\u00fcber \u00e4hnlichen in der Branche angebotenen Produkten aus, daher ist ihre entsprechende Werbung notwendig, um den Exportumsatz zu steigern.<\/p>\n<p style=\"text-align: center;\"><strong>Projektwert:<\/strong> 277.435,56 PLN<\/p>\n<p style=\"text-align: center;\"><strong>EU-Projektf\u00f6rderung:<\/strong> 194.204,89 PLN<\/p>\n<p><img decoding=\"async\" class=\"size-medium wp-image-6294 aligncenter\" src=\"https:\/\/ovigor.pl\/wp-content\/uploads\/2023\/05\/opo-300x74.png\" alt=\"\" height=\"74\" srcset=\"https:\/\/ovigor.pl\/wp-content\/uploads\/2023\/05\/opo-300x74.png 300w, https:\/\/ovigor.pl\/wp-content\/uploads\/2023\/05\/opo.png 360w\" sizes=\"(max-width: 300px) 100vw, 300px\" \/><\/p>\n<hr \/>\n<p>Im Rahmen des Projekts erstellte Materialien:<\/p>\n<ul>\n<li>Informationsmaterialien:\n<ul>\n<li><a href=\"https:\/\/ovigor.pl\/wp-content\/uploads\/2023\/05\/PLAKAT_EFRR_2.4.-OVIGOR.pdf\" target=\"_blank\" rel=\"noopener\">Projektplakat<\/a><\/li>\n<\/ul>\n<\/li>\n<li>Produktetiketten:\n<ul>\n<li><a href=\"https:\/\/ovigor.pl\/wp-content\/uploads\/2023\/05\/JodPower-1.pdf\" target=\"_blank\" rel=\"noopener\">JodPower<\/a><\/li>\n<li><a href=\"https:\/\/ovigor.pl\/wp-content\/uploads\/2023\/05\/ProteinaTABS.pdf\" target=\"_blank\" rel=\"noopener\">Protein 66 % TABS<\/a><\/li>\n<li><a href=\"https:\/\/ovigor.pl\/wp-content\/uploads\/2023\/05\/PowerMixTABS.pdf\" target=\"_blank\" rel=\"noopener\">PowerMix-TABS<\/a><\/li>\n<li><a href=\"https:\/\/ovigor.pl\/wp-content\/uploads\/2023\/05\/RobAutTABS.pdf\" target=\"_blank\" rel=\"noopener\">RobAut-TABS<\/a><\/li>\n<\/ul>\n<\/li>\n<li>Produktkataloge:\n<ul>\n<li><a href=\"https:\/\/ovigor.pl\/wp-content\/uploads\/2023\/05\/PL_Katalog_2019.pdf\" target=\"_blank\" rel=\"noopener\">Polnisch<\/a><\/li>\n<li><a href=\"https:\/\/ovigor.pl\/wp-content\/uploads\/2023\/05\/EN_Katalog_2019.pdf\" target=\"_blank\" rel=\"noopener\">Englisch<\/a><\/li>\n<li><a href=\"https:\/\/ovigor.pl\/wp-content\/uploads\/2023\/05\/DE_Katalog_2019.pdf\" target=\"_blank\" rel=\"noopener\">Deutsch<\/a><\/li>\n<li><a href=\"https:\/\/ovigor.pl\/wp-content\/uploads\/2023\/05\/FR_Katalog_2019.pdf\" target=\"_blank\" rel=\"noopener\">Franz\u00f6sisch<\/a><\/li>\n<li><a href=\"https:\/\/ovigor.pl\/wp-content\/uploads\/2023\/05\/NL_Katalog_2019.pdf\" target=\"_blank\" rel=\"noopener\">Niederl\u00e4ndisch<\/a><\/li>\n<li><a href=\"https:\/\/ovigor.pl\/wp-content\/uploads\/2023\/05\/ZH_Katalog_2019.pdf\" target=\"_blank\" rel=\"noopener\">Chinesisch<\/a><\/li>\n<li><a href=\"https:\/\/ovigor.pl\/wp-content\/uploads\/2023\/05\/HU_Katalog_2019.pdf\" target=\"_blank\" rel=\"noopener\">Ungarisch<\/a><\/li>\n<li><a href=\"https:\/\/ovigor.pl\/wp-content\/uploads\/2023\/05\/RO_Katalog_2019.pdf\" target=\"_blank\" rel=\"noopener\">Rum\u00e4nisch<\/a><\/li>\n<li><a href=\"https:\/\/ovigor.pl\/wp-content\/uploads\/2023\/05\/BG_Katalog_2019.pdf\" target=\"_blank\" rel=\"noopener\">Bulgarisch<\/a><\/li>\n<li><a href=\"https:\/\/ovigor.pl\/wp-content\/uploads\/2023\/05\/SK_Katalog_2019.pdf\" target=\"_blank\" rel=\"noopener\">Slowakisch<\/a><\/li>\n<li><a href=\"https:\/\/ovigor.pl\/wp-content\/uploads\/2023\/05\/PT_Katalog_2019.pdf\" target=\"_blank\" rel=\"noopener\">Portugiesisch<\/a><\/li>\n<li><a href=\"https:\/\/ovigor.pl\/wp-content\/uploads\/2023\/05\/IT_Katalog_2019.pdf\" target=\"_blank\" rel=\"noopener\">Italienisch<\/a><\/li>\n<\/ul>\n<\/li>\n<li>Videomaterialien:\n<ul>\n<li><a href=\"https:\/\/www.youtube.com\/watch?v=zJwAzBi6HDI\">Eine M\u00f6glichkeit, Ihre Tauben das ganze Jahr \u00fcber in Form zu halten! PowerMix<\/a><\/li>\n<li><a href=\"https:\/\/www.youtube.com\/watch?v=JeeLY51ajVA\">Ein Rezept f\u00fcr gesunde Taubenk\u00f6rper frei von inneren Parasiten! RobAut-TABS<\/a><\/li>\n<li><a href=\"https:\/\/www.youtube.com\/watch?v=bWvU9AK9cCs\">Der Einfluss von Jod auf die Gesundheit und den Reisezustand von Brieftauben! JodPower<\/a><\/li>\n<li><a href=\"https:\/\/www.youtube.com\/watch?v=esKJ_vmyWdc\">Warum sollte Protein in jedem Loft enthalten sein? Protein 66 % TABS<\/a><\/li>\n<li><a href=\"https:\/\/www.youtube.com\/watch?v=9rZbUJetkZU\">Ratschl\u00e4ge von Branchenspezialisten<\/a><\/li>\n<\/ul>\n<\/li>\n<\/ul>\n<h4 style=\"text-align: left;\">Ein Rezept f\u00fcr gesunde Taubenk\u00f6rper frei von inneren Parasiten!<\/h4>\n<p><iframe title=\"YouTube-Videoplayer\" src=\"https:\/\/www.youtube.com\/embed\/JeeLY51ajVA\" width=\"560\" height=\"315\" frameborder=\"0\" allowfullscreen=\"allowfullscreen\"> <\/iframe><\/p>\n<h4>Der Einfluss von Jod auf die Gesundheit und die Reiseleistung von Brieftauben! JodPower<\/h4>\n<p><iframe title=\"YouTube-Videoplayer\" src=\"https:\/\/www.youtube.com\/embed\/bWvU9AK9cCs\" width=\"560\" height=\"315\" frameborder=\"0\" allowfullscreen=\"allowfullscreen\"> <\/iframe><\/p>\n<h4>Warum sollte Protein in jedem Schlag enthalten sein? Protein 66<\/h4>\n<p><iframe title=\"YouTube-Videoplayer\" src=\"https:\/\/www.youtube.com\/embed\/esKJ_vmyWdc\" width=\"560\" height=\"315\" frameborder=\"0\" allowfullscreen=\"allowfullscreen\"> <\/iframe><\/p>\n<h4>Eine M\u00f6glichkeit, Ihre Tauben das ganze Jahr \u00fcber in Form zu halten! PowerMix<\/h4>\n<p><iframe title=\"YouTube-Videoplayer\" src=\"https:\/\/www.youtube.com\/embed\/zJwAzBi6HDI\" width=\"560\" height=\"315\" frameborder=\"0\" allowfullscreen=\"allowfullscreen\"> <\/iframe><\/p>\n<h4>Ratschl\u00e4ge von Branchenspezialisten<\/h4>\n<p><iframe title=\"YouTube-Videoplayer\" src=\"https:\/\/www.youtube.com\/embed\/9rZbUJetkZU\" width=\"560\" height=\"315\" frameborder=\"0\" align=\"center\" allowfullscreen=\"allowfullscreen\"><\/iframe><\/p>\n","protected":false},"excerpt":{"rendered":"<p>OVIGOR Gesellschaft mit beschr\u00e4nkter Haftung setzt ein von europ\u00e4ischen Fonds kofinanziertes Projekt mit dem Namen um \u201eAusbau der wirtschaftlichen Zusammenarbeit und F\u00f6rderung des Unternehmens OVIGOR auf dem Weltmarkt.\u201c Das Hauptziel des Projekts besteht darin, den Exportumsatz durch die Vermarktung von Produkten der Marke Ovigor auf ausl\u00e4ndischen europ\u00e4ischen M\u00e4rkten zu steigern. Die beworbenen Produkte zeichnen sich [&hellip;]<\/p>\n","protected":false},"author":7,"featured_media":0,"parent":0,"menu_order":0,"comment_status":"closed","ping_status":"closed","template":"","meta":{"site-sidebar-layout":"default","site-content-layout":"default","ast-site-content-layout":"default","site-content-style":"default","site-sidebar-style":"default","ast-global-header-display":"","ast-banner-title-visibility":"","ast-main-header-display":"","ast-hfb-above-header-display":"","ast-hfb-below-header-display":"","ast-hfb-mobile-header-display":"","site-post-title":"","ast-breadcrumbs-content":"","ast-featured-img":"","footer-sml-layout":"","ast-disable-related-posts":"","theme-transparent-header-meta":"default","adv-header-id-meta":"","stick-header-meta":"","header-above-stick-meta":"","header-main-stick-meta":"","header-below-stick-meta":"","astra-migrate-meta-layouts":"set","ast-page-background-enabled":"default","ast-page-background-meta":{"desktop":{"background-color":"","background-image":"","background-repeat":"repeat","background-position":"center center","background-size":"auto","background-attachment":"scroll","background-type":"","background-media":"","overlay-type":"","overlay-color":"","overlay-opacity":"","overlay-gradient":""},"tablet":{"background-color":"","background-image":"","background-repeat":"repeat","background-position":"center center","background-size":"auto","background-attachment":"scroll","background-type":"","background-media":"","overlay-type":"","overlay-color":"","overlay-opacity":"","overlay-gradient":""},"mobile":{"background-color":"","background-image":"","background-repeat":"repeat","background-position":"center center","background-size":"auto","background-attachment":"scroll","background-type":"","background-media":"","overlay-type":"","overlay-color":"","overlay-opacity":"","overlay-gradient":""}},"ast-content-background-meta":{"desktop":{"background-color":"var(--ast-global-color-5)","background-image":"","background-repeat":"repeat","background-position":"center center","background-size":"auto","background-attachment":"scroll","background-type":"","background-media":"","overlay-type":"","overlay-color":"","overlay-opacity":"","overlay-gradient":""},"tablet":{"background-color":"var(--ast-global-color-5)","background-image":"","background-repeat":"repeat","background-position":"center center","background-size":"auto","background-attachment":"scroll","background-type":"","background-media":"","overlay-type":"","overlay-color":"","overlay-opacity":"","overlay-gradient":""},"mobile":{"background-color":"var(--ast-global-color-5)","background-image":"","background-repeat":"repeat","background-position":"center center","background-size":"auto","background-attachment":"scroll","background-type":"","background-media":"","overlay-type":"","overlay-color":"","overlay-opacity":"","overlay-gradient":""}},"footnotes":""},"class_list":["post-8179","page","type-page","status-publish","hentry"],"_links":{"self":[{"href":"https:\/\/ovigor.pl\/index.php?rest_route=\/wp\/v2\/pages\/8179","targetHints":{"allow":["GET"]}}],"collection":[{"href":"https:\/\/ovigor.pl\/index.php?rest_route=\/wp\/v2\/pages"}],"about":[{"href":"https:\/\/ovigor.pl\/index.php?rest_route=\/wp\/v2\/types\/page"}],"author":[{"embeddable":true,"href":"https:\/\/ovigor.pl\/index.php?rest_route=\/wp\/v2\/users\/7"}],"replies":[{"embeddable":true,"href":"https:\/\/ovigor.pl\/index.php?rest_route=%2Fwp%2Fv2%2Fcomments&post=8179"}],"version-history":[{"count":7,"href":"https:\/\/ovigor.pl\/index.php?rest_route=\/wp\/v2\/pages\/8179\/revisions"}],"predecessor-version":[{"id":8528,"href":"https:\/\/ovigor.pl\/index.php?rest_route=\/wp\/v2\/pages\/8179\/revisions\/8528"}],"wp:attachment":[{"href":"https:\/\/ovigor.pl\/index.php?rest_route=%2Fwp%2Fv2%2Fmedia&parent=8179"}],"curies":[{"name":"wp","href":"https:\/\/api.w.org\/{rel}","templated":true}]}}