{"id":4019,"date":"2022-08-08T13:26:21","date_gmt":"2022-08-08T11:26:21","guid":{"rendered":"https:\/\/ovigor.pl\/?post_type=product&#038;p=4019"},"modified":"2024-11-19T17:56:22","modified_gmt":"2024-11-19T16:56:22","slug":"nakark","status":"publish","type":"product","link":"https:\/\/ovigor.pl\/?product=nakark","title":{"rendered":"NaKark"},"content":{"rendered":"<p><strong>(PL)<\/strong> Preparat do piel\u0119gnacji upierzenia i sk\u00f3ry go\u0142\u0119bia.<\/p>\n<p><strong>Sk\u0142ad: <\/strong>Ekstrakty ro\u015blinne z orzecha w\u0142oskiego, pio\u0142unu, wrotyczu<\/p>\n<p><strong>W\u0142a\u015bciwo\u015bci: <\/strong>Preparat zwalcza i zapobiega rozprzestrzenianiu si\u0119 paso\u017cyt\u00f3w zewn\u0119trznych na sk\u00f3rze i upierzeniu go\u0142\u0119bi. Zwalcza pch\u0142y, wszy, pi\u00f3rojady, \u015bwierzbowce. NaKark mo\u017cna stosowa\u0107 r\u00f3wnie\u017c u ptak\u00f3w ozdobnych.<\/p>\n<p><strong>Podawanie:<br \/>\n<\/strong>Profilaktycznie: 2 krople na 1kg wagi cia\u0142a. Aplikowa\u0107 na sk\u00f3r\u0119 karku (u go\u0142\u0119bi 1 kropla)<\/p>\n<p>U nosicieli paso\u017cyt\u00f3w: 6 kropli na 1 kg wagi cia\u0142a. Aplikowa\u0107 po 2 krople na sk\u00f3r\u0119 karku oraz po 2 na skrzyd\u0142a (u go\u0142\u0119bi po 1 kropli)<\/p>\n<p>Skuteczno\u015b\u0107 po zaaplikowaniu do 6 tygodni. Preparat wystarcza na oko\u0142o 200-400 sztuk.<\/p>\n<p><strong>Obj\u0119to\u015b\u0107 netto:<\/strong> 25 ml<\/p>\n","protected":false},"excerpt":{"rendered":"<p>(PL) Preparat do piel\u0119gnacji upierzenia i sk\u00f3ry go\u0142\u0119bia. Sk\u0142ad: Ekstrakty ro\u015blinne z orzecha w\u0142oskiego, pio\u0142unu, wrotyczu W\u0142a\u015bciwo\u015bci: Preparat zwalcza i zapobiega rozprzestrzenianiu si\u0119 paso\u017cyt\u00f3w zewn\u0119trznych na sk\u00f3rze i upierzeniu go\u0142\u0119bi. Zwalcza pch\u0142y, wszy, pi\u00f3rojady, \u015bwierzbowce. NaKark mo\u017cna stosowa\u0107 r\u00f3wnie\u017c u ptak\u00f3w ozdobnych. Podawanie: Profilaktycznie: 2 krople na 1kg wagi cia\u0142a. Aplikowa\u0107 na sk\u00f3r\u0119 karku (u [&hellip;]<\/p>\n","protected":false},"featured_media":7587,"template":"","meta":{"site-sidebar-layout":"default","site-content-layout":"default","ast-site-content-layout":"default","site-content-style":"default","site-sidebar-style":"default","ast-global-header-display":"","ast-banner-title-visibility":"","ast-main-header-display":"","ast-hfb-above-header-display":"","ast-hfb-below-header-display":"","ast-hfb-mobile-header-display":"","site-post-title":"","ast-breadcrumbs-content":"","ast-featured-img":"","footer-sml-layout":"","ast-disable-related-posts":"","theme-transparent-header-meta":"default","adv-header-id-meta":"","stick-header-meta":"","header-above-stick-meta":"","header-main-stick-meta":"","header-below-stick-meta":"","astra-migrate-meta-layouts":"set","ast-page-background-enabled":"default","ast-page-background-meta":{"desktop":{"background-color":"","background-image":"","background-repeat":"repeat","background-position":"center center","background-size":"auto","background-attachment":"scroll","background-type":"","background-media":"","overlay-type":"","overlay-color":"","overlay-opacity":"","overlay-gradient":""},"tablet":{"background-color":"","background-image":"","background-repeat":"repeat","background-position":"center center","background-size":"auto","background-attachment":"scroll","background-type":"","background-media":"","overlay-type":"","overlay-color":"","overlay-opacity":"","overlay-gradient":""},"mobile":{"background-color":"","background-image":"","background-repeat":"repeat","background-position":"center center","background-size":"auto","background-attachment":"scroll","background-type":"","background-media":"","overlay-type":"","overlay-color":"","overlay-opacity":"","overlay-gradient":""}},"ast-content-background-meta":{"desktop":{"background-color":"var(--ast-global-color-5)","background-image":"","background-repeat":"repeat","background-position":"center center","background-size":"auto","background-attachment":"scroll","background-type":"","background-media":"","overlay-type":"","overlay-color":"","overlay-opacity":"","overlay-gradient":""},"tablet":{"background-color":"var(--ast-global-color-5)","background-image":"","background-repeat":"repeat","background-position":"center center","background-size":"auto","background-attachment":"scroll","background-type":"","background-media":"","overlay-type":"","overlay-color":"","overlay-opacity":"","overlay-gradient":""},"mobile":{"background-color":"var(--ast-global-color-5)","background-image":"","background-repeat":"repeat","background-position":"center center","background-size":"auto","background-attachment":"scroll","background-type":"","background-media":"","overlay-type":"","overlay-color":"","overlay-opacity":"","overlay-gradient":""}}},"product_brand":[],"product_cat":[85,97,92,95,128],"product_tag":[],"class_list":{"0":"post-4019","1":"product","2":"type-product","3":"status-publish","4":"has-post-thumbnail","6":"product_cat-bestsellery-pl","7":"product_cat-higiena-golebi_i_golebnika","8":"product_cat-profilaktyka-i-zdrowie","9":"product_cat-upierzenie","10":"product_cat-wystawy-przygotowanie","11":"desktop-align-center","12":"tablet-align-left","13":"mobile-align-left","15":"first","16":"instock","17":"virtual","18":"product-type-simple"},"_links":{"self":[{"href":"https:\/\/ovigor.pl\/index.php?rest_route=\/wp\/v2\/product\/4019","targetHints":{"allow":["GET"]}}],"collection":[{"href":"https:\/\/ovigor.pl\/index.php?rest_route=\/wp\/v2\/product"}],"about":[{"href":"https:\/\/ovigor.pl\/index.php?rest_route=\/wp\/v2\/types\/product"}],"wp:featuredmedia":[{"embeddable":true,"href":"https:\/\/ovigor.pl\/index.php?rest_route=\/wp\/v2\/media\/7587"}],"wp:attachment":[{"href":"https:\/\/ovigor.pl\/index.php?rest_route=%2Fwp%2Fv2%2Fmedia&parent=4019"}],"wp:term":[{"taxonomy":"product_brand","embeddable":true,"href":"https:\/\/ovigor.pl\/index.php?rest_route=%2Fwp%2Fv2%2Fproduct_brand&post=4019"},{"taxonomy":"product_cat","embeddable":true,"href":"https:\/\/ovigor.pl\/index.php?rest_route=%2Fwp%2Fv2%2Fproduct_cat&post=4019"},{"taxonomy":"product_tag","embeddable":true,"href":"https:\/\/ovigor.pl\/index.php?rest_route=%2Fwp%2Fv2%2Fproduct_tag&post=4019"}],"curies":[{"name":"wp","href":"https:\/\/api.w.org\/{rel}","templated":true}]}}