{"id":4192,"date":"2022-09-26T09:12:48","date_gmt":"2022-09-26T07:12:48","guid":{"rendered":"https:\/\/ovigor.pl\/?post_type=product&#038;p=4192"},"modified":"2024-11-19T17:07:36","modified_gmt":"2024-11-19T16:07:36","slug":"ovinegar-8-ocet-jablkowy","status":"publish","type":"product","link":"https:\/\/ovigor.pl\/?product=ovinegar-8-ocet-jablkowy","title":{"rendered":"OviNegar 8% (ocet jab\u0142kowy)"},"content":{"rendered":"<p><strong>(PL)<\/strong> Uzupe\u0142niaj\u0105ca mieszanka paszowa dla go\u0142\u0119bi \u2013 naturalny hamulec infekcji<\/p>\n<p><strong>Sk\u0142adniki analityczne: <\/strong>wilgotno\u015b\u0107 96%<\/p>\n<p><strong>Sk\u0142ad: <\/strong>naturalny ocet jab\u0142kowy<\/p>\n<p><strong>W\u0142a\u015bciwo\u015bci: <\/strong>Dowiedziono, \u017ce ocet jab\u0142kowy jest idealnym zakwaszaczem, gwarantuj\u0105cym w\u0142a\u015bciw\u0105 kwasowo\u015b\u0107 przewodu pokarmowego go\u0142\u0119bia (niskie pH) stwarzaj\u0105c \u015brodowisko wolne od bakterii \u00a0(np.coli, salmonelli itd.). OviNegar o optymalnej 8%-wej kwasowo\u015bci, hamuje wytwarzanie szkodliwej flory w wodzie pitnej. Korzystnie wp\u0142ywa na prawid\u0142owe ci\u015bnienie krwi i uk\u0142ad trawienny go\u0142\u0119bi. Dzi\u0119ki specjalnemu procesowi pozyskiwania nie wykazuje charakterystycznego dla octu nieprzyjemnego zapachu.<\/p>\n<p><strong>Podawanie: <\/strong>10 ml \/ 1 litr wody:<br \/>\nprzez ca\u0142y rok 2-3 razy w tygodniu. W okresie przed parowaniem oraz gdy m\u0142ode s\u0105 po odsadzeniu, preparat nale\u017cy podawa\u0107 codziennie przez 10 dni.<\/p>\n<p><strong>Obj\u0119to\u015b\u0107 netto:<\/strong> 1000 ml<\/p>\n","protected":false},"excerpt":{"rendered":"<p>(PL) Uzupe\u0142niaj\u0105ca mieszanka paszowa dla go\u0142\u0119bi \u2013 naturalny hamulec infekcji Sk\u0142adniki analityczne: wilgotno\u015b\u0107 96% Sk\u0142ad: naturalny ocet jab\u0142kowy W\u0142a\u015bciwo\u015bci: Dowiedziono, \u017ce ocet jab\u0142kowy jest idealnym zakwaszaczem, gwarantuj\u0105cym w\u0142a\u015bciw\u0105 kwasowo\u015b\u0107 przewodu pokarmowego go\u0142\u0119bia (niskie pH) stwarzaj\u0105c \u015brodowisko wolne od bakterii \u00a0(np.coli, salmonelli itd.). OviNegar o optymalnej 8%-wej kwasowo\u015bci, hamuje wytwarzanie szkodliwej flory w wodzie pitnej. Korzystnie [&hellip;]<\/p>\n","protected":false},"featured_media":7570,"template":"","meta":{"site-sidebar-layout":"default","site-content-layout":"default","ast-site-content-layout":"default","site-content-style":"default","site-sidebar-style":"default","ast-global-header-display":"","ast-banner-title-visibility":"","ast-main-header-display":"","ast-hfb-above-header-display":"","ast-hfb-below-header-display":"","ast-hfb-mobile-header-display":"","site-post-title":"","ast-breadcrumbs-content":"","ast-featured-img":"","footer-sml-layout":"","ast-disable-related-posts":"","theme-transparent-header-meta":"default","adv-header-id-meta":"","stick-header-meta":"","header-above-stick-meta":"","header-main-stick-meta":"","header-below-stick-meta":"","astra-migrate-meta-layouts":"set","ast-page-background-enabled":"default","ast-page-background-meta":{"desktop":{"background-color":"","background-image":"","background-repeat":"repeat","background-position":"center center","background-size":"auto","background-attachment":"scroll","background-type":"","background-media":"","overlay-type":"","overlay-color":"","overlay-opacity":"","overlay-gradient":""},"tablet":{"background-color":"","background-image":"","background-repeat":"repeat","background-position":"center center","background-size":"auto","background-attachment":"scroll","background-type":"","background-media":"","overlay-type":"","overlay-color":"","overlay-opacity":"","overlay-gradient":""},"mobile":{"background-color":"","background-image":"","background-repeat":"repeat","background-position":"center center","background-size":"auto","background-attachment":"scroll","background-type":"","background-media":"","overlay-type":"","overlay-color":"","overlay-opacity":"","overlay-gradient":""}},"ast-content-background-meta":{"desktop":{"background-color":"var(--ast-global-color-5)","background-image":"","background-repeat":"repeat","background-position":"center center","background-size":"auto","background-attachment":"scroll","background-type":"","background-media":"","overlay-type":"","overlay-color":"","overlay-opacity":"","overlay-gradient":""},"tablet":{"background-color":"var(--ast-global-color-5)","background-image":"","background-repeat":"repeat","background-position":"center center","background-size":"auto","background-attachment":"scroll","background-type":"","background-media":"","overlay-type":"","overlay-color":"","overlay-opacity":"","overlay-gradient":""},"mobile":{"background-color":"var(--ast-global-color-5)","background-image":"","background-repeat":"repeat","background-position":"center center","background-size":"auto","background-attachment":"scroll","background-type":"","background-media":"","overlay-type":"","overlay-color":"","overlay-opacity":"","overlay-gradient":""}}},"product_brand":[],"product_cat":[92],"product_tag":[],"class_list":{"0":"post-4192","1":"product","2":"type-product","3":"status-publish","4":"has-post-thumbnail","6":"product_cat-profilaktyka-i-zdrowie","7":"desktop-align-center","8":"tablet-align-left","9":"mobile-align-left","11":"first","12":"instock","13":"shipping-taxable","14":"product-type-simple"},"_links":{"self":[{"href":"https:\/\/ovigor.pl\/index.php?rest_route=\/wp\/v2\/product\/4192","targetHints":{"allow":["GET"]}}],"collection":[{"href":"https:\/\/ovigor.pl\/index.php?rest_route=\/wp\/v2\/product"}],"about":[{"href":"https:\/\/ovigor.pl\/index.php?rest_route=\/wp\/v2\/types\/product"}],"wp:featuredmedia":[{"embeddable":true,"href":"https:\/\/ovigor.pl\/index.php?rest_route=\/wp\/v2\/media\/7570"}],"wp:attachment":[{"href":"https:\/\/ovigor.pl\/index.php?rest_route=%2Fwp%2Fv2%2Fmedia&parent=4192"}],"wp:term":[{"taxonomy":"product_brand","embeddable":true,"href":"https:\/\/ovigor.pl\/index.php?rest_route=%2Fwp%2Fv2%2Fproduct_brand&post=4192"},{"taxonomy":"product_cat","embeddable":true,"href":"https:\/\/ovigor.pl\/index.php?rest_route=%2Fwp%2Fv2%2Fproduct_cat&post=4192"},{"taxonomy":"product_tag","embeddable":true,"href":"https:\/\/ovigor.pl\/index.php?rest_route=%2Fwp%2Fv2%2Fproduct_tag&post=4192"}],"curies":[{"name":"wp","href":"https:\/\/api.w.org\/{rel}","templated":true}]}}