{"id":4212,"date":"2022-09-26T09:45:49","date_gmt":"2022-09-26T07:45:49","guid":{"rendered":"https:\/\/ovigor.pl\/?post_type=product&#038;p=4212"},"modified":"2024-11-19T16:46:54","modified_gmt":"2024-11-19T15:46:54","slug":"vitamixor-ese","status":"publish","type":"product","link":"https:\/\/ovigor.pl\/?product=vitamixor-ese","title":{"rendered":"VitaMixor\u00ae E+Se"},"content":{"rendered":"<p><strong>(PL)<\/strong> Uzupe\u0142niaj\u0105ca mieszanka paszowa w p\u0142ynie dla go\u0142\u0119bi.<\/p>\n<p><strong>Sk\u0142adniki analityczne: <\/strong>wilgotno\u015b\u0107: 75,1%, bia\u0142ko surowe: 0,4%, w\u0142\u00f3kno surowe &lt; 0,3%, oleje i t\u0142uszcze surowe &lt; 15,4%, popi\u00f3\u0142 surowy: 0,1%, lizyna: 0,0%, metionina: 0,0%, s\u00f3d: 0,03%<\/p>\n<p><strong>Sk\u0142ad: <\/strong>glicerol, chlorek sodu<\/p>\n<p><strong>Dodatki na 1l:<\/strong><strong><br \/>\n<\/strong><strong style=\"font-size: 16px;\">Dietetyczne:<br \/>\n<\/strong>3a700 Witamina E 100 000 mg<br \/>\n3bE8 Selen (selenin sodu) 50 mg<br \/>\n3a Witamina B12 (cyjanokobalamina) 10 mg<br \/>\n3a315 Niacynamid 20 000 mg<br \/>\n3a841 Kwas pantotenowy (D-pantotenian wapnia) 2 500 mg<br \/>\n<strong>Technologiczne:<br \/>\n<\/strong>1cE433 Monooleinian poliksyetylenosorbitolu<br \/>\n1bE321 przeciwutleniacz (BHT)<br \/>\n1aE202 Sorbinian potasu<br \/>\n<strong>Sensoryczne:<br \/>\n<\/strong>2b Fenol Flavis No. 04.041.<\/p>\n<p><strong>W\u0142a\u015bciwo\u015bci: <\/strong>Witamina E jest niezb\u0119dna do utrzymania wysokiej p\u0142odno\u015bci oraz zachowania sprawno\u015bci fizjologicznej mi\u0119\u015bni i naczy\u0144 krwiono\u015bnych. Selen w po\u0142\u0105czeniu z witamin\u0105 E korzystnie wp\u0142ywa na prawid\u0142owy rozw\u00f3j i budow\u0119 mi\u0119\u015bni. VitaMixor E+Se podawa\u0107 w okresie rozrodu, przed \u0142\u0105czeniem w pary i w okresie lot\u00f3w oraz przy niedoborze witaminy E i selenu.<\/p>\n<p><strong>\u00a0<\/strong><strong>Podawanie: <\/strong>5 ml \/ 1 litr wody- 1 x dziennie<br \/>\nparowanie- 3 x w tygodniu, na 30 dni przed dniem \u0142\u0105czenia w pary<\/p>\n<p><strong>Przechowywanie: <\/strong>W oryginalnym opakowaniu, chroni\u0107 przed wilgoci\u0105 i \u015bwiat\u0142em, w temperaturze do 25\u00a0 C, w miejscach niedost\u0119pnych dla dzieci.<\/p>\n<p><strong>Obj\u0119to\u015b\u0107 netto: <\/strong>250ml<\/p>\n","protected":false},"excerpt":{"rendered":"<p>(PL) Uzupe\u0142niaj\u0105ca mieszanka paszowa w p\u0142ynie dla go\u0142\u0119bi. Sk\u0142adniki analityczne: wilgotno\u015b\u0107: 75,1%, bia\u0142ko surowe: 0,4%, w\u0142\u00f3kno surowe &lt; 0,3%, oleje i t\u0142uszcze surowe &lt; 15,4%, popi\u00f3\u0142 surowy: 0,1%, lizyna: 0,0%, metionina: 0,0%, s\u00f3d: 0,03% Sk\u0142ad: glicerol, chlorek sodu Dodatki na 1l: Dietetyczne: 3a700 Witamina E 100 000 mg 3bE8 Selen (selenin sodu) 50 mg 3a [&hellip;]<\/p>\n","protected":false},"featured_media":7564,"template":"","meta":{"site-sidebar-layout":"default","site-content-layout":"default","ast-site-content-layout":"default","site-content-style":"default","site-sidebar-style":"default","ast-global-header-display":"","ast-banner-title-visibility":"","ast-main-header-display":"","ast-hfb-above-header-display":"","ast-hfb-below-header-display":"","ast-hfb-mobile-header-display":"","site-post-title":"","ast-breadcrumbs-content":"","ast-featured-img":"","footer-sml-layout":"","ast-disable-related-posts":"","theme-transparent-header-meta":"default","adv-header-id-meta":"","stick-header-meta":"","header-above-stick-meta":"","header-main-stick-meta":"","header-below-stick-meta":"","astra-migrate-meta-layouts":"set","ast-page-background-enabled":"default","ast-page-background-meta":{"desktop":{"background-color":"","background-image":"","background-repeat":"repeat","background-position":"center center","background-size":"auto","background-attachment":"scroll","background-type":"","background-media":"","overlay-type":"","overlay-color":"","overlay-opacity":"","overlay-gradient":""},"tablet":{"background-color":"","background-image":"","background-repeat":"repeat","background-position":"center center","background-size":"auto","background-attachment":"scroll","background-type":"","background-media":"","overlay-type":"","overlay-color":"","overlay-opacity":"","overlay-gradient":""},"mobile":{"background-color":"","background-image":"","background-repeat":"repeat","background-position":"center center","background-size":"auto","background-attachment":"scroll","background-type":"","background-media":"","overlay-type":"","overlay-color":"","overlay-opacity":"","overlay-gradient":""}},"ast-content-background-meta":{"desktop":{"background-color":"var(--ast-global-color-5)","background-image":"","background-repeat":"repeat","background-position":"center center","background-size":"auto","background-attachment":"scroll","background-type":"","background-media":"","overlay-type":"","overlay-color":"","overlay-opacity":"","overlay-gradient":""},"tablet":{"background-color":"var(--ast-global-color-5)","background-image":"","background-repeat":"repeat","background-position":"center center","background-size":"auto","background-attachment":"scroll","background-type":"","background-media":"","overlay-type":"","overlay-color":"","overlay-opacity":"","overlay-gradient":""},"mobile":{"background-color":"var(--ast-global-color-5)","background-image":"","background-repeat":"repeat","background-position":"center center","background-size":"auto","background-attachment":"scroll","background-type":"","background-media":"","overlay-type":"","overlay-color":"","overlay-opacity":"","overlay-gradient":""}}},"product_brand":[],"product_cat":[93,92],"product_tag":[],"class_list":{"0":"post-4212","1":"product","2":"type-product","3":"status-publish","4":"has-post-thumbnail","6":"product_cat-chow","7":"product_cat-profilaktyka-i-zdrowie","8":"desktop-align-center","9":"tablet-align-left","10":"mobile-align-left","12":"first","13":"instock","14":"shipping-taxable","15":"product-type-simple"},"_links":{"self":[{"href":"https:\/\/ovigor.pl\/index.php?rest_route=\/wp\/v2\/product\/4212","targetHints":{"allow":["GET"]}}],"collection":[{"href":"https:\/\/ovigor.pl\/index.php?rest_route=\/wp\/v2\/product"}],"about":[{"href":"https:\/\/ovigor.pl\/index.php?rest_route=\/wp\/v2\/types\/product"}],"wp:featuredmedia":[{"embeddable":true,"href":"https:\/\/ovigor.pl\/index.php?rest_route=\/wp\/v2\/media\/7564"}],"wp:attachment":[{"href":"https:\/\/ovigor.pl\/index.php?rest_route=%2Fwp%2Fv2%2Fmedia&parent=4212"}],"wp:term":[{"taxonomy":"product_brand","embeddable":true,"href":"https:\/\/ovigor.pl\/index.php?rest_route=%2Fwp%2Fv2%2Fproduct_brand&post=4212"},{"taxonomy":"product_cat","embeddable":true,"href":"https:\/\/ovigor.pl\/index.php?rest_route=%2Fwp%2Fv2%2Fproduct_cat&post=4212"},{"taxonomy":"product_tag","embeddable":true,"href":"https:\/\/ovigor.pl\/index.php?rest_route=%2Fwp%2Fv2%2Fproduct_tag&post=4212"}],"curies":[{"name":"wp","href":"https:\/\/api.w.org\/{rel}","templated":true}]}}