{"id":4215,"date":"2022-09-26T09:52:45","date_gmt":"2022-09-26T07:52:45","guid":{"rendered":"https:\/\/ovigor.pl\/?post_type=product&#038;p=4215"},"modified":"2024-11-19T16:42:59","modified_gmt":"2024-11-19T15:42:59","slug":"vitamixor-multi","status":"publish","type":"product","link":"https:\/\/ovigor.pl\/?product=vitamixor-multi","title":{"rendered":"VitaMixor\u00ae Multi"},"content":{"rendered":"<p><strong>(PL)<\/strong> Uzupe\u0142niaj\u0105ca mieszanka paszowa w p\u0142ynie dla go\u0142\u0119bi.<\/p>\n<p><strong>W\u0142a\u015bciwo\u015bci: <\/strong>Doskona\u0142a kombinacja najwa\u017cniejszych dla organizmu go\u0142\u0119bia witamin, minera\u0142\u00f3w i aminokwas\u00f3w. Zapobiega skutkom niedobor\u00f3w witamin i mikroelement\u00f3w w okresach najwi\u0119kszego zapotrzebowania: w okresie rozrodu, odsadzania, intensywnego wzrostu i rozwoju m\u0142odych, w sytuacjach stresowych (loty i wystawy), w okresie pierzenia oraz w czasie regeneracji po przebytych chorobach i w czasie szczepie\u0144.<\/p>\n<p><strong>\u00a0<\/strong><strong>Podawanie:<\/strong> 2-5 ml \/1l wody &#8211; 1 x dziennie<\/p>\n<ul>\n<li>ch\u00f3w, pierzenie &#8211; 2 x w tygodniu (w po\u0142\u0105czeniu z preparatem Ovigor Mineral+IRON)<\/li>\n<li>loty &#8211; 2 x w tygodniu (pocz\u0105tek i koniec)<\/li>\n<li>regeneracja &#8211; 3 x w tygodniu<\/li>\n<\/ul>\n<p><strong>Uwaga:<\/strong> Potrzebn\u0105 ilo\u015b\u0107 roztworu przygotowa\u0107 bezpo\u015brednio przed u\u017cyciem &#8211; nie przechowywa\u0107 do nast\u0119pnego dnia.<\/p>\n<p><strong>Przechowywanie:<\/strong> W oryginalnym opakowaniu, chroni\u0107 przed wilgoci\u0105 i \u015bwiat\u0142em,\u00a0\u00a0 w temperaturze do 25\u00b0C, w miejscach niedost\u0119pnych dla dzieci.<\/p>\n<p><strong>Sk\u0142adniki analityczne: <\/strong>wilgotno\u015b\u0107 80,8%, bia\u0142ko surowe 6,0%, w\u0142\u00f3kno surowe &lt;0,3%, oleje i t\u0142uszcze surowe 4,6%, popi\u00f3\u0142 surowy 2,1%, lizyna 0,24%, metionina 0,05%, s\u00f3d 0,58%<\/p>\n<p><strong>Sk\u0142ad: <\/strong>Produkty dro\u017cd\u017cy (\u017ar\u00f3d\u0142o naturalnych aminokwas\u00f3w), wodorow\u0119glan sodu.<\/p>\n<p><strong>Dodatki na 1L:<br \/>\nDietetyczne:<br \/>\n<\/strong>3a672b Witamina A 2.000.000 j.m.,<br \/>\n3aE671 Witamina D3 200.000 j.m.,<br \/>\n3a700 Witamina E 8.000 j.m.,<br \/>\n3a820 Witamina B1 (chlorowodorek tiaminy) 3.500 mg,<br \/>\n3a Witamina B2 (ryboflawiny-S.-fosforan, s\u00f3l sodowa) 2.500 mg,<br \/>\n3a831 Witamina B6 (chlorowodorek pirydoksyny) 1.200 mg,<br \/>\n3a Witamina B12 (cjanokobalamina) 6 mg,<br \/>\n3a315 Niacynamid 15.000 mg,<br \/>\n3a842 D-patenol 8.000 mg,<br \/>\n3a710 Witamina K 3.000 mg,<br \/>\n3a300 Witamina C (kwas L-askorbinowy) 10.000 mg,<br \/>\n3a316 Kwas foliowy 100 mg,<br \/>\n3bE6 Cynk (siarczan cynku jednowodny) 260 mg,<br \/>\n3bES Mangan (siarczan manganu jednowodny) 320 mg,<br \/>\n3bE4 Mied\u017a (siarczan miedzi pi\u0119ciowodny) 12 mg,<br \/>\n3bE1 \u017belazo (siarczan \u017celaza siedmiowodny) 120 mg,<br \/>\n3b201 jod (jodek potasu) 5 mg,<br \/>\n<strong>Technologiczne:<br \/>\n<\/strong>1cE433 Monooleinian poliksyetylenosorbitolu<br \/>\n1bE321 przeciwutleniacz (BHT)<br \/>\n1aE202 Sorbinian potasu<\/p>\n<p><strong>Obj\u0119to\u015b\u0107 netto:<\/strong> 500 ml<\/p>\n","protected":false},"excerpt":{"rendered":"<p>(PL) Uzupe\u0142niaj\u0105ca mieszanka paszowa w p\u0142ynie dla go\u0142\u0119bi. W\u0142a\u015bciwo\u015bci: Doskona\u0142a kombinacja najwa\u017cniejszych dla organizmu go\u0142\u0119bia witamin, minera\u0142\u00f3w i aminokwas\u00f3w. Zapobiega skutkom niedobor\u00f3w witamin i mikroelement\u00f3w w okresach najwi\u0119kszego zapotrzebowania: w okresie rozrodu, odsadzania, intensywnego wzrostu i rozwoju m\u0142odych, w sytuacjach stresowych (loty i wystawy), w okresie pierzenia oraz w czasie regeneracji po przebytych chorobach i [&hellip;]<\/p>\n","protected":false},"featured_media":7563,"template":"","meta":{"site-sidebar-layout":"default","site-content-layout":"default","ast-site-content-layout":"default","site-content-style":"default","site-sidebar-style":"default","ast-global-header-display":"","ast-banner-title-visibility":"","ast-main-header-display":"","ast-hfb-above-header-display":"","ast-hfb-below-header-display":"","ast-hfb-mobile-header-display":"","site-post-title":"","ast-breadcrumbs-content":"","ast-featured-img":"","footer-sml-layout":"","ast-disable-related-posts":"","theme-transparent-header-meta":"default","adv-header-id-meta":"","stick-header-meta":"","header-above-stick-meta":"","header-main-stick-meta":"","header-below-stick-meta":"","astra-migrate-meta-layouts":"set","ast-page-background-enabled":"default","ast-page-background-meta":{"desktop":{"background-color":"","background-image":"","background-repeat":"repeat","background-position":"center center","background-size":"auto","background-attachment":"scroll","background-type":"","background-media":"","overlay-type":"","overlay-color":"","overlay-opacity":"","overlay-gradient":""},"tablet":{"background-color":"","background-image":"","background-repeat":"repeat","background-position":"center center","background-size":"auto","background-attachment":"scroll","background-type":"","background-media":"","overlay-type":"","overlay-color":"","overlay-opacity":"","overlay-gradient":""},"mobile":{"background-color":"","background-image":"","background-repeat":"repeat","background-position":"center center","background-size":"auto","background-attachment":"scroll","background-type":"","background-media":"","overlay-type":"","overlay-color":"","overlay-opacity":"","overlay-gradient":""}},"ast-content-background-meta":{"desktop":{"background-color":"var(--ast-global-color-5)","background-image":"","background-repeat":"repeat","background-position":"center center","background-size":"auto","background-attachment":"scroll","background-type":"","background-media":"","overlay-type":"","overlay-color":"","overlay-opacity":"","overlay-gradient":""},"tablet":{"background-color":"var(--ast-global-color-5)","background-image":"","background-repeat":"repeat","background-position":"center center","background-size":"auto","background-attachment":"scroll","background-type":"","background-media":"","overlay-type":"","overlay-color":"","overlay-opacity":"","overlay-gradient":""},"mobile":{"background-color":"var(--ast-global-color-5)","background-image":"","background-repeat":"repeat","background-position":"center center","background-size":"auto","background-attachment":"scroll","background-type":"","background-media":"","overlay-type":"","overlay-color":"","overlay-opacity":"","overlay-gradient":""}}},"product_brand":[],"product_cat":[94,92],"product_tag":[],"class_list":{"0":"post-4215","1":"product","2":"type-product","3":"status-publish","4":"has-post-thumbnail","6":"product_cat-loty","7":"product_cat-profilaktyka-i-zdrowie","8":"desktop-align-center","9":"tablet-align-left","10":"mobile-align-left","12":"first","13":"instock","14":"shipping-taxable","15":"product-type-simple"},"_links":{"self":[{"href":"https:\/\/ovigor.pl\/index.php?rest_route=\/wp\/v2\/product\/4215","targetHints":{"allow":["GET"]}}],"collection":[{"href":"https:\/\/ovigor.pl\/index.php?rest_route=\/wp\/v2\/product"}],"about":[{"href":"https:\/\/ovigor.pl\/index.php?rest_route=\/wp\/v2\/types\/product"}],"wp:featuredmedia":[{"embeddable":true,"href":"https:\/\/ovigor.pl\/index.php?rest_route=\/wp\/v2\/media\/7563"}],"wp:attachment":[{"href":"https:\/\/ovigor.pl\/index.php?rest_route=%2Fwp%2Fv2%2Fmedia&parent=4215"}],"wp:term":[{"taxonomy":"product_brand","embeddable":true,"href":"https:\/\/ovigor.pl\/index.php?rest_route=%2Fwp%2Fv2%2Fproduct_brand&post=4215"},{"taxonomy":"product_cat","embeddable":true,"href":"https:\/\/ovigor.pl\/index.php?rest_route=%2Fwp%2Fv2%2Fproduct_cat&post=4215"},{"taxonomy":"product_tag","embeddable":true,"href":"https:\/\/ovigor.pl\/index.php?rest_route=%2Fwp%2Fv2%2Fproduct_tag&post=4215"}],"curies":[{"name":"wp","href":"https:\/\/api.w.org\/{rel}","templated":true}]}}