{"id":4217,"date":"2022-09-26T09:55:17","date_gmt":"2022-09-26T07:55:17","guid":{"rendered":"https:\/\/ovigor.pl\/?post_type=product&#038;p=4217"},"modified":"2024-11-19T16:37:03","modified_gmt":"2024-11-19T15:37:03","slug":"ovicalgen","status":"publish","type":"product","link":"https:\/\/ovigor.pl\/?product=ovicalgen","title":{"rendered":"OviCalgen"},"content":{"rendered":"<p><strong>(PL)<\/strong> Mineralna mieszanka z algami i olejkami eterycznymi dla go\u0142\u0119bi.<\/p>\n<p>Mieszanka paszowa uzupe\u0142niaj\u0105ca.<\/p>\n<p><strong>Sk\u0142ad<\/strong><strong>: <\/strong>w\u0119glan wapnia,wap\u0144 organiczny ze skorup jaj, suszone algi morskie, olejki eteryczne<\/p>\n<p><strong>Sk\u0142adniki analityczne:<\/strong> Popi\u00f3\u0142 surowy 61%; Wap\u0144 30%; Lizyna 2%; Fosfor 1%; Metionina 1%; S\u00f3d 0,9%<\/p>\n<p><strong>W\u0142a\u015bciwo\u015bci:<\/strong> OviCalgen to naturalne \u017ar\u00f3d\u0142o wapnia z algami morskimi i olejkami eterycznymi. jest doskona\u0142ym i niezb\u0119dnym w ca\u0142ym sezonie dostawc\u0105 minera\u0142\u00f3w, naturalnych witamin, makro- i mikroelement\u00f3w. jego regularne podawanie zapewni zdrowy ch\u00f3w i wzrost m\u0142odych, doskona\u0142\u0105 form\u0119 lotnik\u00f3w oraz u\u0142atwi kszta\u0142towanie nowego upierzenia.<br \/>\n\u2022 stymuluje wzrost m\u0142odych i kszta\u0142tuje silny uk\u0142ad kostny<br \/>\n\u2022 wspomaga u samic tworzenie si\u0119 mocnej skorupki jajek<br \/>\n\u2022 wspiera budow\u0119 nowego upierzenia<br \/>\n\u2022 poprawia trawienie polepszaj\u0105c przyswajalno\u015b\u0107 karmy<br \/>\n\u2022 pozytywnie wp\u0142ywa na flor\u0119 bakteryjn\u0105 uk\u0142adu trawienia<br \/>\n\u2022 poprawia czynno\u015bci uk\u0142adu oddechowego<br \/>\n\u2022 wzmacnia odporno\u015b\u0107 go\u0142\u0119bia<\/p>\n<p><strong>Podawanie: <\/strong>Przez karm\u0119 2-3 razy tygodniowo przez ca\u0142y rok, a w szczeg\u00f3lno\u015bci w okresie parowania i chowu): 10g (1 \u0142y\u017cka) OviCalgen wsypa\u0107 na 1kg karmy zwil\u017conej np. olejkiem OVIGOR OregasOil lub GarlisOil i dok\u0142adnie mieszaj\u0105c doprowadzi\u0107 do r\u00f3wnomiernego zawi\u0105zania proszku na ziarnach. OviCalgen mo\u017cna r\u00f3wnie\u017c podawa\u0107 w karmidle na gryty do wolnego pobierania.<\/p>\n<p><strong>Waga netto:<\/strong> 1 kg<\/p>\n","protected":false},"excerpt":{"rendered":"<p>(PL) Mineralna mieszanka z algami i olejkami eterycznymi dla go\u0142\u0119bi. Mieszanka paszowa uzupe\u0142niaj\u0105ca. Sk\u0142ad: w\u0119glan wapnia,wap\u0144 organiczny ze skorup jaj, suszone algi morskie, olejki eteryczne Sk\u0142adniki analityczne: Popi\u00f3\u0142 surowy 61%; Wap\u0144 30%; Lizyna 2%; Fosfor 1%; Metionina 1%; S\u00f3d 0,9% W\u0142a\u015bciwo\u015bci: OviCalgen to naturalne \u017ar\u00f3d\u0142o wapnia z algami morskimi i olejkami eterycznymi. jest doskona\u0142ym i [&hellip;]<\/p>\n","protected":false},"featured_media":7589,"template":"","meta":{"site-sidebar-layout":"default","site-content-layout":"default","ast-site-content-layout":"default","site-content-style":"default","site-sidebar-style":"default","ast-global-header-display":"","ast-banner-title-visibility":"","ast-main-header-display":"","ast-hfb-above-header-display":"","ast-hfb-below-header-display":"","ast-hfb-mobile-header-display":"","site-post-title":"","ast-breadcrumbs-content":"","ast-featured-img":"","footer-sml-layout":"","ast-disable-related-posts":"","theme-transparent-header-meta":"default","adv-header-id-meta":"","stick-header-meta":"","header-above-stick-meta":"","header-main-stick-meta":"","header-below-stick-meta":"","astra-migrate-meta-layouts":"set","ast-page-background-enabled":"default","ast-page-background-meta":{"desktop":{"background-color":"","background-image":"","background-repeat":"repeat","background-position":"center center","background-size":"auto","background-attachment":"scroll","background-type":"","background-media":"","overlay-type":"","overlay-color":"","overlay-opacity":"","overlay-gradient":""},"tablet":{"background-color":"","background-image":"","background-repeat":"repeat","background-position":"center center","background-size":"auto","background-attachment":"scroll","background-type":"","background-media":"","overlay-type":"","overlay-color":"","overlay-opacity":"","overlay-gradient":""},"mobile":{"background-color":"","background-image":"","background-repeat":"repeat","background-position":"center center","background-size":"auto","background-attachment":"scroll","background-type":"","background-media":"","overlay-type":"","overlay-color":"","overlay-opacity":"","overlay-gradient":""}},"ast-content-background-meta":{"desktop":{"background-color":"var(--ast-global-color-5)","background-image":"","background-repeat":"repeat","background-position":"center center","background-size":"auto","background-attachment":"scroll","background-type":"","background-media":"","overlay-type":"","overlay-color":"","overlay-opacity":"","overlay-gradient":""},"tablet":{"background-color":"var(--ast-global-color-5)","background-image":"","background-repeat":"repeat","background-position":"center center","background-size":"auto","background-attachment":"scroll","background-type":"","background-media":"","overlay-type":"","overlay-color":"","overlay-opacity":"","overlay-gradient":""},"mobile":{"background-color":"var(--ast-global-color-5)","background-image":"","background-repeat":"repeat","background-position":"center center","background-size":"auto","background-attachment":"scroll","background-type":"","background-media":"","overlay-type":"","overlay-color":"","overlay-opacity":"","overlay-gradient":""}}},"product_brand":[],"product_cat":[93,96],"product_tag":[],"class_list":{"0":"post-4217","1":"product","2":"type-product","3":"status-publish","4":"has-post-thumbnail","6":"product_cat-chow","7":"product_cat-mineraly","8":"desktop-align-center","9":"tablet-align-left","10":"mobile-align-left","12":"first","13":"instock","14":"shipping-taxable","15":"product-type-simple"},"_links":{"self":[{"href":"https:\/\/ovigor.pl\/index.php?rest_route=\/wp\/v2\/product\/4217","targetHints":{"allow":["GET"]}}],"collection":[{"href":"https:\/\/ovigor.pl\/index.php?rest_route=\/wp\/v2\/product"}],"about":[{"href":"https:\/\/ovigor.pl\/index.php?rest_route=\/wp\/v2\/types\/product"}],"wp:featuredmedia":[{"embeddable":true,"href":"https:\/\/ovigor.pl\/index.php?rest_route=\/wp\/v2\/media\/7589"}],"wp:attachment":[{"href":"https:\/\/ovigor.pl\/index.php?rest_route=%2Fwp%2Fv2%2Fmedia&parent=4217"}],"wp:term":[{"taxonomy":"product_brand","embeddable":true,"href":"https:\/\/ovigor.pl\/index.php?rest_route=%2Fwp%2Fv2%2Fproduct_brand&post=4217"},{"taxonomy":"product_cat","embeddable":true,"href":"https:\/\/ovigor.pl\/index.php?rest_route=%2Fwp%2Fv2%2Fproduct_cat&post=4217"},{"taxonomy":"product_tag","embeddable":true,"href":"https:\/\/ovigor.pl\/index.php?rest_route=%2Fwp%2Fv2%2Fproduct_tag&post=4217"}],"curies":[{"name":"wp","href":"https:\/\/api.w.org\/{rel}","templated":true}]}}