{"id":4229,"date":"2022-09-26T11:05:19","date_gmt":"2022-09-26T09:05:19","guid":{"rendered":"https:\/\/ovigor.pl\/?post_type=product&#038;p=4229"},"modified":"2024-11-19T15:19:05","modified_gmt":"2024-11-19T14:19:05","slug":"magnesium","status":"publish","type":"product","link":"https:\/\/ovigor.pl\/?product=magnesium","title":{"rendered":"Magnesium"},"content":{"rendered":"<p><strong>(PL)<\/strong> Uzupe\u0142niaj\u0105ca mieszanka paszowa dla go\u0142\u0119bi<\/p>\n<p><strong>Sk\u0142adniki <\/strong><strong>analityczne: <\/strong>Popi\u00f3\u0142 surowy 59%, Wap\u0144 11%, S\u00f3d 7%, Bia\u0142ko surowe 7%, T\u0142uszcz surowy 0,6%, W\u0142\u00f3kno surowe 0,34%, Fosfor 0,32%, Lizyna 0%, Metionina 0%<\/p>\n<p><strong>\u00a0<\/strong><strong>Sk\u0142ad: <\/strong>Tlenek magnezu, glukoza, algi suszone, dro\u017cd\u017ce, w\u0119glan wapnia, w\u0119glan sodu, witamina C.<\/p>\n<p><strong>W\u0142a\u015bciwo\u015bci:\u00a0<\/strong>Magnez jest niezb\u0119dnym do \u017cycia sk\u0142adnikiem od\u017cywczym. Wspomaga przewodnictwo nerwowo-mi\u0119\u015bniowe i optymalizuje ich wzajemne oddzia\u0142ywanie. Niedob\u00f3r magnezu u go\u0142\u0119bi prowadzi do skurczy mi\u0119\u015bni w wyniku stopnia trudno\u015bci lotu.\u00a0 Zmniejsza ryzyko wyst\u0105pienia zakwas\u00f3w podczas pierwszych\u00a0 trening\u00f3w po zimie oraz podczas lot\u00f3w. Magnez r\u00f3wnie\u017c odpowiada za prawid\u0142owe przyswajanie wapnia w ko\u015bciach, poprawia g\u0119sto\u015b\u0107 tkanki kostnej.<\/p>\n<p><strong>Podawanie:\u00a0<\/strong>Treningi po zimie oraz loty konkursowe:<\/p>\n<p>5-10 g \/ 1 kg karmy. Zaleca si\u0119 stosowa\u0107 podczas lot\u00f3w: dzie\u0144 przed lotem w po\u0142\u0105czeniu z OLEJ MIX oraz PowerMix.<\/p>\n<p><strong>Masa netto:<\/strong> 500g<\/p>\n","protected":false},"excerpt":{"rendered":"<p>(PL) Uzupe\u0142niaj\u0105ca mieszanka paszowa dla go\u0142\u0119bi Sk\u0142adniki analityczne: Popi\u00f3\u0142 surowy 59%, Wap\u0144 11%, S\u00f3d 7%, Bia\u0142ko surowe 7%, T\u0142uszcz surowy 0,6%, W\u0142\u00f3kno surowe 0,34%, Fosfor 0,32%, Lizyna 0%, Metionina 0% \u00a0Sk\u0142ad: Tlenek magnezu, glukoza, algi suszone, dro\u017cd\u017ce, w\u0119glan wapnia, w\u0119glan sodu, witamina C. W\u0142a\u015bciwo\u015bci:\u00a0Magnez jest niezb\u0119dnym do \u017cycia sk\u0142adnikiem od\u017cywczym. Wspomaga przewodnictwo nerwowo-mi\u0119\u015bniowe i optymalizuje [&hellip;]<\/p>\n","protected":false},"featured_media":7556,"template":"","meta":{"site-sidebar-layout":"default","site-content-layout":"default","ast-site-content-layout":"default","site-content-style":"default","site-sidebar-style":"default","ast-global-header-display":"","ast-banner-title-visibility":"","ast-main-header-display":"","ast-hfb-above-header-display":"","ast-hfb-below-header-display":"","ast-hfb-mobile-header-display":"","site-post-title":"","ast-breadcrumbs-content":"","ast-featured-img":"","footer-sml-layout":"","ast-disable-related-posts":"","theme-transparent-header-meta":"default","adv-header-id-meta":"","stick-header-meta":"","header-above-stick-meta":"","header-main-stick-meta":"","header-below-stick-meta":"","astra-migrate-meta-layouts":"set","ast-page-background-enabled":"default","ast-page-background-meta":{"desktop":{"background-color":"","background-image":"","background-repeat":"repeat","background-position":"center center","background-size":"auto","background-attachment":"scroll","background-type":"","background-media":"","overlay-type":"","overlay-color":"","overlay-opacity":"","overlay-gradient":""},"tablet":{"background-color":"","background-image":"","background-repeat":"repeat","background-position":"center center","background-size":"auto","background-attachment":"scroll","background-type":"","background-media":"","overlay-type":"","overlay-color":"","overlay-opacity":"","overlay-gradient":""},"mobile":{"background-color":"","background-image":"","background-repeat":"repeat","background-position":"center center","background-size":"auto","background-attachment":"scroll","background-type":"","background-media":"","overlay-type":"","overlay-color":"","overlay-opacity":"","overlay-gradient":""}},"ast-content-background-meta":{"desktop":{"background-color":"var(--ast-global-color-5)","background-image":"","background-repeat":"repeat","background-position":"center center","background-size":"auto","background-attachment":"scroll","background-type":"","background-media":"","overlay-type":"","overlay-color":"","overlay-opacity":"","overlay-gradient":""},"tablet":{"background-color":"var(--ast-global-color-5)","background-image":"","background-repeat":"repeat","background-position":"center center","background-size":"auto","background-attachment":"scroll","background-type":"","background-media":"","overlay-type":"","overlay-color":"","overlay-opacity":"","overlay-gradient":""},"mobile":{"background-color":"var(--ast-global-color-5)","background-image":"","background-repeat":"repeat","background-position":"center center","background-size":"auto","background-attachment":"scroll","background-type":"","background-media":"","overlay-type":"","overlay-color":"","overlay-opacity":"","overlay-gradient":""}}},"product_brand":[],"product_cat":[94],"product_tag":[],"class_list":{"0":"post-4229","1":"product","2":"type-product","3":"status-publish","4":"has-post-thumbnail","6":"product_cat-loty","7":"desktop-align-center","8":"tablet-align-left","9":"mobile-align-left","11":"first","12":"instock","13":"shipping-taxable","14":"product-type-simple"},"_links":{"self":[{"href":"https:\/\/ovigor.pl\/index.php?rest_route=\/wp\/v2\/product\/4229","targetHints":{"allow":["GET"]}}],"collection":[{"href":"https:\/\/ovigor.pl\/index.php?rest_route=\/wp\/v2\/product"}],"about":[{"href":"https:\/\/ovigor.pl\/index.php?rest_route=\/wp\/v2\/types\/product"}],"wp:featuredmedia":[{"embeddable":true,"href":"https:\/\/ovigor.pl\/index.php?rest_route=\/wp\/v2\/media\/7556"}],"wp:attachment":[{"href":"https:\/\/ovigor.pl\/index.php?rest_route=%2Fwp%2Fv2%2Fmedia&parent=4229"}],"wp:term":[{"taxonomy":"product_brand","embeddable":true,"href":"https:\/\/ovigor.pl\/index.php?rest_route=%2Fwp%2Fv2%2Fproduct_brand&post=4229"},{"taxonomy":"product_cat","embeddable":true,"href":"https:\/\/ovigor.pl\/index.php?rest_route=%2Fwp%2Fv2%2Fproduct_cat&post=4229"},{"taxonomy":"product_tag","embeddable":true,"href":"https:\/\/ovigor.pl\/index.php?rest_route=%2Fwp%2Fv2%2Fproduct_tag&post=4229"}],"curies":[{"name":"wp","href":"https:\/\/api.w.org\/{rel}","templated":true}]}}