{"id":4236,"date":"2022-09-26T11:28:02","date_gmt":"2022-09-26T09:28:02","guid":{"rendered":"https:\/\/ovigor.pl\/?post_type=product&#038;p=4236"},"modified":"2024-11-19T15:14:48","modified_gmt":"2024-11-19T14:14:48","slug":"oviyeast-essence-drozdze-w-plynie","status":"publish","type":"product","link":"https:\/\/ovigor.pl\/?product=oviyeast-essence-drozdze-w-plynie","title":{"rendered":"OviYeast Essence (dro\u017cd\u017ce w p\u0142ynie)"},"content":{"rendered":"<p><strong>(PL)<\/strong> Dro\u017cd\u017ce w p\u0142ynie. Naturalny preparat zawieraj\u0105cy biologicznie czynne enzymy kom\u00f3rek dro\u017cd\u017cowych, \u0142atwo przyswajalne witaminy, aminokwasy oraz pierwiastki \u015bladowe.<strong><br \/>\n<\/strong>Uzupe\u0142niaj\u0105ca mieszanka paszowa dla go\u0142\u0119bi.<\/p>\n<p><strong>Sk\u0142adniki analityczne: <\/strong>wilgotno\u015b\u0107 88%, bia\u0142ko surowe 1,4%, w\u0142\u00f3kno surowe 0,1%, t\u0142uszcz surowy 1,1%, popi\u00f3\u0142 surowy 1%, s\u00f3d 0,23%, metionina 1%, lizyna 0,23%<\/p>\n<p><strong>Sk\u0142ad: <\/strong>Kom\u00f3rki \u017cywych dro\u017cd\u017cy \u2013 dro\u017cd\u017ce piwne (wit. B6, B12, B2,); olej z kie\u0142k\u00f3w pszenicy (wit. E ), w\u0119glowodany, t\u0142uszcze, zwi\u0105zki mineralne (sole potasu, sodu, wapnia, magnezu, cynku oraz \u015bladowe ilo\u015bci \u017celaza, miedzi i manganu)<\/p>\n<p><strong>W\u0142a\u015bciwo\u015bci: <\/strong>zapewnia maksymaln\u0105 rekonwalescencj\u0119 go\u0142\u0119bia, wspiera przemian\u0119 tlenow\u0105, wzmacnia si\u0142y odporno\u015bciowe, poprawia form\u0119 w czasie lotu, wspomaga przy wyczerpaniu oraz zm\u0119czeniu (ch\u00f3w m\u0142odych, loty, pierzenie).<\/p>\n<p><strong>Podawanie: <\/strong>10-15 ml wla\u0107 na 1kg karmy i dok\u0142adnie wymiesza\u0107.<br \/>\nloty \u2013 2 x w tygodniu (pocz\u0105tek tygodnia \u2013 2 kolejne dni),<br \/>\nch\u00f3w \u2013 1 x w tygodniu,<br \/>\npierzenie \u2013 2 x w tygodniu.<br \/>\nDo tak przygotowanej porcji mo\u017cna doda\u0107 preparat w postaci proszkowej (np.\u00a0 GardenMix, RobAut, OviCalgen, Glukoza C, itp.).<\/p>\n<p><strong>Obj\u0119to\u015b\u0107 netto:<\/strong> 250 ml<\/p>\n","protected":false},"excerpt":{"rendered":"<p>(PL) Dro\u017cd\u017ce w p\u0142ynie. Naturalny preparat zawieraj\u0105cy biologicznie czynne enzymy kom\u00f3rek dro\u017cd\u017cowych, \u0142atwo przyswajalne witaminy, aminokwasy oraz pierwiastki \u015bladowe. Uzupe\u0142niaj\u0105ca mieszanka paszowa dla go\u0142\u0119bi. Sk\u0142adniki analityczne: wilgotno\u015b\u0107 88%, bia\u0142ko surowe 1,4%, w\u0142\u00f3kno surowe 0,1%, t\u0142uszcz surowy 1,1%, popi\u00f3\u0142 surowy 1%, s\u00f3d 0,23%, metionina 1%, lizyna 0,23% Sk\u0142ad: Kom\u00f3rki \u017cywych dro\u017cd\u017cy \u2013 dro\u017cd\u017ce piwne (wit. B6, [&hellip;]<\/p>\n","protected":false},"featured_media":7555,"template":"","meta":{"site-sidebar-layout":"default","site-content-layout":"default","ast-site-content-layout":"default","site-content-style":"default","site-sidebar-style":"default","ast-global-header-display":"","ast-banner-title-visibility":"","ast-main-header-display":"","ast-hfb-above-header-display":"","ast-hfb-below-header-display":"","ast-hfb-mobile-header-display":"","site-post-title":"","ast-breadcrumbs-content":"","ast-featured-img":"","footer-sml-layout":"","ast-disable-related-posts":"","theme-transparent-header-meta":"default","adv-header-id-meta":"","stick-header-meta":"","header-above-stick-meta":"","header-main-stick-meta":"","header-below-stick-meta":"","astra-migrate-meta-layouts":"set","ast-page-background-enabled":"default","ast-page-background-meta":{"desktop":{"background-color":"","background-image":"","background-repeat":"repeat","background-position":"center center","background-size":"auto","background-attachment":"scroll","background-type":"","background-media":"","overlay-type":"","overlay-color":"","overlay-opacity":"","overlay-gradient":""},"tablet":{"background-color":"","background-image":"","background-repeat":"repeat","background-position":"center center","background-size":"auto","background-attachment":"scroll","background-type":"","background-media":"","overlay-type":"","overlay-color":"","overlay-opacity":"","overlay-gradient":""},"mobile":{"background-color":"","background-image":"","background-repeat":"repeat","background-position":"center center","background-size":"auto","background-attachment":"scroll","background-type":"","background-media":"","overlay-type":"","overlay-color":"","overlay-opacity":"","overlay-gradient":""}},"ast-content-background-meta":{"desktop":{"background-color":"var(--ast-global-color-5)","background-image":"","background-repeat":"repeat","background-position":"center center","background-size":"auto","background-attachment":"scroll","background-type":"","background-media":"","overlay-type":"","overlay-color":"","overlay-opacity":"","overlay-gradient":""},"tablet":{"background-color":"var(--ast-global-color-5)","background-image":"","background-repeat":"repeat","background-position":"center center","background-size":"auto","background-attachment":"scroll","background-type":"","background-media":"","overlay-type":"","overlay-color":"","overlay-opacity":"","overlay-gradient":""},"mobile":{"background-color":"var(--ast-global-color-5)","background-image":"","background-repeat":"repeat","background-position":"center center","background-size":"auto","background-attachment":"scroll","background-type":"","background-media":"","overlay-type":"","overlay-color":"","overlay-opacity":"","overlay-gradient":""}}},"product_brand":[],"product_cat":[94],"product_tag":[],"class_list":{"0":"post-4236","1":"product","2":"type-product","3":"status-publish","4":"has-post-thumbnail","6":"product_cat-loty","7":"desktop-align-center","8":"tablet-align-left","9":"mobile-align-left","11":"first","12":"instock","13":"shipping-taxable","14":"product-type-simple"},"_links":{"self":[{"href":"https:\/\/ovigor.pl\/index.php?rest_route=\/wp\/v2\/product\/4236","targetHints":{"allow":["GET"]}}],"collection":[{"href":"https:\/\/ovigor.pl\/index.php?rest_route=\/wp\/v2\/product"}],"about":[{"href":"https:\/\/ovigor.pl\/index.php?rest_route=\/wp\/v2\/types\/product"}],"wp:featuredmedia":[{"embeddable":true,"href":"https:\/\/ovigor.pl\/index.php?rest_route=\/wp\/v2\/media\/7555"}],"wp:attachment":[{"href":"https:\/\/ovigor.pl\/index.php?rest_route=%2Fwp%2Fv2%2Fmedia&parent=4236"}],"wp:term":[{"taxonomy":"product_brand","embeddable":true,"href":"https:\/\/ovigor.pl\/index.php?rest_route=%2Fwp%2Fv2%2Fproduct_brand&post=4236"},{"taxonomy":"product_cat","embeddable":true,"href":"https:\/\/ovigor.pl\/index.php?rest_route=%2Fwp%2Fv2%2Fproduct_cat&post=4236"},{"taxonomy":"product_tag","embeddable":true,"href":"https:\/\/ovigor.pl\/index.php?rest_route=%2Fwp%2Fv2%2Fproduct_tag&post=4236"}],"curies":[{"name":"wp","href":"https:\/\/api.w.org\/{rel}","templated":true}]}}