{"id":4238,"date":"2022-09-26T11:29:30","date_gmt":"2022-09-26T09:29:30","guid":{"rendered":"https:\/\/ovigor.pl\/?post_type=product&#038;p=4238"},"modified":"2024-11-19T15:10:55","modified_gmt":"2024-11-19T14:10:55","slug":"mauser","status":"publish","type":"product","link":"https:\/\/ovigor.pl\/?product=mauser","title":{"rendered":"Mauser"},"content":{"rendered":"<p><strong>(PL)<\/strong> Uzupe\u0142niaj\u0105ca mieszanka paszowa dla go\u0142\u0119bi. Super upierzenie &#8211; pod\u0142o\u017ce przysz\u0142ych wynik\u00f3w lotowych!!!<\/p>\n<p><strong>Sk\u0142adniki analityczne: <\/strong>wilgotno\u015b\u0107 84,0%; bia\u0142ko surowe &lt; 0,4%; w\u0142\u00f3kno surowe &lt; 0,3%; oleje i t\u0142uszcze surowe &lt; 0,1%; popi\u00f3\u0142 surowy 4,5%; lizyna 0,0%; wap\u0144 0,2%; DL-metionina 2,0%; s\u00f3d 0,0%.<\/p>\n<p><strong>Sk\u0142ad: <\/strong>Chlorek wapnia, glukoza<\/p>\n<p><strong>Dodatki na 1L: Dietetyczne:<\/strong> 3c301 L &#8211; metionina 20.000 mg, 3a316 Chlorek choliny 2.500 mg, 3bE5 Mangan (chlorek manganu czterowodny) 560 mg, 3bE4 Mied\u017a (chlorek miedzi dwuwodny) 280 mg, 3bE1 \u017belazo (chlorek \u017celaza sze\u015bciowodny) 850 mg. <strong>Sensoryczne:<\/strong> 2a E110 \u017c\u00f3\u0142cie\u0144 pomara\u0144czowa.<\/p>\n<p><strong>W\u0142a\u015bciwo\u015bci: <\/strong>Preparat wspomagaj\u0105cy formowanie zdrowych, mocnych pi\u00f3r o wysokiej elastyczno\u015bci. Zawarta w preparacie metionina jest niezb\u0119dnym aminokwasem zawieraj\u0105cym w swym sk\u0142adzie siark\u0119. Sk\u0142adnik ten ma korzystny wp\u0142yw na prawid\u0142owe funkcjonowanie w\u0105troby, szczeg\u00f3lnie wchodzi w sk\u0142ad tych bia\u0142ek, kt\u00f3re buduj\u0105 pi\u00f3ra. Zawarta w preparacie \u00a0cholina jest szczeg\u00f3lnie potrzebna w okresie\u00a0\u00a0 intensywnego wysi\u0142ku &#8211; okres wymiany upierzenia. Obecno\u015b\u0107 witaminy B4 (cholina) jest niezb\u0119dna w transporcie i przemianie t\u0142uszcz\u00f3w.<\/p>\n<p><strong>Podawanie: <\/strong>10 ml \/1 wody lub 1 kg karmy 2 x dziennie<br \/>\n\u2022 okres hodowli: 2 razy w tygodniu (m\u0142ode powy\u017cej 8 dni)<br \/>\n\u2022 okres pierzenia: 2-3 razy w tygodniu<\/p>\n<p><strong>Obj\u0119to\u015b\u0107 netto:<\/strong> 500 ml<\/p>\n","protected":false},"excerpt":{"rendered":"<p>(PL) Uzupe\u0142niaj\u0105ca mieszanka paszowa dla go\u0142\u0119bi. Super upierzenie &#8211; pod\u0142o\u017ce przysz\u0142ych wynik\u00f3w lotowych!!! Sk\u0142adniki analityczne: wilgotno\u015b\u0107 84,0%; bia\u0142ko surowe &lt; 0,4%; w\u0142\u00f3kno surowe &lt; 0,3%; oleje i t\u0142uszcze surowe &lt; 0,1%; popi\u00f3\u0142 surowy 4,5%; lizyna 0,0%; wap\u0144 0,2%; DL-metionina 2,0%; s\u00f3d 0,0%. Sk\u0142ad: Chlorek wapnia, glukoza Dodatki na 1L: Dietetyczne: 3c301 L &#8211; metionina 20.000 [&hellip;]<\/p>\n","protected":false},"featured_media":7554,"template":"","meta":{"site-sidebar-layout":"default","site-content-layout":"default","ast-site-content-layout":"default","site-content-style":"default","site-sidebar-style":"default","ast-global-header-display":"","ast-banner-title-visibility":"","ast-main-header-display":"","ast-hfb-above-header-display":"","ast-hfb-below-header-display":"","ast-hfb-mobile-header-display":"","site-post-title":"","ast-breadcrumbs-content":"","ast-featured-img":"","footer-sml-layout":"","ast-disable-related-posts":"","theme-transparent-header-meta":"default","adv-header-id-meta":"","stick-header-meta":"","header-above-stick-meta":"","header-main-stick-meta":"","header-below-stick-meta":"","astra-migrate-meta-layouts":"set","ast-page-background-enabled":"default","ast-page-background-meta":{"desktop":{"background-color":"","background-image":"","background-repeat":"repeat","background-position":"center center","background-size":"auto","background-attachment":"scroll","background-type":"","background-media":"","overlay-type":"","overlay-color":"","overlay-opacity":"","overlay-gradient":""},"tablet":{"background-color":"","background-image":"","background-repeat":"repeat","background-position":"center center","background-size":"auto","background-attachment":"scroll","background-type":"","background-media":"","overlay-type":"","overlay-color":"","overlay-opacity":"","overlay-gradient":""},"mobile":{"background-color":"","background-image":"","background-repeat":"repeat","background-position":"center center","background-size":"auto","background-attachment":"scroll","background-type":"","background-media":"","overlay-type":"","overlay-color":"","overlay-opacity":"","overlay-gradient":""}},"ast-content-background-meta":{"desktop":{"background-color":"var(--ast-global-color-5)","background-image":"","background-repeat":"repeat","background-position":"center center","background-size":"auto","background-attachment":"scroll","background-type":"","background-media":"","overlay-type":"","overlay-color":"","overlay-opacity":"","overlay-gradient":""},"tablet":{"background-color":"var(--ast-global-color-5)","background-image":"","background-repeat":"repeat","background-position":"center center","background-size":"auto","background-attachment":"scroll","background-type":"","background-media":"","overlay-type":"","overlay-color":"","overlay-opacity":"","overlay-gradient":""},"mobile":{"background-color":"var(--ast-global-color-5)","background-image":"","background-repeat":"repeat","background-position":"center center","background-size":"auto","background-attachment":"scroll","background-type":"","background-media":"","overlay-type":"","overlay-color":"","overlay-opacity":"","overlay-gradient":""}}},"product_brand":[],"product_cat":[95],"product_tag":[],"class_list":{"0":"post-4238","1":"product","2":"type-product","3":"status-publish","4":"has-post-thumbnail","6":"product_cat-upierzenie","7":"desktop-align-center","8":"tablet-align-left","9":"mobile-align-left","11":"first","12":"instock","13":"shipping-taxable","14":"product-type-simple"},"_links":{"self":[{"href":"https:\/\/ovigor.pl\/index.php?rest_route=\/wp\/v2\/product\/4238","targetHints":{"allow":["GET"]}}],"collection":[{"href":"https:\/\/ovigor.pl\/index.php?rest_route=\/wp\/v2\/product"}],"about":[{"href":"https:\/\/ovigor.pl\/index.php?rest_route=\/wp\/v2\/types\/product"}],"wp:featuredmedia":[{"embeddable":true,"href":"https:\/\/ovigor.pl\/index.php?rest_route=\/wp\/v2\/media\/7554"}],"wp:attachment":[{"href":"https:\/\/ovigor.pl\/index.php?rest_route=%2Fwp%2Fv2%2Fmedia&parent=4238"}],"wp:term":[{"taxonomy":"product_brand","embeddable":true,"href":"https:\/\/ovigor.pl\/index.php?rest_route=%2Fwp%2Fv2%2Fproduct_brand&post=4238"},{"taxonomy":"product_cat","embeddable":true,"href":"https:\/\/ovigor.pl\/index.php?rest_route=%2Fwp%2Fv2%2Fproduct_cat&post=4238"},{"taxonomy":"product_tag","embeddable":true,"href":"https:\/\/ovigor.pl\/index.php?rest_route=%2Fwp%2Fv2%2Fproduct_tag&post=4238"}],"curies":[{"name":"wp","href":"https:\/\/api.w.org\/{rel}","templated":true}]}}