{"id":4242,"date":"2022-09-26T11:34:36","date_gmt":"2022-09-26T09:34:36","guid":{"rendered":"https:\/\/ovigor.pl\/?post_type=product&#038;p=4242"},"modified":"2024-11-19T15:03:05","modified_gmt":"2024-11-19T14:03:05","slug":"ovibad-essence","status":"publish","type":"product","link":"https:\/\/ovigor.pl\/?product=ovibad-essence","title":{"rendered":"OviBad Essence"},"content":{"rendered":"<p><strong>(PL)<\/strong> P\u0142yn do k\u0105pieli z olejkami eterycznymi dla go\u0142\u0119bi.<\/p>\n<p><strong>W\u0142a\u015bciwo\u015bci:<\/strong> OviBad Essence jest nieodzownym dodatkiem do k\u0105pieli dla go\u0142\u0119bi. Zmi\u0119kcza wod\u0119, przez co pi\u00f3ra po k\u0105pieli staj\u0105 si\u0119 jedwabnie mi\u0119kkie, l\u015bni\u0105ce i elastyczne. K\u0105piel z dodatkiem p\u0142ynu OviBad u\u0142atwia go\u0142\u0119biom pierzenie: usuwa kurz, \u0142upie\u017c oraz zrogowacia\u0142y nask\u00f3rek. Luzuje stare pi\u00f3ra, u\u0142atwiaj\u0105c ich zrzucenie. Zawarte w soli k\u0105pielowej, rozpuszczonej w wodzie kryszta\u0142ki olejk\u00f3w eterycznych wp\u0142ywaj\u0105 koj\u0105co na otwarte pory sk\u00f3ry &#8211; wykazuj\u0105 r\u00f3wnie\u017c na sk\u00f3rze dzia\u0142anie antybakteryjne (skutecznie zwalczaj\u0105 szkodniki pi\u00f3r). Pozostaj\u0105ce na sk\u00f3rze go\u0142\u0119bia po k\u0105pieli olejki eteryczne stopniowo si\u0119 ulatniaj\u0105 i w ten spos\u00f3b dostaj\u0105 si\u0119 do dr\u00f3g oddechowych. Dodatkowo daj\u0105 efekt inhalacji, poprawiaj\u0105c wydolno\u015b\u0107 oddechow\u0105.<\/p>\n<p><strong>Podawanie: <\/strong>10ml na 5 l wody. K\u0105piel powtarza\u0107 1-2 razy w tygodniu przez ca\u0142y rok. Przed u\u017cyciem wstrz\u0105sn\u0105\u0107!!!<\/p>\n<p><strong>Obj\u0119to\u015b\u0107 netto: <\/strong>1000 ml<\/p>\n","protected":false},"excerpt":{"rendered":"<p>(PL) P\u0142yn do k\u0105pieli z olejkami eterycznymi dla go\u0142\u0119bi. W\u0142a\u015bciwo\u015bci: OviBad Essence jest nieodzownym dodatkiem do k\u0105pieli dla go\u0142\u0119bi. Zmi\u0119kcza wod\u0119, przez co pi\u00f3ra po k\u0105pieli staj\u0105 si\u0119 jedwabnie mi\u0119kkie, l\u015bni\u0105ce i elastyczne. K\u0105piel z dodatkiem p\u0142ynu OviBad u\u0142atwia go\u0142\u0119biom pierzenie: usuwa kurz, \u0142upie\u017c oraz zrogowacia\u0142y nask\u00f3rek. Luzuje stare pi\u00f3ra, u\u0142atwiaj\u0105c ich zrzucenie. Zawarte w [&hellip;]<\/p>\n","protected":false},"featured_media":7552,"template":"","meta":{"site-sidebar-layout":"default","site-content-layout":"default","ast-site-content-layout":"default","site-content-style":"default","site-sidebar-style":"default","ast-global-header-display":"","ast-banner-title-visibility":"","ast-main-header-display":"","ast-hfb-above-header-display":"","ast-hfb-below-header-display":"","ast-hfb-mobile-header-display":"","site-post-title":"","ast-breadcrumbs-content":"","ast-featured-img":"","footer-sml-layout":"","ast-disable-related-posts":"","theme-transparent-header-meta":"default","adv-header-id-meta":"","stick-header-meta":"","header-above-stick-meta":"","header-main-stick-meta":"","header-below-stick-meta":"","astra-migrate-meta-layouts":"set","ast-page-background-enabled":"default","ast-page-background-meta":{"desktop":{"background-color":"","background-image":"","background-repeat":"repeat","background-position":"center center","background-size":"auto","background-attachment":"scroll","background-type":"","background-media":"","overlay-type":"","overlay-color":"","overlay-opacity":"","overlay-gradient":""},"tablet":{"background-color":"","background-image":"","background-repeat":"repeat","background-position":"center center","background-size":"auto","background-attachment":"scroll","background-type":"","background-media":"","overlay-type":"","overlay-color":"","overlay-opacity":"","overlay-gradient":""},"mobile":{"background-color":"","background-image":"","background-repeat":"repeat","background-position":"center center","background-size":"auto","background-attachment":"scroll","background-type":"","background-media":"","overlay-type":"","overlay-color":"","overlay-opacity":"","overlay-gradient":""}},"ast-content-background-meta":{"desktop":{"background-color":"var(--ast-global-color-5)","background-image":"","background-repeat":"repeat","background-position":"center center","background-size":"auto","background-attachment":"scroll","background-type":"","background-media":"","overlay-type":"","overlay-color":"","overlay-opacity":"","overlay-gradient":""},"tablet":{"background-color":"var(--ast-global-color-5)","background-image":"","background-repeat":"repeat","background-position":"center center","background-size":"auto","background-attachment":"scroll","background-type":"","background-media":"","overlay-type":"","overlay-color":"","overlay-opacity":"","overlay-gradient":""},"mobile":{"background-color":"var(--ast-global-color-5)","background-image":"","background-repeat":"repeat","background-position":"center center","background-size":"auto","background-attachment":"scroll","background-type":"","background-media":"","overlay-type":"","overlay-color":"","overlay-opacity":"","overlay-gradient":""}}},"product_brand":[],"product_cat":[85,97,92,95,128],"product_tag":[],"class_list":{"0":"post-4242","1":"product","2":"type-product","3":"status-publish","4":"has-post-thumbnail","6":"product_cat-bestsellery-pl","7":"product_cat-higiena-golebi_i_golebnika","8":"product_cat-profilaktyka-i-zdrowie","9":"product_cat-upierzenie","10":"product_cat-wystawy-przygotowanie","11":"desktop-align-center","12":"tablet-align-left","13":"mobile-align-left","15":"first","16":"instock","17":"shipping-taxable","18":"product-type-simple"},"_links":{"self":[{"href":"https:\/\/ovigor.pl\/index.php?rest_route=\/wp\/v2\/product\/4242","targetHints":{"allow":["GET"]}}],"collection":[{"href":"https:\/\/ovigor.pl\/index.php?rest_route=\/wp\/v2\/product"}],"about":[{"href":"https:\/\/ovigor.pl\/index.php?rest_route=\/wp\/v2\/types\/product"}],"wp:featuredmedia":[{"embeddable":true,"href":"https:\/\/ovigor.pl\/index.php?rest_route=\/wp\/v2\/media\/7552"}],"wp:attachment":[{"href":"https:\/\/ovigor.pl\/index.php?rest_route=%2Fwp%2Fv2%2Fmedia&parent=4242"}],"wp:term":[{"taxonomy":"product_brand","embeddable":true,"href":"https:\/\/ovigor.pl\/index.php?rest_route=%2Fwp%2Fv2%2Fproduct_brand&post=4242"},{"taxonomy":"product_cat","embeddable":true,"href":"https:\/\/ovigor.pl\/index.php?rest_route=%2Fwp%2Fv2%2Fproduct_cat&post=4242"},{"taxonomy":"product_tag","embeddable":true,"href":"https:\/\/ovigor.pl\/index.php?rest_route=%2Fwp%2Fv2%2Fproduct_tag&post=4242"}],"curies":[{"name":"wp","href":"https:\/\/api.w.org\/{rel}","templated":true}]}}