{"id":4248,"date":"2022-09-26T12:30:54","date_gmt":"2022-09-26T10:30:54","guid":{"rendered":"https:\/\/ovigor.pl\/?post_type=product&#038;p=4248"},"modified":"2024-11-19T14:58:17","modified_gmt":"2024-11-19T13:58:17","slug":"mineralvit","status":"publish","type":"product","link":"https:\/\/ovigor.pl\/?product=mineralvit","title":{"rendered":"MineralVit"},"content":{"rendered":"<p><strong>(PL)<\/strong> Uzupe\u0142niaj\u0105ca mieszanka paszowa dla go\u0142\u0119bi.<\/p>\n<p><strong>Sk\u0142ad:<\/strong> m\u0105czka ceglana(py\u0142owa),w\u0119glan wapnia, fosforan dwuwapniowy paszowy, tlenek magnezu 15 %, substancje mineralno-witaminowe. Dodatki w 1 kg: Amid kw. nikotynowego 1200mg, B1-80 mg, B12-300 mg, B6-150 mg, H-1 mg, K3-150 mg, A-1 500 000 j.m, D3-600 000 j.m., E-1 500 mg, C-7000 mg, Mn-72 000 mg, Cu-12 700 mg, Fe-40 000 mg, Zn-80 000 mg, I-2 300 mg, dodatki aromatyczno-smakowe.<\/p>\n<p><strong>Sk\u0142adniki analityczne: <\/strong>wilgotno\u015b\u0107 2,5%, bia\u0142ko surowe &lt;0,4%, w\u0142\u00f3kno surowe &lt;0,3%, oleje i t\u0142uszcze surowe &lt;0,1%, popi\u00f3\u0142 surowy 87,0%, lizyna 0,0%, metionina 0,0%, s\u00f3d 0,005%.<\/p>\n<p><strong>Dodatki na 1 kg: <em>Dietetyczne:<\/em> <\/strong>3a672a Witamina A 3 450 j.m., 3aE671 Witamina D3 1380 j.m., 3a700 Witamina E 3,45 mg, 3a821 Witamina B1 (chlorowodorek tiaminy 0,184 mg, 3a Witamina B2 (ryboflawiny-5\u2019-fosforan)\u00a0\u00a0\u00a0\u00a0\u00a0\u00a0\u00a0\u00a0 0,69 mg, 3a831 Witamina B6 (chlorowodorek\u00a0 pirydoksyny)\u00a0\u00a0\u00a0\u00a0\u00a0\u00a0\u00a0\u00a0\u00a0 0,345 mg, 3a Witamina B12 (cjanokobalamina)\u00a0\u00a0\u00a0\u00a0\u00a0 0,00184 mg, 3a315 Niacynamid 2,76 mg, 3a841 Kwas pantotenowy (D-pantotenian wapnia) 1,38 mg, 3a710 Witamina K3 0,345 mg, 3a300 Witamina C (kwas L-askorbinowy) 16,1 mg, 3a880 Biotyna 0,0023 mg, 3bE6 Cynk (siarczan cynku jednowodny) 184 mg, 3bE5 Mangan (siarczan manganu jednowodny) 165,6 mg, 3bE4 Mied\u017a (siarczan miedzi pi\u0119ciowodny)\u00a0\u00a0\u00a0\u00a0\u00a0\u00a0\u00a0\u00a0\u00a0 29,21 mg, 3bE1 \u017belazo (siarczan \u017celaza jednowodny) 92 mg, 3b201 Jod (jodek potasu) 5,29 mg. <strong><em>Technologiczne: <\/em><\/strong>1E551b Krzemionka koloidalna, 1bE321 BHT &#8211; przeciwutleniacz. <strong><em>Sensoryczne: <\/em><\/strong>2b aromat identyczny z naturalnym.<\/p>\n<p>W\u0142a\u015bciwo\u015bci: Mieszanka zawieraj\u0105ca witaminy, aminokwasy, pierwiastki \u015bladowe i mineralne. Ci\u0105g\u0142y dost\u0119p do mieszanki zapewni doskona\u0142e zdrowie oraz form\u0119 lotowo-rozrodcz\u0105. Wzmacnia uk\u0142ad immunologiczny oraz wspomaga pierzenie.<\/p>\n<p><strong>Podawanie: <\/strong>MineralVit nale\u017cy podawa\u0107 go\u0142\u0119biom w osobnych miseczkach do dowolnego pobierania, pami\u0119taj\u0105c o stosowaniu \u201emniej ale cz\u0119\u015bciej\u201d, aby zapobiec zanieczyszczeniu mieszanki oraz osiadaniu kurzu. Jak r\u00f3wnie\u017c na karm\u0119: 10 g \/ 1kg zwil\u017conej olejkiem np. OlejMix, Garlisoil lub OviDachol.<br \/>\nPrzechowywa\u0107 w suchym miejscu!<\/p>\n<p><strong>Waga netto: <\/strong>7 kg<\/p>\n","protected":false},"excerpt":{"rendered":"<p>(PL) Uzupe\u0142niaj\u0105ca mieszanka paszowa dla go\u0142\u0119bi. Sk\u0142ad: m\u0105czka ceglana(py\u0142owa),w\u0119glan wapnia, fosforan dwuwapniowy paszowy, tlenek magnezu 15 %, substancje mineralno-witaminowe. Dodatki w 1 kg: Amid kw. nikotynowego 1200mg, B1-80 mg, B12-300 mg, B6-150 mg, H-1 mg, K3-150 mg, A-1 500 000 j.m, D3-600 000 j.m., E-1 500 mg, C-7000 mg, Mn-72 000 mg, Cu-12 700 mg, [&hellip;]<\/p>\n","protected":false},"featured_media":7551,"template":"","meta":{"site-sidebar-layout":"default","site-content-layout":"default","ast-site-content-layout":"default","site-content-style":"default","site-sidebar-style":"default","ast-global-header-display":"","ast-banner-title-visibility":"","ast-main-header-display":"","ast-hfb-above-header-display":"","ast-hfb-below-header-display":"","ast-hfb-mobile-header-display":"","site-post-title":"","ast-breadcrumbs-content":"","ast-featured-img":"","footer-sml-layout":"","ast-disable-related-posts":"","theme-transparent-header-meta":"default","adv-header-id-meta":"","stick-header-meta":"","header-above-stick-meta":"","header-main-stick-meta":"","header-below-stick-meta":"","astra-migrate-meta-layouts":"set","ast-page-background-enabled":"default","ast-page-background-meta":{"desktop":{"background-color":"","background-image":"","background-repeat":"repeat","background-position":"center center","background-size":"auto","background-attachment":"scroll","background-type":"","background-media":"","overlay-type":"","overlay-color":"","overlay-opacity":"","overlay-gradient":""},"tablet":{"background-color":"","background-image":"","background-repeat":"repeat","background-position":"center center","background-size":"auto","background-attachment":"scroll","background-type":"","background-media":"","overlay-type":"","overlay-color":"","overlay-opacity":"","overlay-gradient":""},"mobile":{"background-color":"","background-image":"","background-repeat":"repeat","background-position":"center center","background-size":"auto","background-attachment":"scroll","background-type":"","background-media":"","overlay-type":"","overlay-color":"","overlay-opacity":"","overlay-gradient":""}},"ast-content-background-meta":{"desktop":{"background-color":"var(--ast-global-color-5)","background-image":"","background-repeat":"repeat","background-position":"center center","background-size":"auto","background-attachment":"scroll","background-type":"","background-media":"","overlay-type":"","overlay-color":"","overlay-opacity":"","overlay-gradient":""},"tablet":{"background-color":"var(--ast-global-color-5)","background-image":"","background-repeat":"repeat","background-position":"center center","background-size":"auto","background-attachment":"scroll","background-type":"","background-media":"","overlay-type":"","overlay-color":"","overlay-opacity":"","overlay-gradient":""},"mobile":{"background-color":"var(--ast-global-color-5)","background-image":"","background-repeat":"repeat","background-position":"center center","background-size":"auto","background-attachment":"scroll","background-type":"","background-media":"","overlay-type":"","overlay-color":"","overlay-opacity":"","overlay-gradient":""}}},"product_brand":[],"product_cat":[96],"product_tag":[],"class_list":{"0":"post-4248","1":"product","2":"type-product","3":"status-publish","4":"has-post-thumbnail","6":"product_cat-mineraly","7":"desktop-align-center","8":"tablet-align-left","9":"mobile-align-left","11":"first","12":"instock","13":"shipping-taxable","14":"product-type-simple"},"_links":{"self":[{"href":"https:\/\/ovigor.pl\/index.php?rest_route=\/wp\/v2\/product\/4248","targetHints":{"allow":["GET"]}}],"collection":[{"href":"https:\/\/ovigor.pl\/index.php?rest_route=\/wp\/v2\/product"}],"about":[{"href":"https:\/\/ovigor.pl\/index.php?rest_route=\/wp\/v2\/types\/product"}],"wp:featuredmedia":[{"embeddable":true,"href":"https:\/\/ovigor.pl\/index.php?rest_route=\/wp\/v2\/media\/7551"}],"wp:attachment":[{"href":"https:\/\/ovigor.pl\/index.php?rest_route=%2Fwp%2Fv2%2Fmedia&parent=4248"}],"wp:term":[{"taxonomy":"product_brand","embeddable":true,"href":"https:\/\/ovigor.pl\/index.php?rest_route=%2Fwp%2Fv2%2Fproduct_brand&post=4248"},{"taxonomy":"product_cat","embeddable":true,"href":"https:\/\/ovigor.pl\/index.php?rest_route=%2Fwp%2Fv2%2Fproduct_cat&post=4248"},{"taxonomy":"product_tag","embeddable":true,"href":"https:\/\/ovigor.pl\/index.php?rest_route=%2Fwp%2Fv2%2Fproduct_tag&post=4248"}],"curies":[{"name":"wp","href":"https:\/\/api.w.org\/{rel}","templated":true}]}}