{"id":4250,"date":"2022-09-26T12:33:48","date_gmt":"2022-09-26T10:33:48","guid":{"rendered":"https:\/\/ovigor.pl\/?post_type=product&#038;p=4250"},"modified":"2024-11-19T14:53:16","modified_gmt":"2024-11-19T13:53:16","slug":"ovimix","status":"publish","type":"product","link":"https:\/\/ovigor.pl\/?product=ovimix","title":{"rendered":"OviMix"},"content":{"rendered":"<p><strong>(PL) <\/strong>Uzupe\u0142niaj\u0105ca mieszanka paszowa dla go\u0142\u0119bi.<\/p>\n<p><strong>Sk\u0142adniki analityczne:<\/strong> popi\u00f3\u0142 surowy 60%, wap\u0144 39%,potas 16,5%s\u00f3d 1,3%, magnez 0,9%, fosfor 0,03%, metionina 0,0%, lizyna 0,0%, wilgotno\u015b\u0107 0,5 %, bia\u0142ko surowe &lt;0,4%, w\u0142\u00f3kno surowe &lt;0,3%, oleje i t\u0142uszcze surowe &lt;0,1%<\/p>\n<p><strong>Sk\u0142ad: <\/strong>wapienne muszle morskie, w\u0119glan wapnia, w\u0119giel ro\u015blinny (drzewny), czerwony kamie\u0144 (grit), bia\u0142y kamie\u0144 (grit), wap\u0144 organiczny ze skorup jaj, algi morskie, dro\u017cd\u017ce piwne, any\u017c,\u00a0 ziarna zb\u00f3\u017c nasion oleistych: rzepak, proso \u017c\u00f3\u0142te i czerwone, s\u0142onecznik, sorgo, siemi\u0119 lniane, ry\u017c \u0142uskany, kardi, kanar, dari, gryka i konopie. Dodatki: witaminy B1, B12, B6, K3,A.,D3, C, E.<\/p>\n<p><strong>W\u0142a\u015bciwo\u015bci: <\/strong>OviMix to optymalnie zbilansowana mieszanka minera\u0142\u00f3w i witamin dla go\u0142\u0119bi, ptak\u00f3w ozdobnych oraz dla drobiu ozdobnego. Zawiera najwa\u017cniejsze sk\u0142adniki niezb\u0119dne dla prawid\u0142owego funkcjonowania organizmu, korzystnie wp\u0142ywa na si\u0142\u0119 i zdrowie go\u0142\u0119bi, pobudza trawienie. OviMix\u00a0 powinien by\u0107 podawany przez ca\u0142y rok, a w szczeg\u00f3lno\u015bci w okresach wzmo\u017conego wysi\u0142ku:<\/p>\n<p>\u2013\u00a0\u00a0 w okresie rozrodczym:\u00a0 kszta\u0142tuje uk\u0142ad kostny, wspomaga tworzenie mocnej skorupy jaj<\/p>\n<p>\u2013 w okresie lotowym: dodaje go\u0142\u0119biom lotowym wigoru<\/p>\n<p>\u2013\u00a0\u00a0 w okresie pierzeniowym: u\u0142atwia kszta\u0142towanie i\u00a0 rozw\u00f3j nowych\u00a0 pi\u00f3r (nasiona oleiste)<\/p>\n<p><strong>Podawanie w osobnych pojemnikach:<\/strong><\/p>\n<p>3-4 x w tygodniu: 20 gram (1 miarka ) na 6 go\u0142\u0119bi pocztowych<\/p>\n<p>2-3 x w tygodniu: 20 gram (1 miarka )\u00a0 na 2 kg wagi cia\u0142a go\u0142\u0119bi ozdobnych<\/p>\n<p>3-4 x w tygodniu: 20 gram (1 miarka)\u00a0 na 2 kg wagi cia\u0142a drobiu ozdobnego<\/p>\n<p><strong>Przechowywanie: <\/strong>Przechowywa\u0107 w\u00a0 suchym miejscu!<\/p>\n<p><strong>Obj\u0119to\u015b\u0107 netto: <\/strong>6 kg<\/p>\n","protected":false},"excerpt":{"rendered":"<p>(PL) Uzupe\u0142niaj\u0105ca mieszanka paszowa dla go\u0142\u0119bi. Sk\u0142adniki analityczne: popi\u00f3\u0142 surowy 60%, wap\u0144 39%,potas 16,5%s\u00f3d 1,3%, magnez 0,9%, fosfor 0,03%, metionina 0,0%, lizyna 0,0%, wilgotno\u015b\u0107 0,5 %, bia\u0142ko surowe &lt;0,4%, w\u0142\u00f3kno surowe &lt;0,3%, oleje i t\u0142uszcze surowe &lt;0,1% Sk\u0142ad: wapienne muszle morskie, w\u0119glan wapnia, w\u0119giel ro\u015blinny (drzewny), czerwony kamie\u0144 (grit), bia\u0142y kamie\u0144 (grit), wap\u0144 organiczny ze [&hellip;]<\/p>\n","protected":false},"featured_media":7550,"template":"","meta":{"site-sidebar-layout":"default","site-content-layout":"default","ast-site-content-layout":"default","site-content-style":"default","site-sidebar-style":"default","ast-global-header-display":"","ast-banner-title-visibility":"","ast-main-header-display":"","ast-hfb-above-header-display":"","ast-hfb-below-header-display":"","ast-hfb-mobile-header-display":"","site-post-title":"","ast-breadcrumbs-content":"","ast-featured-img":"","footer-sml-layout":"","ast-disable-related-posts":"","theme-transparent-header-meta":"default","adv-header-id-meta":"","stick-header-meta":"","header-above-stick-meta":"","header-main-stick-meta":"","header-below-stick-meta":"","astra-migrate-meta-layouts":"set","ast-page-background-enabled":"default","ast-page-background-meta":{"desktop":{"background-color":"","background-image":"","background-repeat":"repeat","background-position":"center center","background-size":"auto","background-attachment":"scroll","background-type":"","background-media":"","overlay-type":"","overlay-color":"","overlay-opacity":"","overlay-gradient":""},"tablet":{"background-color":"","background-image":"","background-repeat":"repeat","background-position":"center center","background-size":"auto","background-attachment":"scroll","background-type":"","background-media":"","overlay-type":"","overlay-color":"","overlay-opacity":"","overlay-gradient":""},"mobile":{"background-color":"","background-image":"","background-repeat":"repeat","background-position":"center center","background-size":"auto","background-attachment":"scroll","background-type":"","background-media":"","overlay-type":"","overlay-color":"","overlay-opacity":"","overlay-gradient":""}},"ast-content-background-meta":{"desktop":{"background-color":"var(--ast-global-color-5)","background-image":"","background-repeat":"repeat","background-position":"center center","background-size":"auto","background-attachment":"scroll","background-type":"","background-media":"","overlay-type":"","overlay-color":"","overlay-opacity":"","overlay-gradient":""},"tablet":{"background-color":"var(--ast-global-color-5)","background-image":"","background-repeat":"repeat","background-position":"center center","background-size":"auto","background-attachment":"scroll","background-type":"","background-media":"","overlay-type":"","overlay-color":"","overlay-opacity":"","overlay-gradient":""},"mobile":{"background-color":"var(--ast-global-color-5)","background-image":"","background-repeat":"repeat","background-position":"center center","background-size":"auto","background-attachment":"scroll","background-type":"","background-media":"","overlay-type":"","overlay-color":"","overlay-opacity":"","overlay-gradient":""}}},"product_brand":[],"product_cat":[96],"product_tag":[],"class_list":{"0":"post-4250","1":"product","2":"type-product","3":"status-publish","4":"has-post-thumbnail","6":"product_cat-mineraly","7":"desktop-align-center","8":"tablet-align-left","9":"mobile-align-left","11":"first","12":"instock","13":"shipping-taxable","14":"product-type-simple"},"_links":{"self":[{"href":"https:\/\/ovigor.pl\/index.php?rest_route=\/wp\/v2\/product\/4250","targetHints":{"allow":["GET"]}}],"collection":[{"href":"https:\/\/ovigor.pl\/index.php?rest_route=\/wp\/v2\/product"}],"about":[{"href":"https:\/\/ovigor.pl\/index.php?rest_route=\/wp\/v2\/types\/product"}],"wp:featuredmedia":[{"embeddable":true,"href":"https:\/\/ovigor.pl\/index.php?rest_route=\/wp\/v2\/media\/7550"}],"wp:attachment":[{"href":"https:\/\/ovigor.pl\/index.php?rest_route=%2Fwp%2Fv2%2Fmedia&parent=4250"}],"wp:term":[{"taxonomy":"product_brand","embeddable":true,"href":"https:\/\/ovigor.pl\/index.php?rest_route=%2Fwp%2Fv2%2Fproduct_brand&post=4250"},{"taxonomy":"product_cat","embeddable":true,"href":"https:\/\/ovigor.pl\/index.php?rest_route=%2Fwp%2Fv2%2Fproduct_cat&post=4250"},{"taxonomy":"product_tag","embeddable":true,"href":"https:\/\/ovigor.pl\/index.php?rest_route=%2Fwp%2Fv2%2Fproduct_tag&post=4250"}],"curies":[{"name":"wp","href":"https:\/\/api.w.org\/{rel}","templated":true}]}}