{"id":4373,"date":"2022-10-17T14:01:01","date_gmt":"2022-10-17T12:01:01","guid":{"rendered":"https:\/\/ovigor.pl\/?post_type=product&#038;p=4373"},"modified":"2024-11-19T14:36:18","modified_gmt":"2024-11-19T13:36:18","slug":"oviyeast-pro","status":"publish","type":"product","link":"https:\/\/ovigor.pl\/?product=oviyeast-pro","title":{"rendered":"OviYeast PRO"},"content":{"rendered":"<p><strong>(PL)<\/strong> Uzupe\u0142niaj\u0105ca mieszanka paszowa dla go\u0142\u0119bi z dro\u017cd\u017cy piwnych i bia\u0142ka.<\/p>\n<p><strong>Sk\u0142ad:<\/strong> dro\u017cd\u017ce piwne, bia\u0142ko ziemniaczane<\/p>\n<p><strong>Sk\u0142adniki analityczne: <\/strong>bia\u0142ko surowe 46%, popi\u00f3\u0142 surowy 5,5%, w\u0142\u00f3kno surowe 1%, oleje i t\u0142uszcze surowe 0,5%, lizyna 3%, metionina 0,5%, s\u00f3d 0,7%, potas 0%<\/p>\n<p><strong>W\u0142a\u015bciwo\u015bci:<\/strong> Dro\u017cd\u017ce piwne wp\u0142ywaj\u0105 wzmacniaj\u0105co i pobudzaj\u0105 apetyt go\u0142\u0119bi. Zwi\u0119kszaj\u0105 strawno\u015b\u0107 paszy, podnosz\u0105 kondycj\u0119 i wydolno\u015b\u0107 fizyczn\u0105, dzia\u0142aj\u0105 korzystnie w przypadku zaburze\u0144 w trawieniu. S\u0105 naturalnym \u017ar\u00f3d\u0142em witamin z grupy B oraz kwasu pantotenowego, foliowego, witaminy H, jak r\u00f3wnie\u017c pierwiastk\u00f3w \u015bladowych: miedzi, \u017celaza, cynku, jodu i selenu. We wsp\u00f3\u0142czesnych karmach maleje udzia\u0142 nasion str\u0105czkowych (dostawcy bia\u0142ka!) ze wzgl\u0119du na ich w\u0142a\u015bciwo\u015bci \u201eobci\u0105\u017caj\u0105ce\u201d uk\u0142ad trawienny. Idealnym, ro\u015blinnym zamiennikiem staj\u0105 si\u0119 dro\u017cd\u017ce piwne, zawieraj\u0105ce wysokiej jako\u015bci dobrze przyswajalne bia\u0142ko. Badania w dziedzinie \u017cywienia zwierz\u0105t dowiod\u0142y, \u017ce doskona\u0142\u0105 przyswajalno\u015bci\u0105 (do 90%) charakteryzuje si\u0119 bia\u0142ko ziemniaczane, pozyskiwane w bardzo trudnym i kosztownym procesie koagulacji soku kom\u00f3rkowego ziemniaka. Udzia\u0142 bia\u0142ka ziemniaczanego powoduje, \u017ce preparat OviYeast PRO staje si\u0119 niezast\u0105pionym, naturalnym \u017ar\u00f3d\u0142em czystych protein o najwy\u017cszej strawno\u015bci.<\/p>\n<p><strong>Podawanie: <\/strong>10g \/ 1kg karmy<br \/>\nch\u00f3w \u2013 2-3 x w tygodniu<br \/>\nloty \u2013 dzie\u0144 po powrocie z lotu<br \/>\nprzez ca\u0142y rok 1-2 x w tygodniu<\/p>\n<p><strong>Waga netto: <\/strong>600g<\/p>\n","protected":false},"excerpt":{"rendered":"<p>(PL) Uzupe\u0142niaj\u0105ca mieszanka paszowa dla go\u0142\u0119bi z dro\u017cd\u017cy piwnych i bia\u0142ka. Sk\u0142ad: dro\u017cd\u017ce piwne, bia\u0142ko ziemniaczane Sk\u0142adniki analityczne: bia\u0142ko surowe 46%, popi\u00f3\u0142 surowy 5,5%, w\u0142\u00f3kno surowe 1%, oleje i t\u0142uszcze surowe 0,5%, lizyna 3%, metionina 0,5%, s\u00f3d 0,7%, potas 0% W\u0142a\u015bciwo\u015bci: Dro\u017cd\u017ce piwne wp\u0142ywaj\u0105 wzmacniaj\u0105co i pobudzaj\u0105 apetyt go\u0142\u0119bi. Zwi\u0119kszaj\u0105 strawno\u015b\u0107 paszy, podnosz\u0105 kondycj\u0119 i [&hellip;]<\/p>\n","protected":false},"featured_media":7547,"template":"","meta":{"site-sidebar-layout":"default","site-content-layout":"default","ast-site-content-layout":"default","site-content-style":"default","site-sidebar-style":"default","ast-global-header-display":"","ast-banner-title-visibility":"","ast-main-header-display":"","ast-hfb-above-header-display":"","ast-hfb-below-header-display":"","ast-hfb-mobile-header-display":"","site-post-title":"","ast-breadcrumbs-content":"","ast-featured-img":"","footer-sml-layout":"","ast-disable-related-posts":"","theme-transparent-header-meta":"default","adv-header-id-meta":"","stick-header-meta":"","header-above-stick-meta":"","header-main-stick-meta":"","header-below-stick-meta":"","astra-migrate-meta-layouts":"set","ast-page-background-enabled":"default","ast-page-background-meta":{"desktop":{"background-color":"","background-image":"","background-repeat":"repeat","background-position":"center center","background-size":"auto","background-attachment":"scroll","background-type":"","background-media":"","overlay-type":"","overlay-color":"","overlay-opacity":"","overlay-gradient":""},"tablet":{"background-color":"","background-image":"","background-repeat":"repeat","background-position":"center center","background-size":"auto","background-attachment":"scroll","background-type":"","background-media":"","overlay-type":"","overlay-color":"","overlay-opacity":"","overlay-gradient":""},"mobile":{"background-color":"","background-image":"","background-repeat":"repeat","background-position":"center center","background-size":"auto","background-attachment":"scroll","background-type":"","background-media":"","overlay-type":"","overlay-color":"","overlay-opacity":"","overlay-gradient":""}},"ast-content-background-meta":{"desktop":{"background-color":"var(--ast-global-color-5)","background-image":"","background-repeat":"repeat","background-position":"center center","background-size":"auto","background-attachment":"scroll","background-type":"","background-media":"","overlay-type":"","overlay-color":"","overlay-opacity":"","overlay-gradient":""},"tablet":{"background-color":"var(--ast-global-color-5)","background-image":"","background-repeat":"repeat","background-position":"center center","background-size":"auto","background-attachment":"scroll","background-type":"","background-media":"","overlay-type":"","overlay-color":"","overlay-opacity":"","overlay-gradient":""},"mobile":{"background-color":"var(--ast-global-color-5)","background-image":"","background-repeat":"repeat","background-position":"center center","background-size":"auto","background-attachment":"scroll","background-type":"","background-media":"","overlay-type":"","overlay-color":"","overlay-opacity":"","overlay-gradient":""}}},"product_brand":[],"product_cat":[93,92],"product_tag":[],"class_list":{"0":"post-4373","1":"product","2":"type-product","3":"status-publish","4":"has-post-thumbnail","6":"product_cat-chow","7":"product_cat-profilaktyka-i-zdrowie","8":"desktop-align-center","9":"tablet-align-left","10":"mobile-align-left","12":"first","13":"instock","14":"shipping-taxable","15":"product-type-simple"},"_links":{"self":[{"href":"https:\/\/ovigor.pl\/index.php?rest_route=\/wp\/v2\/product\/4373","targetHints":{"allow":["GET"]}}],"collection":[{"href":"https:\/\/ovigor.pl\/index.php?rest_route=\/wp\/v2\/product"}],"about":[{"href":"https:\/\/ovigor.pl\/index.php?rest_route=\/wp\/v2\/types\/product"}],"wp:featuredmedia":[{"embeddable":true,"href":"https:\/\/ovigor.pl\/index.php?rest_route=\/wp\/v2\/media\/7547"}],"wp:attachment":[{"href":"https:\/\/ovigor.pl\/index.php?rest_route=%2Fwp%2Fv2%2Fmedia&parent=4373"}],"wp:term":[{"taxonomy":"product_brand","embeddable":true,"href":"https:\/\/ovigor.pl\/index.php?rest_route=%2Fwp%2Fv2%2Fproduct_brand&post=4373"},{"taxonomy":"product_cat","embeddable":true,"href":"https:\/\/ovigor.pl\/index.php?rest_route=%2Fwp%2Fv2%2Fproduct_cat&post=4373"},{"taxonomy":"product_tag","embeddable":true,"href":"https:\/\/ovigor.pl\/index.php?rest_route=%2Fwp%2Fv2%2Fproduct_tag&post=4373"}],"curies":[{"name":"wp","href":"https:\/\/api.w.org\/{rel}","templated":true}]}}