{"id":4375,"date":"2022-10-17T14:03:11","date_gmt":"2022-10-17T12:03:11","guid":{"rendered":"https:\/\/ovigor.pl\/?post_type=product&#038;p=4375"},"modified":"2024-11-19T14:33:16","modified_gmt":"2024-11-19T13:33:16","slug":"powermix-tabs","status":"publish","type":"product","link":"https:\/\/ovigor.pl\/?product=powermix-tabs","title":{"rendered":"PowerMix TABS\u00ae"},"content":{"rendered":"<p><strong>(PL) <\/strong>Uzupe\u0142niaj\u0105ca mieszanka paszowa dla go\u0142\u0119bi do podawania doustnego.<\/p>\n<p><strong>Sk\u0142adniki analityczne:<\/strong> wilgotno\u015b\u0107 0,70 %, popi\u00f3\u0142 surowy 3,0 %, bia\u0142ko surowe 2,2 %, w\u0142\u00f3kno surowe 2,1 %, oleje i t\u0142uszcze surowe 0,3 %, s\u00f3d 0,06 %, potas 0,04 %, wap\u0144 0,1 %, fosfor 0,07%, magnez 0,05 %, lizyna 0,0%, metionina 0,0%.<\/p>\n<p><strong>Sk\u0142ad: <\/strong>koncentrat bia\u0142ka sojowego, makuch z nasion soi, inulina z cykorii, laktoza.<\/p>\n<p><strong>Dodatki na 1 kg<\/strong>: Dietetyczne: 3a672a Witamina A25 000j.m, 3aE671 Witamina D3 2 500 j.m, 3a700 Witamina E 15mg, 3a820 Witamina B1 30 mg, 3a Witamina B2, 30 mg, 3a831 Witamina B6 20 mg,3a Witamina B12 0,03mg,3a315 Niacynamid 60 mg,3a890 Chlorek choliny 500 mg,3a841 Kwas pantotenowy 55mg,3a710 Witamina K3 5 mg,3a300 Witamina C 500 mg,3a316 Kwas foliowy 5,5 mg, 3a880 Biotyna 0,08 mg,3a900 Inozytol 80 mg,3bE6 Cynk 2 mg,3bE5 Mangan 10 mg,3bE4 Mied\u017a 0,5 mg,3bE1 \u017belazo 18 mg,3bE8 Selen 0,45 mg.<br \/>\nTechnologiczne: 1E551b Krzemionka koloidalna, 1bE321-przeciwutleniacz BHT, E 460 l Celuloza krystaliczna-substancja wype\u0142niaj\u0105ca.<br \/>\nSensoryczne: 2b substancja zapachowa.<\/p>\n<p><strong>W\u0142a\u015bciwo\u015bci:<\/strong><br \/>\n* Szybkie odzyskiwanie si\u0142 po locie<br \/>\n* Wspomaga przy wyczerpaniu oraz zm\u0119czeniu.<br \/>\n* Kombinacja witamin, aminokwas\u00f3w, elektrolit\u00f3w, pierwiastk\u00f3w \u015bladowych oraz no\u015bnik\u00f3w energii daj\u0105ce kondycj\u0119 niezb\u0119dn\u0105 do osi\u0105gania czo\u0142owych wynik\u00f3w lotowych.<br \/>\n* Korzystnie wp\u0142ywa na uk\u0142ad immunologiczny.<\/p>\n<p><strong>Podawanie: <\/strong>1-2 tabletki na go\u0142\u0119bia:\u00a0 1 x dziennie!<br \/>\n* Go\u0142\u0119bie lotowe: w ci\u0105gu ostatnich dw\u00f3ch dni przed koszowaniem 2 tabletki oraz po locie celem wzmocnienia organizmu 1-2 tabletki.<br \/>\n*\u00a0 Przygotowanie do l\u0119g\u00f3w: 2 x w tygodniu- 1-2 tabletki (4 tygodnie przed parowaniem)<br \/>\n*\u00a0 Wych\u00f3w m\u0142odych, Pierzenie, Wystawy : 2 x w tygodniu- 2 tabletki.<br \/>\nPrzechowywa\u0107 w ch\u0142odnym i suchym miejscu!<\/p>\n<p><strong>Masa netto:<\/strong> 80g \/ ok. 250 szt.<\/p>\n","protected":false},"excerpt":{"rendered":"<p>(PL) Uzupe\u0142niaj\u0105ca mieszanka paszowa dla go\u0142\u0119bi do podawania doustnego. Sk\u0142adniki analityczne: wilgotno\u015b\u0107 0,70 %, popi\u00f3\u0142 surowy 3,0 %, bia\u0142ko surowe 2,2 %, w\u0142\u00f3kno surowe 2,1 %, oleje i t\u0142uszcze surowe 0,3 %, s\u00f3d 0,06 %, potas 0,04 %, wap\u0144 0,1 %, fosfor 0,07%, magnez 0,05 %, lizyna 0,0%, metionina 0,0%. Sk\u0142ad: koncentrat bia\u0142ka sojowego, makuch [&hellip;]<\/p>\n","protected":false},"featured_media":7546,"template":"","meta":{"site-sidebar-layout":"default","site-content-layout":"default","ast-site-content-layout":"default","site-content-style":"default","site-sidebar-style":"default","ast-global-header-display":"","ast-banner-title-visibility":"","ast-main-header-display":"","ast-hfb-above-header-display":"","ast-hfb-below-header-display":"","ast-hfb-mobile-header-display":"","site-post-title":"","ast-breadcrumbs-content":"","ast-featured-img":"","footer-sml-layout":"","ast-disable-related-posts":"","theme-transparent-header-meta":"default","adv-header-id-meta":"","stick-header-meta":"","header-above-stick-meta":"","header-main-stick-meta":"","header-below-stick-meta":"","astra-migrate-meta-layouts":"set","ast-page-background-enabled":"default","ast-page-background-meta":{"desktop":{"background-color":"","background-image":"","background-repeat":"repeat","background-position":"center center","background-size":"auto","background-attachment":"scroll","background-type":"","background-media":"","overlay-type":"","overlay-color":"","overlay-opacity":"","overlay-gradient":""},"tablet":{"background-color":"","background-image":"","background-repeat":"repeat","background-position":"center center","background-size":"auto","background-attachment":"scroll","background-type":"","background-media":"","overlay-type":"","overlay-color":"","overlay-opacity":"","overlay-gradient":""},"mobile":{"background-color":"","background-image":"","background-repeat":"repeat","background-position":"center center","background-size":"auto","background-attachment":"scroll","background-type":"","background-media":"","overlay-type":"","overlay-color":"","overlay-opacity":"","overlay-gradient":""}},"ast-content-background-meta":{"desktop":{"background-color":"var(--ast-global-color-5)","background-image":"","background-repeat":"repeat","background-position":"center center","background-size":"auto","background-attachment":"scroll","background-type":"","background-media":"","overlay-type":"","overlay-color":"","overlay-opacity":"","overlay-gradient":""},"tablet":{"background-color":"var(--ast-global-color-5)","background-image":"","background-repeat":"repeat","background-position":"center center","background-size":"auto","background-attachment":"scroll","background-type":"","background-media":"","overlay-type":"","overlay-color":"","overlay-opacity":"","overlay-gradient":""},"mobile":{"background-color":"var(--ast-global-color-5)","background-image":"","background-repeat":"repeat","background-position":"center center","background-size":"auto","background-attachment":"scroll","background-type":"","background-media":"","overlay-type":"","overlay-color":"","overlay-opacity":"","overlay-gradient":""}}},"product_brand":[],"product_cat":[94],"product_tag":[],"class_list":{"0":"post-4375","1":"product","2":"type-product","3":"status-publish","4":"has-post-thumbnail","6":"product_cat-loty","7":"desktop-align-center","8":"tablet-align-left","9":"mobile-align-left","11":"first","12":"instock","13":"shipping-taxable","14":"product-type-simple"},"_links":{"self":[{"href":"https:\/\/ovigor.pl\/index.php?rest_route=\/wp\/v2\/product\/4375","targetHints":{"allow":["GET"]}}],"collection":[{"href":"https:\/\/ovigor.pl\/index.php?rest_route=\/wp\/v2\/product"}],"about":[{"href":"https:\/\/ovigor.pl\/index.php?rest_route=\/wp\/v2\/types\/product"}],"wp:featuredmedia":[{"embeddable":true,"href":"https:\/\/ovigor.pl\/index.php?rest_route=\/wp\/v2\/media\/7546"}],"wp:attachment":[{"href":"https:\/\/ovigor.pl\/index.php?rest_route=%2Fwp%2Fv2%2Fmedia&parent=4375"}],"wp:term":[{"taxonomy":"product_brand","embeddable":true,"href":"https:\/\/ovigor.pl\/index.php?rest_route=%2Fwp%2Fv2%2Fproduct_brand&post=4375"},{"taxonomy":"product_cat","embeddable":true,"href":"https:\/\/ovigor.pl\/index.php?rest_route=%2Fwp%2Fv2%2Fproduct_cat&post=4375"},{"taxonomy":"product_tag","embeddable":true,"href":"https:\/\/ovigor.pl\/index.php?rest_route=%2Fwp%2Fv2%2Fproduct_tag&post=4375"}],"curies":[{"name":"wp","href":"https:\/\/api.w.org\/{rel}","templated":true}]}}