{"id":4459,"date":"2022-11-09T14:31:58","date_gmt":"2022-11-09T13:31:58","guid":{"rendered":"https:\/\/ovigor.pl\/?post_type=product&#038;p=4459"},"modified":"2024-11-19T14:14:33","modified_gmt":"2024-11-19T13:14:33","slug":"robaut-tabs","status":"publish","type":"product","link":"https:\/\/ovigor.pl\/?product=robaut-tabs","title":{"rendered":"RobAut\u00ae TABS"},"content":{"rendered":"<p><strong>(PL)<\/strong> Uzupe\u0142niaj\u0105ca mieszanka paszowa dla go\u0142\u0119bi do podawania doustnego.<\/p>\n<p><strong>Sk\u0142adniki analityczne: <\/strong>bia\u0142ko surowe 6,4%, w\u0142\u00f3kno surowe 6,7%, popi\u00f3\u0142 surowy 54,2%, t\u0142uszcz surowy 3,7%, s\u00f3d 0,0%, potas 0,0%, metionina 0,4%, lizyna 0,10%.<\/p>\n<p><strong>Sk\u0142ad: <\/strong>wrotycz ziele 45%, pio\u0142un ziele 10%, wierzba purpurowa kora 5%, babka w\u0105skolistna ziele 5%, sza\u0142wia ziele 5%, nagietek kwiat 5%, krwawnik ziele 5%, tymianek ziele 5%, any\u017c owoc 5%, cynamon kora 5%, orzech w\u0142oski li\u015b\u0107 5%.<\/p>\n<p><strong>Dodatki: <\/strong>Technologiczne: celuloza mikrokrystaliczna- E 460 l substancja wype\u0142niaj\u0105ca.<\/p>\n<p><strong>W\u0142a\u015bciwo\u015bci: <\/strong>RobAut to produkt z ro\u015blin odgrywaj\u0105cych istotn\u0105 rol\u0119 w karmieniu go\u0142\u0119bi. W\u0142a\u015bciwo\u015bci takich sk\u0142adnik\u00f3w jak wrotycz i pio\u0142un zapewniaj\u0105 czysto\u015b\u0107 uk\u0142adu pokarmowego od glist, kapilarii, tasiemc\u00f3w, co pozwala na lepsze osi\u0105gni\u0119cia w hodowli oraz lotach. Znacz\u0105co poprawia przyswajalno\u015b\u0107 pokarmu. <strong>Zapobiega objawom biegunkowym &#8211; wi\u0105\u017ce wodniste odchody (zatrucie w polu, zmiana karmy, stres). Ka\u0142 staje si\u0119 stabilny i suchy.<\/strong><\/p>\n<p><strong>Masa netto:<\/strong> 65g \/ ok. 190 szt.<\/p>\n","protected":false},"excerpt":{"rendered":"<p>(PL) Uzupe\u0142niaj\u0105ca mieszanka paszowa dla go\u0142\u0119bi do podawania doustnego. Sk\u0142adniki analityczne: bia\u0142ko surowe 6,4%, w\u0142\u00f3kno surowe 6,7%, popi\u00f3\u0142 surowy 54,2%, t\u0142uszcz surowy 3,7%, s\u00f3d 0,0%, potas 0,0%, metionina 0,4%, lizyna 0,10%. Sk\u0142ad: wrotycz ziele 45%, pio\u0142un ziele 10%, wierzba purpurowa kora 5%, babka w\u0105skolistna ziele 5%, sza\u0142wia ziele 5%, nagietek kwiat 5%, krwawnik ziele 5%, [&hellip;]<\/p>\n","protected":false},"featured_media":7539,"template":"","meta":{"site-sidebar-layout":"default","site-content-layout":"default","ast-site-content-layout":"default","site-content-style":"default","site-sidebar-style":"default","ast-global-header-display":"","ast-banner-title-visibility":"","ast-main-header-display":"","ast-hfb-above-header-display":"","ast-hfb-below-header-display":"","ast-hfb-mobile-header-display":"","site-post-title":"","ast-breadcrumbs-content":"","ast-featured-img":"","footer-sml-layout":"","ast-disable-related-posts":"","theme-transparent-header-meta":"default","adv-header-id-meta":"","stick-header-meta":"","header-above-stick-meta":"","header-main-stick-meta":"","header-below-stick-meta":"","astra-migrate-meta-layouts":"set","ast-page-background-enabled":"default","ast-page-background-meta":{"desktop":{"background-color":"","background-image":"","background-repeat":"repeat","background-position":"center center","background-size":"auto","background-attachment":"scroll","background-type":"","background-media":"","overlay-type":"","overlay-color":"","overlay-opacity":"","overlay-gradient":""},"tablet":{"background-color":"","background-image":"","background-repeat":"repeat","background-position":"center center","background-size":"auto","background-attachment":"scroll","background-type":"","background-media":"","overlay-type":"","overlay-color":"","overlay-opacity":"","overlay-gradient":""},"mobile":{"background-color":"","background-image":"","background-repeat":"repeat","background-position":"center center","background-size":"auto","background-attachment":"scroll","background-type":"","background-media":"","overlay-type":"","overlay-color":"","overlay-opacity":"","overlay-gradient":""}},"ast-content-background-meta":{"desktop":{"background-color":"var(--ast-global-color-5)","background-image":"","background-repeat":"repeat","background-position":"center center","background-size":"auto","background-attachment":"scroll","background-type":"","background-media":"","overlay-type":"","overlay-color":"","overlay-opacity":"","overlay-gradient":""},"tablet":{"background-color":"var(--ast-global-color-5)","background-image":"","background-repeat":"repeat","background-position":"center center","background-size":"auto","background-attachment":"scroll","background-type":"","background-media":"","overlay-type":"","overlay-color":"","overlay-opacity":"","overlay-gradient":""},"mobile":{"background-color":"var(--ast-global-color-5)","background-image":"","background-repeat":"repeat","background-position":"center center","background-size":"auto","background-attachment":"scroll","background-type":"","background-media":"","overlay-type":"","overlay-color":"","overlay-opacity":"","overlay-gradient":""}}},"product_brand":[],"product_cat":[92],"product_tag":[],"class_list":{"0":"post-4459","1":"product","2":"type-product","3":"status-publish","4":"has-post-thumbnail","6":"product_cat-profilaktyka-i-zdrowie","7":"desktop-align-center","8":"tablet-align-left","9":"mobile-align-left","11":"first","12":"instock","13":"shipping-taxable","14":"product-type-simple"},"_links":{"self":[{"href":"https:\/\/ovigor.pl\/index.php?rest_route=\/wp\/v2\/product\/4459","targetHints":{"allow":["GET"]}}],"collection":[{"href":"https:\/\/ovigor.pl\/index.php?rest_route=\/wp\/v2\/product"}],"about":[{"href":"https:\/\/ovigor.pl\/index.php?rest_route=\/wp\/v2\/types\/product"}],"wp:featuredmedia":[{"embeddable":true,"href":"https:\/\/ovigor.pl\/index.php?rest_route=\/wp\/v2\/media\/7539"}],"wp:attachment":[{"href":"https:\/\/ovigor.pl\/index.php?rest_route=%2Fwp%2Fv2%2Fmedia&parent=4459"}],"wp:term":[{"taxonomy":"product_brand","embeddable":true,"href":"https:\/\/ovigor.pl\/index.php?rest_route=%2Fwp%2Fv2%2Fproduct_brand&post=4459"},{"taxonomy":"product_cat","embeddable":true,"href":"https:\/\/ovigor.pl\/index.php?rest_route=%2Fwp%2Fv2%2Fproduct_cat&post=4459"},{"taxonomy":"product_tag","embeddable":true,"href":"https:\/\/ovigor.pl\/index.php?rest_route=%2Fwp%2Fv2%2Fproduct_tag&post=4459"}],"curies":[{"name":"wp","href":"https:\/\/api.w.org\/{rel}","templated":true}]}}