{"id":4460,"date":"2022-11-09T14:35:04","date_gmt":"2022-11-09T13:35:04","guid":{"rendered":"https:\/\/ovigor.pl\/?post_type=product&#038;p=4460"},"modified":"2024-11-19T14:09:02","modified_gmt":"2024-11-19T13:09:02","slug":"proteina-tabs","status":"publish","type":"product","link":"https:\/\/ovigor.pl\/?product=proteina-tabs","title":{"rendered":"Proteina 66% TABS"},"content":{"rendered":"<p><strong>(PL)<\/strong> Uzupe\u0142niaj\u0105ca mieszanka paszowa dla go\u0142\u0119bi do podawania doustnego.<\/p>\n<p><strong>Sk\u0142adniki analityczne: <\/strong>bia\u0142ko surowe 66%, popi\u00f3\u0142 surowy 12,6%, lizyna 4,90%, metionina 3,50%, t\u0142uszcz surowy 2,90%, w\u0142\u00f3kno surowe 0,3%, s\u00f3d 1,80%.<\/p>\n<p><strong>Sk\u0142ad:<\/strong> bia\u0142ko ro\u015blinne ziemniaczane 65 %, bia\u0142ko ro\u015blinne sojowe 25%, bia\u0142ko mleka w proszku 10%.<\/p>\n<p><strong>Dodatki: <\/strong>technologiczne: celuloza mikrokrystaliczna- E 460- substancja wype\u0142niaj\u0105ca.<\/p>\n<p><strong>W\u0142a\u015bciwo\u015bci:<\/strong> PROTEINA 66% TABS to lekkostrawny koncentrat bia\u0142kowy, kt\u00f3ry zawiera bia\u0142ka mleka w proszku i ro\u015blinne (multiproteiny), w tym bia\u0142ka pochodz\u0105ce ze z\u0142o\u017conego, technologicznego procesu pozyskiwania skrobi ziemniaczanej. Jest naturalnym koncentratem, kt\u00f3ry odbudowuje i regeneruje tkank\u0119 mi\u0119\u015bniow\u0105. Umo\u017cliwia szybki powr\u00f3t go\u0142\u0119bi do formy po ci\u0119\u017ckim locie i przygotowuje go\u0142\u0119bia do kolejnego lotu. Wspomaga procesy trawienne, uk\u0142ad odporno\u015bciowy, wspomaga pierzenie. Poprawia przyswajalno\u015b\u0107 i efektywno\u015b\u0107 pokarmu karmi\u0105cych rodzic\u00f3w (szybszy i zdrowszy wzrost m\u0142odych go\u0142\u0119bi).<\/p>\n<p><strong>Podawanie: <\/strong>2 tabletki x 1 dziennie<br \/>\n-okres lotowy : po odbytym locie (w zale\u017cno\u015bci od trudno\u015bci lotu 2-4 tabletki).<br \/>\nPrzed lotem konkursowym- powy\u017cej 500 km : przez 3 dni przed koszowaniem. Powy\u017cej 700 km : przez 4 dni przed koszowaniem.<br \/>\n-go\u0142\u0119bie m\u0142ode w fazie rozrostu mi\u0119\u015bni : 2 tabletki- 2 x tygodniu<br \/>\n-okres pierzenia: 2 tabletki- 2 x w tygodniu<\/p>\n<p><strong>Waga netto:<\/strong> \u00a0\u00a074g \/ ok. 240 szt.<\/p>\n","protected":false},"excerpt":{"rendered":"<p>(PL) Uzupe\u0142niaj\u0105ca mieszanka paszowa dla go\u0142\u0119bi do podawania doustnego. Sk\u0142adniki analityczne: bia\u0142ko surowe 66%, popi\u00f3\u0142 surowy 12,6%, lizyna 4,90%, metionina 3,50%, t\u0142uszcz surowy 2,90%, w\u0142\u00f3kno surowe 0,3%, s\u00f3d 1,80%. Sk\u0142ad: bia\u0142ko ro\u015blinne ziemniaczane 65 %, bia\u0142ko ro\u015blinne sojowe 25%, bia\u0142ko mleka w proszku 10%. Dodatki: technologiczne: celuloza mikrokrystaliczna- E 460- substancja wype\u0142niaj\u0105ca. W\u0142a\u015bciwo\u015bci: PROTEINA 66% [&hellip;]<\/p>\n","protected":false},"featured_media":7538,"template":"","meta":{"site-sidebar-layout":"default","site-content-layout":"default","ast-site-content-layout":"default","site-content-style":"default","site-sidebar-style":"default","ast-global-header-display":"","ast-banner-title-visibility":"","ast-main-header-display":"","ast-hfb-above-header-display":"","ast-hfb-below-header-display":"","ast-hfb-mobile-header-display":"","site-post-title":"","ast-breadcrumbs-content":"","ast-featured-img":"","footer-sml-layout":"","ast-disable-related-posts":"","theme-transparent-header-meta":"default","adv-header-id-meta":"","stick-header-meta":"","header-above-stick-meta":"","header-main-stick-meta":"","header-below-stick-meta":"","astra-migrate-meta-layouts":"set","ast-page-background-enabled":"default","ast-page-background-meta":{"desktop":{"background-color":"","background-image":"","background-repeat":"repeat","background-position":"center center","background-size":"auto","background-attachment":"scroll","background-type":"","background-media":"","overlay-type":"","overlay-color":"","overlay-opacity":"","overlay-gradient":""},"tablet":{"background-color":"","background-image":"","background-repeat":"repeat","background-position":"center center","background-size":"auto","background-attachment":"scroll","background-type":"","background-media":"","overlay-type":"","overlay-color":"","overlay-opacity":"","overlay-gradient":""},"mobile":{"background-color":"","background-image":"","background-repeat":"repeat","background-position":"center center","background-size":"auto","background-attachment":"scroll","background-type":"","background-media":"","overlay-type":"","overlay-color":"","overlay-opacity":"","overlay-gradient":""}},"ast-content-background-meta":{"desktop":{"background-color":"var(--ast-global-color-5)","background-image":"","background-repeat":"repeat","background-position":"center center","background-size":"auto","background-attachment":"scroll","background-type":"","background-media":"","overlay-type":"","overlay-color":"","overlay-opacity":"","overlay-gradient":""},"tablet":{"background-color":"var(--ast-global-color-5)","background-image":"","background-repeat":"repeat","background-position":"center center","background-size":"auto","background-attachment":"scroll","background-type":"","background-media":"","overlay-type":"","overlay-color":"","overlay-opacity":"","overlay-gradient":""},"mobile":{"background-color":"var(--ast-global-color-5)","background-image":"","background-repeat":"repeat","background-position":"center center","background-size":"auto","background-attachment":"scroll","background-type":"","background-media":"","overlay-type":"","overlay-color":"","overlay-opacity":"","overlay-gradient":""}}},"product_brand":[],"product_cat":[93,94,95,128],"product_tag":[],"class_list":{"0":"post-4460","1":"product","2":"type-product","3":"status-publish","4":"has-post-thumbnail","6":"product_cat-chow","7":"product_cat-loty","8":"product_cat-upierzenie","9":"product_cat-wystawy-przygotowanie","10":"desktop-align-center","11":"tablet-align-left","12":"mobile-align-left","14":"first","15":"instock","16":"virtual","17":"product-type-simple"},"_links":{"self":[{"href":"https:\/\/ovigor.pl\/index.php?rest_route=\/wp\/v2\/product\/4460","targetHints":{"allow":["GET"]}}],"collection":[{"href":"https:\/\/ovigor.pl\/index.php?rest_route=\/wp\/v2\/product"}],"about":[{"href":"https:\/\/ovigor.pl\/index.php?rest_route=\/wp\/v2\/types\/product"}],"wp:featuredmedia":[{"embeddable":true,"href":"https:\/\/ovigor.pl\/index.php?rest_route=\/wp\/v2\/media\/7538"}],"wp:attachment":[{"href":"https:\/\/ovigor.pl\/index.php?rest_route=%2Fwp%2Fv2%2Fmedia&parent=4460"}],"wp:term":[{"taxonomy":"product_brand","embeddable":true,"href":"https:\/\/ovigor.pl\/index.php?rest_route=%2Fwp%2Fv2%2Fproduct_brand&post=4460"},{"taxonomy":"product_cat","embeddable":true,"href":"https:\/\/ovigor.pl\/index.php?rest_route=%2Fwp%2Fv2%2Fproduct_cat&post=4460"},{"taxonomy":"product_tag","embeddable":true,"href":"https:\/\/ovigor.pl\/index.php?rest_route=%2Fwp%2Fv2%2Fproduct_tag&post=4460"}],"curies":[{"name":"wp","href":"https:\/\/api.w.org\/{rel}","templated":true}]}}