{"id":7536,"date":"2024-06-24T15:40:19","date_gmt":"2024-06-24T13:40:19","guid":{"rendered":"https:\/\/ovigor.pl\/?post_type=product&#038;p=7536"},"modified":"2024-11-19T13:53:24","modified_gmt":"2024-11-19T12:53:24","slug":"regeneramix","status":"publish","type":"product","link":"https:\/\/ovigor.pl\/?product=regeneramix","title":{"rendered":"RegeneraMix"},"content":{"rendered":"<p><strong>(PL)<\/strong> Mieszanka paszowa uzupe\u0142niaj\u0105ca (zio\u0142owa)<\/p>\n<p><strong>W\u0142a\u015bciwo\u015bci:<\/strong><br \/>\nKompozycja starannie wyselekcjonowanych 18 zi\u00f3\u0142, kt\u00f3rych dzia\u0142anie wspiera regeneracj\u0119 i wzmocnienie organizmu go\u0142\u0119bi, szczeg\u00f3lnie po lotach, w okresach os\u0142abienia, po przebytych chorobach oraz przed okresem wystaw. Regularne podawanie herbaty wspomaga uk\u0142ad oddechowy, oczyszcza krew, poprawia przemian\u0119 materii oraz wygl\u0105d upierzenia.<\/p>\n<p><strong>Podawanie:<\/strong><br \/>\n(10g) 3 p\u0142askie miarki zasypa\u0107 do filtra i zaparzy\u0107 w 2l wrz\u0105cej wody. Ostudzony napar podawa\u0107 przez ca\u0142y rok 1-2 x w tygodniu,<br \/>\nSezon lotowy: 2-3 x w tygodniu,<br \/>\nPierzenie : 2 x w tygodniu,<br \/>\nOkres os\u0142abienia, regeneracja po kuracjach lekowych, przed wystawami : 2-3 x w tygodniu.<\/p>\n<p><strong>Sk\u0142ad:<\/strong><br \/>\nlukrecja korze\u0144, orzech li\u015b\u0107, pokrzywa ziele, krwawnik ziele, brzoza li\u015b\u0107, kminek<br \/>\nowoc, imbir korze\u0144, je\u017cyna li\u015b\u0107, morszczyn, mniszek ziele, pietruszka na\u0107, \u0142opian<br \/>\nkorze\u0144, fio\u0142ek tr\u00f3jbarwny (bratek), bez czarny owoc, ostropest owoc, mi\u0119ta ziele,<br \/>\nnagietek kwiat, any\u017c owoc<\/p>\n<p><strong>Sk\u0142adniki analityczne:<\/strong><br \/>\nbia\u0142ko surowe 0,5%, t\u0142uszcz surowy 0,8%, w\u0142\u00f3kno surowe<br \/>\n0,3%, popi\u00f3\u0142 surowy 0,4%, lizyna 0%, metionina 0%, s\u00f3d 0%, potas 0%<\/p>\n<p><strong>Masa netto:<\/strong><br \/>\n400g<\/p>\n","protected":false},"excerpt":{"rendered":"<p>(PL) Mieszanka paszowa uzupe\u0142niaj\u0105ca (zio\u0142owa) W\u0142a\u015bciwo\u015bci: Kompozycja starannie wyselekcjonowanych 18 zi\u00f3\u0142, kt\u00f3rych dzia\u0142anie wspiera regeneracj\u0119 i wzmocnienie organizmu go\u0142\u0119bi, szczeg\u00f3lnie po lotach, w okresach os\u0142abienia, po przebytych chorobach oraz przed okresem wystaw. Regularne podawanie herbaty wspomaga uk\u0142ad oddechowy, oczyszcza krew, poprawia przemian\u0119 materii oraz wygl\u0105d upierzenia. Podawanie: (10g) 3 p\u0142askie miarki zasypa\u0107 do filtra i [&hellip;]<\/p>\n","protected":false},"featured_media":7537,"template":"","meta":{"site-sidebar-layout":"default","site-content-layout":"default","ast-site-content-layout":"default","site-content-style":"default","site-sidebar-style":"default","ast-global-header-display":"","ast-banner-title-visibility":"","ast-main-header-display":"","ast-hfb-above-header-display":"","ast-hfb-below-header-display":"","ast-hfb-mobile-header-display":"","site-post-title":"","ast-breadcrumbs-content":"","ast-featured-img":"","footer-sml-layout":"","ast-disable-related-posts":"","theme-transparent-header-meta":"default","adv-header-id-meta":"","stick-header-meta":"","header-above-stick-meta":"","header-main-stick-meta":"","header-below-stick-meta":"","astra-migrate-meta-layouts":"set","ast-page-background-enabled":"default","ast-page-background-meta":{"desktop":{"background-color":"","background-image":"","background-repeat":"repeat","background-position":"center center","background-size":"auto","background-attachment":"scroll","background-type":"","background-media":"","overlay-type":"","overlay-color":"","overlay-opacity":"","overlay-gradient":""},"tablet":{"background-color":"","background-image":"","background-repeat":"repeat","background-position":"center center","background-size":"auto","background-attachment":"scroll","background-type":"","background-media":"","overlay-type":"","overlay-color":"","overlay-opacity":"","overlay-gradient":""},"mobile":{"background-color":"","background-image":"","background-repeat":"repeat","background-position":"center center","background-size":"auto","background-attachment":"scroll","background-type":"","background-media":"","overlay-type":"","overlay-color":"","overlay-opacity":"","overlay-gradient":""}},"ast-content-background-meta":{"desktop":{"background-color":"var(--ast-global-color-5)","background-image":"","background-repeat":"repeat","background-position":"center center","background-size":"auto","background-attachment":"scroll","background-type":"","background-media":"","overlay-type":"","overlay-color":"","overlay-opacity":"","overlay-gradient":""},"tablet":{"background-color":"var(--ast-global-color-5)","background-image":"","background-repeat":"repeat","background-position":"center center","background-size":"auto","background-attachment":"scroll","background-type":"","background-media":"","overlay-type":"","overlay-color":"","overlay-opacity":"","overlay-gradient":""},"mobile":{"background-color":"var(--ast-global-color-5)","background-image":"","background-repeat":"repeat","background-position":"center center","background-size":"auto","background-attachment":"scroll","background-type":"","background-media":"","overlay-type":"","overlay-color":"","overlay-opacity":"","overlay-gradient":""}}},"product_brand":[],"product_cat":[94],"product_tag":[],"class_list":{"0":"post-7536","1":"product","2":"type-product","3":"status-publish","4":"has-post-thumbnail","6":"product_cat-loty","7":"desktop-align-center","8":"tablet-align-left","9":"mobile-align-left","11":"first","12":"instock","13":"shipping-taxable","14":"product-type-simple"},"_links":{"self":[{"href":"https:\/\/ovigor.pl\/index.php?rest_route=\/wp\/v2\/product\/7536","targetHints":{"allow":["GET"]}}],"collection":[{"href":"https:\/\/ovigor.pl\/index.php?rest_route=\/wp\/v2\/product"}],"about":[{"href":"https:\/\/ovigor.pl\/index.php?rest_route=\/wp\/v2\/types\/product"}],"wp:featuredmedia":[{"embeddable":true,"href":"https:\/\/ovigor.pl\/index.php?rest_route=\/wp\/v2\/media\/7537"}],"wp:attachment":[{"href":"https:\/\/ovigor.pl\/index.php?rest_route=%2Fwp%2Fv2%2Fmedia&parent=7536"}],"wp:term":[{"taxonomy":"product_brand","embeddable":true,"href":"https:\/\/ovigor.pl\/index.php?rest_route=%2Fwp%2Fv2%2Fproduct_brand&post=7536"},{"taxonomy":"product_cat","embeddable":true,"href":"https:\/\/ovigor.pl\/index.php?rest_route=%2Fwp%2Fv2%2Fproduct_cat&post=7536"},{"taxonomy":"product_tag","embeddable":true,"href":"https:\/\/ovigor.pl\/index.php?rest_route=%2Fwp%2Fv2%2Fproduct_tag&post=7536"}],"curies":[{"name":"wp","href":"https:\/\/api.w.org\/{rel}","templated":true}]}}