{"id":8286,"date":"2024-11-19T14:11:50","date_gmt":"2024-11-19T13:11:50","guid":{"rendered":"https:\/\/ovigor.pl\/?post_type=product&#038;p=8286"},"modified":"2024-11-19T14:12:54","modified_gmt":"2024-11-19T13:12:54","slug":"proteina-66-tabs-3","status":"publish","type":"product","link":"https:\/\/ovigor.pl\/?product=proteina-66-tabs-3&lang=de","title":{"rendered":"Proteina 66% TABS"},"content":{"rendered":"<p>(DE) Erg\u00e4nzungsfuttermittel f\u00fcr Tauben zur oralen Verabreichung.<\/p>\n<p><strong>Analytische Bestandteile:<\/strong> Rohprotein 66%, Rohasche 12,6%, Lysin 4,90%, Methionin 3,50%, Rohfett 2,90%, Rohfaser 0,3%, Natrium 1,80%.<\/p>\n<p><strong>Zusammensetzung: <\/strong>Kartoffel-Pflanzenprotein 65%, Soja-Pflanzenprotein 25%, Milchpulverprotein 10%.<\/p>\n<p><strong>Technologische Zusatzstoffe: <\/strong>mikrokristalline Cellulose &#8211; E 460 F\u00fcllstoff.<\/p>\n<p><strong>Eigenschaften: <\/strong>Proteina ist ein leicht verdauliches Proteinkonzentrat mit 66% Eiweiss. Es enth\u00e4lt Milchpulver und pflanzliche Proteine \u200b\u200b(Multiproteine), einschlie\u00dflich Proteine, die aus einem komplexen, technologischen Prozess zur Gewinnung von Kartoffelst\u00e4rke stammen. Es ist ein nat\u00fcrliches Konzentrat zum Wiederaufbau und Regeneration des Muskelgewebes. Sie erm\u00f6glichen eine schnelle Erholung nach einem schweren Flug und bereiten die Taube auf den n\u00e4chsten Wettflug vor. Proteine unterst\u00fctzen die Verdaungsprozesse, das Immunsystem und f\u00f6rdern die Mauser. Das Konzentrat verbessert die Funktion des Futters bei f\u00fctternden Eltern (schnelleres und gesunderes Wachstum der Jungtauben).<\/p>\n<p><strong>\u00a0Dosierung: <\/strong>2 Tabletten x 1 t\u00e4glich<\/p>\n<p>-Flugzeit: nach dem Flug (je nach Schwierigkeitsgrad des Fluges 2-4 Tabletten).<\/p>\n<p>Vor dem Wettkampfflug &#8211; \u00fcber 500 km: 3 Tage vor dem Einkorben. \u00dcber 700 km: 4 Tage vor dem Einkorben.<\/p>\n<p>&#8211; junge Tauben in der Phase des Muskelwachstums: 2 Tabletten &#8211; 2 x Woche<\/p>\n<p>&#8211; Mauserzeit: 2 Tabletten &#8211; 2 x pro Woche<\/p>\n<p><strong>Nettomasse:\u00a0 <\/strong>\u00a074g \/ <strong>\u00a0<\/strong>ca. 240 Stk.<\/p>\n","protected":false},"excerpt":{"rendered":"<p>(DE) Erg\u00e4nzungsfuttermittel f\u00fcr Tauben zur oralen Verabreichung. Analytische Bestandteile: Rohprotein 66%, Rohasche 12,6%, Lysin 4,90%, Methionin 3,50%, Rohfett 2,90%, Rohfaser 0,3%, Natrium 1,80%. Zusammensetzung: Kartoffel-Pflanzenprotein 65%, Soja-Pflanzenprotein 25%, Milchpulverprotein 10%. Technologische Zusatzstoffe: mikrokristalline Cellulose &#8211; E 460 F\u00fcllstoff. Eigenschaften: Proteina ist ein leicht verdauliches Proteinkonzentrat mit 66% Eiweiss. Es enth\u00e4lt Milchpulver und pflanzliche Proteine \u200b\u200b(Multiproteine), [&hellip;]<\/p>\n","protected":false},"featured_media":7538,"template":"","meta":{"site-sidebar-layout":"default","site-content-layout":"default","ast-site-content-layout":"default","site-content-style":"default","site-sidebar-style":"default","ast-global-header-display":"","ast-banner-title-visibility":"","ast-main-header-display":"","ast-hfb-above-header-display":"","ast-hfb-below-header-display":"","ast-hfb-mobile-header-display":"","site-post-title":"","ast-breadcrumbs-content":"","ast-featured-img":"","footer-sml-layout":"","ast-disable-related-posts":"","theme-transparent-header-meta":"default","adv-header-id-meta":"","stick-header-meta":"","header-above-stick-meta":"","header-main-stick-meta":"","header-below-stick-meta":"","astra-migrate-meta-layouts":"set","ast-page-background-enabled":"default","ast-page-background-meta":{"desktop":{"background-color":"","background-image":"","background-repeat":"repeat","background-position":"center center","background-size":"auto","background-attachment":"scroll","background-type":"","background-media":"","overlay-type":"","overlay-color":"","overlay-opacity":"","overlay-gradient":""},"tablet":{"background-color":"","background-image":"","background-repeat":"repeat","background-position":"center center","background-size":"auto","background-attachment":"scroll","background-type":"","background-media":"","overlay-type":"","overlay-color":"","overlay-opacity":"","overlay-gradient":""},"mobile":{"background-color":"","background-image":"","background-repeat":"repeat","background-position":"center center","background-size":"auto","background-attachment":"scroll","background-type":"","background-media":"","overlay-type":"","overlay-color":"","overlay-opacity":"","overlay-gradient":""}},"ast-content-background-meta":{"desktop":{"background-color":"var(--ast-global-color-5)","background-image":"","background-repeat":"repeat","background-position":"center center","background-size":"auto","background-attachment":"scroll","background-type":"","background-media":"","overlay-type":"","overlay-color":"","overlay-opacity":"","overlay-gradient":""},"tablet":{"background-color":"var(--ast-global-color-5)","background-image":"","background-repeat":"repeat","background-position":"center center","background-size":"auto","background-attachment":"scroll","background-type":"","background-media":"","overlay-type":"","overlay-color":"","overlay-opacity":"","overlay-gradient":""},"mobile":{"background-color":"var(--ast-global-color-5)","background-image":"","background-repeat":"repeat","background-position":"center center","background-size":"auto","background-attachment":"scroll","background-type":"","background-media":"","overlay-type":"","overlay-color":"","overlay-opacity":"","overlay-gradient":""}}},"product_brand":[],"product_cat":[197,191,183,187],"product_tag":[],"class_list":{"0":"post-8286","1":"product","2":"type-product","3":"status-publish","4":"has-post-thumbnail","6":"product_cat-gefieder","7":"product_cat-reise","8":"product_cat-taubenausstellung-vorbereitung","9":"product_cat-zucht","10":"desktop-align-center","11":"tablet-align-left","12":"mobile-align-left","14":"first","15":"instock","16":"virtual","17":"product-type-simple"},"_links":{"self":[{"href":"https:\/\/ovigor.pl\/index.php?rest_route=\/wp\/v2\/product\/8286","targetHints":{"allow":["GET"]}}],"collection":[{"href":"https:\/\/ovigor.pl\/index.php?rest_route=\/wp\/v2\/product"}],"about":[{"href":"https:\/\/ovigor.pl\/index.php?rest_route=\/wp\/v2\/types\/product"}],"wp:featuredmedia":[{"embeddable":true,"href":"https:\/\/ovigor.pl\/index.php?rest_route=\/wp\/v2\/media\/7538"}],"wp:attachment":[{"href":"https:\/\/ovigor.pl\/index.php?rest_route=%2Fwp%2Fv2%2Fmedia&parent=8286"}],"wp:term":[{"taxonomy":"product_brand","embeddable":true,"href":"https:\/\/ovigor.pl\/index.php?rest_route=%2Fwp%2Fv2%2Fproduct_brand&post=8286"},{"taxonomy":"product_cat","embeddable":true,"href":"https:\/\/ovigor.pl\/index.php?rest_route=%2Fwp%2Fv2%2Fproduct_cat&post=8286"},{"taxonomy":"product_tag","embeddable":true,"href":"https:\/\/ovigor.pl\/index.php?rest_route=%2Fwp%2Fv2%2Fproduct_tag&post=8286"}],"curies":[{"name":"wp","href":"https:\/\/api.w.org\/{rel}","templated":true}]}}