{"id":8288,"date":"2024-11-19T14:16:34","date_gmt":"2024-11-19T13:16:34","guid":{"rendered":"https:\/\/ovigor.pl\/?post_type=product&#038;p=8288"},"modified":"2024-11-19T14:17:37","modified_gmt":"2024-11-19T13:17:37","slug":"robaut-tabs-3","status":"publish","type":"product","link":"https:\/\/ovigor.pl\/?product=robaut-tabs-3&lang=de","title":{"rendered":"RobAut\u00ae TABS"},"content":{"rendered":"<p><strong>(DE)<\/strong>\u00a0 Erg\u00e4nzungsfuttermittel f\u00fcr Tauben zur oralen Verabreichung.<\/p>\n<p><strong>Analytische Bestandteile: <\/strong>Rohprotein 6,4%, Rohfaser 6,7%, Rohasche 54,2%, Rohfett 3,7%, Natrium 0,0%, Kalium 0,0%, Methionin 0,4%, Lysin 0,10 %.<\/p>\n<p><strong>Zusammensetzung: <\/strong>wrothisches Kraut 45%, Wermutkraut 10%, Purpurweidenrinde 5%, Gro\u00dfmutter-Schmalbl\u00e4ttriges Kraut 5%, Salbeikraut 5%, Ringelblume 5%, Schafgarbenkraut 5%, Thymiankraut 5%, Anisfr\u00fcchte 5%, Zimtrinde 5%, Walnussblatt 5%.<\/p>\n<p><strong>Technologische Zusatzstoffe: <\/strong>mikrokristalline Cellulose &#8211; E 460 l F\u00fcllstoff.<\/p>\n<p><strong>Eigenschaften: <\/strong>RobAut ist ein nat\u00fcrliches Produkt aus Pflanzen, die einen besonderen Einfluss auf die Ern\u00e4hrung der Tauben haben. Die Eigenschaften von Inhaltsstoffen wie Rainfarn und Wermut sorgen f\u00fcr die Sauberkeit des Verdauungssystems vor Spulw\u00fcrmern, Kapillaren und Bandw\u00fcrmern, was eine bessere Leistung bei Zucht und Fl\u00fcgen erm\u00f6glicht. RobAut verbessert die Nahrungsaufnahme deutlich. <strong>Es beugt Durchfallerscheinungen vor \u2013 bindet w\u00e4ssrigen Kot (Vergiftung auf dem Feld, Futterwechsel, Stress). Der Kot wird stabil und trocken.<\/strong><\/p>\n<p><strong>Dosierung: <\/strong>\u00a01 Tablette: zweimal t\u00e4glich!<\/p>\n<p>* Winterbehandlung: 2x t\u00e4glich, 5 Tage (kontinuierliche F\u00fctterung beibehalten) nach einer 14-t\u00e4gigen Pause Behandlung f\u00fcr 5 Tage fortsetzen.<\/p>\n<p>* vor Paarung &#8211; ca. 14 Tage, 3 Tage lang (weitere Verabreichung)<\/p>\n<p>* Flugsaison: alle 3 Wochen, 2 Tage lang (Anfang der Woche).<\/p>\n<p>* Aufzucht und Mauser: 2 Tage lang (kontinuierliche F\u00fctterung aufrechterhalten).<\/p>\n<p>An einem k\u00fchlen und trockenen Ort lagern!<\/p>\n<p><strong>Nettomasse:<\/strong> 65g \/\u00a0 ca. 190 Stk.<\/p>\n","protected":false},"excerpt":{"rendered":"<p>(DE)\u00a0 Erg\u00e4nzungsfuttermittel f\u00fcr Tauben zur oralen Verabreichung. Analytische Bestandteile: Rohprotein 6,4%, Rohfaser 6,7%, Rohasche 54,2%, Rohfett 3,7%, Natrium 0,0%, Kalium 0,0%, Methionin 0,4%, Lysin 0,10 %. Zusammensetzung: wrothisches Kraut 45%, Wermutkraut 10%, Purpurweidenrinde 5%, Gro\u00dfmutter-Schmalbl\u00e4ttriges Kraut 5%, Salbeikraut 5%, Ringelblume 5%, Schafgarbenkraut 5%, Thymiankraut 5%, Anisfr\u00fcchte 5%, Zimtrinde 5%, Walnussblatt 5%. Technologische Zusatzstoffe: mikrokristalline Cellulose [&hellip;]<\/p>\n","protected":false},"featured_media":7539,"template":"","meta":{"site-sidebar-layout":"default","site-content-layout":"default","ast-site-content-layout":"default","site-content-style":"default","site-sidebar-style":"default","ast-global-header-display":"","ast-banner-title-visibility":"","ast-main-header-display":"","ast-hfb-above-header-display":"","ast-hfb-below-header-display":"","ast-hfb-mobile-header-display":"","site-post-title":"","ast-breadcrumbs-content":"","ast-featured-img":"","footer-sml-layout":"","ast-disable-related-posts":"","theme-transparent-header-meta":"default","adv-header-id-meta":"","stick-header-meta":"","header-above-stick-meta":"","header-main-stick-meta":"","header-below-stick-meta":"","astra-migrate-meta-layouts":"set","ast-page-background-enabled":"default","ast-page-background-meta":{"desktop":{"background-color":"","background-image":"","background-repeat":"repeat","background-position":"center center","background-size":"auto","background-attachment":"scroll","background-type":"","background-media":"","overlay-type":"","overlay-color":"","overlay-opacity":"","overlay-gradient":""},"tablet":{"background-color":"","background-image":"","background-repeat":"repeat","background-position":"center center","background-size":"auto","background-attachment":"scroll","background-type":"","background-media":"","overlay-type":"","overlay-color":"","overlay-opacity":"","overlay-gradient":""},"mobile":{"background-color":"","background-image":"","background-repeat":"repeat","background-position":"center center","background-size":"auto","background-attachment":"scroll","background-type":"","background-media":"","overlay-type":"","overlay-color":"","overlay-opacity":"","overlay-gradient":""}},"ast-content-background-meta":{"desktop":{"background-color":"var(--ast-global-color-5)","background-image":"","background-repeat":"repeat","background-position":"center center","background-size":"auto","background-attachment":"scroll","background-type":"","background-media":"","overlay-type":"","overlay-color":"","overlay-opacity":"","overlay-gradient":""},"tablet":{"background-color":"var(--ast-global-color-5)","background-image":"","background-repeat":"repeat","background-position":"center center","background-size":"auto","background-attachment":"scroll","background-type":"","background-media":"","overlay-type":"","overlay-color":"","overlay-opacity":"","overlay-gradient":""},"mobile":{"background-color":"var(--ast-global-color-5)","background-image":"","background-repeat":"repeat","background-position":"center center","background-size":"auto","background-attachment":"scroll","background-type":"","background-media":"","overlay-type":"","overlay-color":"","overlay-opacity":"","overlay-gradient":""}}},"product_brand":[],"product_cat":[195],"product_tag":[],"class_list":{"0":"post-8288","1":"product","2":"type-product","3":"status-publish","4":"has-post-thumbnail","6":"product_cat-praevention-und-gesundheit","7":"desktop-align-center","8":"tablet-align-left","9":"mobile-align-left","11":"first","12":"instock","13":"shipping-taxable","14":"product-type-simple"},"_links":{"self":[{"href":"https:\/\/ovigor.pl\/index.php?rest_route=\/wp\/v2\/product\/8288","targetHints":{"allow":["GET"]}}],"collection":[{"href":"https:\/\/ovigor.pl\/index.php?rest_route=\/wp\/v2\/product"}],"about":[{"href":"https:\/\/ovigor.pl\/index.php?rest_route=\/wp\/v2\/types\/product"}],"wp:featuredmedia":[{"embeddable":true,"href":"https:\/\/ovigor.pl\/index.php?rest_route=\/wp\/v2\/media\/7539"}],"wp:attachment":[{"href":"https:\/\/ovigor.pl\/index.php?rest_route=%2Fwp%2Fv2%2Fmedia&parent=8288"}],"wp:term":[{"taxonomy":"product_brand","embeddable":true,"href":"https:\/\/ovigor.pl\/index.php?rest_route=%2Fwp%2Fv2%2Fproduct_brand&post=8288"},{"taxonomy":"product_cat","embeddable":true,"href":"https:\/\/ovigor.pl\/index.php?rest_route=%2Fwp%2Fv2%2Fproduct_cat&post=8288"},{"taxonomy":"product_tag","embeddable":true,"href":"https:\/\/ovigor.pl\/index.php?rest_route=%2Fwp%2Fv2%2Fproduct_tag&post=8288"}],"curies":[{"name":"wp","href":"https:\/\/api.w.org\/{rel}","templated":true}]}}