{"id":8292,"date":"2024-11-19T14:24:07","date_gmt":"2024-11-19T13:24:07","guid":{"rendered":"https:\/\/ovigor.pl\/?post_type=product&#038;p=8292"},"modified":"2024-11-19T14:25:16","modified_gmt":"2024-11-19T13:25:16","slug":"ovitalina-forte-3","status":"publish","type":"product","link":"https:\/\/ovigor.pl\/?product=ovitalina-forte-3&lang=de","title":{"rendered":"OviTalina FORTE"},"content":{"rendered":"<p><strong>(DE)<\/strong> Erg\u00e4nzungsfuttermittel f\u00fcr Tauben.<\/p>\n<p><strong>Analytische Bestandteile: <\/strong>Feuchtigkeit 93,0%, Rohprotein &lt;0,4%, Rohfaser &lt;0,3%, \u00d6le und Rohfette &lt;0,1%, Rohasche 2,3%, Lysin 0,0%, Methionin 0,0%, Natrium 0,02%, Magnesium 0,012%.<\/p>\n<p><strong>Zusammensetzung: <\/strong>Propylenglykol, Hefeprodukte (Quelle f\u00fcr nat\u00fcrliche Aminos\u00e4uren), Natriumchlorid, Magnesiumchlorid.<\/p>\n<p><strong>Zusatzstoffe pro 1 Liter: <em>Di\u00e4tetische: <\/em><\/strong>3a 300 Vitamin C (Ascorbins\u00e4ure) \u2013 1 000 mg, 3b 201 Jod (Kaliumjodid) &#8211; 76 mg. <strong><em>Sensorische: <\/em><\/strong>2b Karotten-Extrakt, 2b Sellerie-Extrakt, 2b Petersilie-Extrakt, 2b Lauch-Extrakt, 2b Rote-Beete-Extrakt, 2b Papaya-Extrakt, 2b Kiwi-Extrakt, 2b Ananas-Extrakt, 2b Thymian-Extrakt, 2b Schwarze R\u00fcbe-Extrakt, 2b Rettich-Extrakt, 2b Wei\u00dfdorn-Extrakt, 2b Artischocke-Extrakt, 2b Weidenrinde-Extrakt, 2b Sonnenhut-Extrakt, 2b Brennnessel-Extrakt, 2b Aronia-Extrakt, 2b naturidentisches Aroma; <strong><em>Technologische: <\/em><\/strong>1a E202 Kaliumsorbat, 1 E415 Xanthan.<\/p>\n<p><strong>Eigenschaften: <\/strong>Ausgezeichnet abgestimmte Mischung aus 16 Kr\u00e4uter-, Gem\u00fcse- und Obstextrakten, deren Wirkstoffe zur Verbesserung der allgemeinen Ausdauer und der Widerstandskr\u00e4fte der Tauben beitragen. Die hier zur Anwendung kommenden Gem\u00fcse, Obst und Kr\u00e4uter werden unter dem Gesichtspunkt ihrer positiven Auswirkungen auf die Atemwege, den Verdauungsapparat, den Muskelapparat und das Gef\u00e4\u00dfsystem gew\u00e4hlt. Bei regelm\u00e4\u00dfiger Verabreichung haben die Tauben eine gesunde rosarote Brustmuskulatur und Haut (sichtbare Blutadern) \u2013 die Anzeichen eines entgifteten K\u00f6pers. Das Federkleid wird gl\u00e4nzend, weich und geschmeidig. OviTalina FORTE gew\u00e4hrleistet mehr Energie und eine gr\u00f6\u00dfere Flugausdauer. Es hilft den Tauben sich nach dem Wettkampf schnell zu regenerieren. OviTalina FORTE wurde speziell entwickelt, die Leistung der Tauben w\u00e4hrend der Reisezeit zu steigern. Der aromatische Duft der im Produkt enthaltenen Extrakte ist f\u00fcr die Tauben verlockend, wodurch sie das aufbereitete Wasser gerne trinken.<\/p>\n<p><strong>Dosierung:<\/strong><\/p>\n<p>* Kur vor der Reisezeit: 14 Tage lang 15 ml auf 1 Liter Wasser oder 1 kg Futter.<\/p>\n<p>* Reisezeit: 2-3x w\u00f6chentlich 10 ml auf 1 Liter Wasser oder 1 kg Futter.<\/p>\n<p>* Bemerkbarer Leistungsabfall w\u00e4hrend der Reisezeit: 15 ml auf 1 Liter Wasser oder 1 kg Futter ca.4-5 Tage lang.<\/p>\n<p>* Mauser: 1-2x w\u00f6chentlich 10 ml auf 1 Liter Wasser oder 1 kg Futter.<\/p>\n<p>* Zucht: 1x w\u00f6chentlich 10 ml auf 1 Liter Wasser oder 1 kg Futter.<\/p>\n<p>ACHTUNG: Vor Gebrauch gut sch\u00fctteln und stets kalt aufbewahren!<\/p>\n<p><strong>Inhalt:<\/strong> 500 ml netto<\/p>\n","protected":false},"excerpt":{"rendered":"<p>(DE) Erg\u00e4nzungsfuttermittel f\u00fcr Tauben. Analytische Bestandteile: Feuchtigkeit 93,0%, Rohprotein &lt;0,4%, Rohfaser &lt;0,3%, \u00d6le und Rohfette &lt;0,1%, Rohasche 2,3%, Lysin 0,0%, Methionin 0,0%, Natrium 0,02%, Magnesium 0,012%. Zusammensetzung: Propylenglykol, Hefeprodukte (Quelle f\u00fcr nat\u00fcrliche Aminos\u00e4uren), Natriumchlorid, Magnesiumchlorid. Zusatzstoffe pro 1 Liter: Di\u00e4tetische: 3a 300 Vitamin C (Ascorbins\u00e4ure) \u2013 1 000 mg, 3b 201 Jod (Kaliumjodid) &#8211; 76 [&hellip;]<\/p>\n","protected":false},"featured_media":7543,"template":"","meta":{"site-sidebar-layout":"default","site-content-layout":"default","ast-site-content-layout":"default","site-content-style":"default","site-sidebar-style":"default","ast-global-header-display":"","ast-banner-title-visibility":"","ast-main-header-display":"","ast-hfb-above-header-display":"","ast-hfb-below-header-display":"","ast-hfb-mobile-header-display":"","site-post-title":"","ast-breadcrumbs-content":"","ast-featured-img":"","footer-sml-layout":"","ast-disable-related-posts":"","theme-transparent-header-meta":"default","adv-header-id-meta":"","stick-header-meta":"","header-above-stick-meta":"","header-main-stick-meta":"","header-below-stick-meta":"","astra-migrate-meta-layouts":"set","ast-page-background-enabled":"default","ast-page-background-meta":{"desktop":{"background-color":"","background-image":"","background-repeat":"repeat","background-position":"center center","background-size":"auto","background-attachment":"scroll","background-type":"","background-media":"","overlay-type":"","overlay-color":"","overlay-opacity":"","overlay-gradient":""},"tablet":{"background-color":"","background-image":"","background-repeat":"repeat","background-position":"center center","background-size":"auto","background-attachment":"scroll","background-type":"","background-media":"","overlay-type":"","overlay-color":"","overlay-opacity":"","overlay-gradient":""},"mobile":{"background-color":"","background-image":"","background-repeat":"repeat","background-position":"center center","background-size":"auto","background-attachment":"scroll","background-type":"","background-media":"","overlay-type":"","overlay-color":"","overlay-opacity":"","overlay-gradient":""}},"ast-content-background-meta":{"desktop":{"background-color":"var(--ast-global-color-5)","background-image":"","background-repeat":"repeat","background-position":"center center","background-size":"auto","background-attachment":"scroll","background-type":"","background-media":"","overlay-type":"","overlay-color":"","overlay-opacity":"","overlay-gradient":""},"tablet":{"background-color":"var(--ast-global-color-5)","background-image":"","background-repeat":"repeat","background-position":"center center","background-size":"auto","background-attachment":"scroll","background-type":"","background-media":"","overlay-type":"","overlay-color":"","overlay-opacity":"","overlay-gradient":""},"mobile":{"background-color":"var(--ast-global-color-5)","background-image":"","background-repeat":"repeat","background-position":"center center","background-size":"auto","background-attachment":"scroll","background-type":"","background-media":"","overlay-type":"","overlay-color":"","overlay-opacity":"","overlay-gradient":""}}},"product_brand":[],"product_cat":[185,195,191,183,187],"product_tag":[],"class_list":{"0":"post-8292","1":"product","2":"type-product","3":"status-publish","4":"has-post-thumbnail","6":"product_cat-bestseller","7":"product_cat-praevention-und-gesundheit","8":"product_cat-reise","9":"product_cat-taubenausstellung-vorbereitung","10":"product_cat-zucht","11":"desktop-align-center","12":"tablet-align-left","13":"mobile-align-left","15":"first","16":"instock","17":"shipping-taxable","18":"product-type-simple"},"_links":{"self":[{"href":"https:\/\/ovigor.pl\/index.php?rest_route=\/wp\/v2\/product\/8292","targetHints":{"allow":["GET"]}}],"collection":[{"href":"https:\/\/ovigor.pl\/index.php?rest_route=\/wp\/v2\/product"}],"about":[{"href":"https:\/\/ovigor.pl\/index.php?rest_route=\/wp\/v2\/types\/product"}],"wp:featuredmedia":[{"embeddable":true,"href":"https:\/\/ovigor.pl\/index.php?rest_route=\/wp\/v2\/media\/7543"}],"wp:attachment":[{"href":"https:\/\/ovigor.pl\/index.php?rest_route=%2Fwp%2Fv2%2Fmedia&parent=8292"}],"wp:term":[{"taxonomy":"product_brand","embeddable":true,"href":"https:\/\/ovigor.pl\/index.php?rest_route=%2Fwp%2Fv2%2Fproduct_brand&post=8292"},{"taxonomy":"product_cat","embeddable":true,"href":"https:\/\/ovigor.pl\/index.php?rest_route=%2Fwp%2Fv2%2Fproduct_cat&post=8292"},{"taxonomy":"product_tag","embeddable":true,"href":"https:\/\/ovigor.pl\/index.php?rest_route=%2Fwp%2Fv2%2Fproduct_tag&post=8292"}],"curies":[{"name":"wp","href":"https:\/\/api.w.org\/{rel}","templated":true}]}}