{"id":8294,"date":"2024-11-19T14:27:10","date_gmt":"2024-11-19T13:27:10","guid":{"rendered":"https:\/\/ovigor.pl\/?post_type=product&#038;p=8294"},"modified":"2024-11-19T14:27:54","modified_gmt":"2024-11-19T13:27:54","slug":"garlisoil-3","status":"publish","type":"product","link":"https:\/\/ovigor.pl\/?product=garlisoil-3&lang=de","title":{"rendered":"GarlisOil\u00ae"},"content":{"rendered":"<p><strong>(DE)<\/strong> Erg\u00e4nzungsfuttermittel f\u00fcr Tauben.<\/p>\n<p><strong>Analytische Bestandteile: <\/strong>Feuchtigkeit; 98%, Roh\u00f6le und -fette; 97,6%, Rohasche; 2,1%, Rohprotein; 0,0%, Natrium; 0,0%, Rohfaser; 0,0%, Lysin; 0,0%, Methionin; 0,0%<\/p>\n<p><strong>Zusammensetzung: <\/strong>Nat\u00fcrliches Knoblauch\u00f6l, \u00f6liger Sojaauszug.<\/p>\n<p><strong>Eigenschaften: <\/strong>Als ein nat\u00fcrliches Produkt regt Knoblauch\u00f6l die Verdauung an, tr\u00e4gt dadurch\u00a0zur Wiederherstellung der normalen Funktion des\u00a0Verdauungssystems bei und verbessert die Funktion des Immunsystems der Taube. Die im Knoblauch enthaltenen Wirkstoffe bek\u00e4mpfen Keime, Hefen, Pilze und Viren. Soja\u00f6l ist eine Energiequelle und Lecithin, die umgangssprachlich auch Fettkiller genannt wird, zerschl\u00e4gt die aufgenommenen Fette in kleine Teilchen und verhindert, dass sie sich an Blutgef\u00e4\u00dfe anheften. Es f\u00f6rdert die Muskelbelastbarkeit. Vitamin E verleiht dagegen Vitalit\u00e4t (wird als Vitamin der Jugend bezeichnet).<\/p>\n<p><strong>Dosierung: <\/strong>10-15ml GarlisOil \u00fcber 1 Kilo Futter geben und gut vermischen. Die so vorbereitete Mischung kann zus\u00e4tzlich mit einem anderen pulverf\u00f6rmigen Pr\u00e4parat benetzt werden (z.B. OregaStar, GardenMix, RobAut, OviYeast PRO).<br \/>\nGarlisOil sollte \u00fcber das Jahr hindurch 1-2 mal w\u00f6chentlich verabreicht werden.<\/p>\n<p><strong>Nettovolumen:<\/strong> 250 ml<\/p>\n","protected":false},"excerpt":{"rendered":"<p>(DE) Erg\u00e4nzungsfuttermittel f\u00fcr Tauben. Analytische Bestandteile: Feuchtigkeit; 98%, Roh\u00f6le und -fette; 97,6%, Rohasche; 2,1%, Rohprotein; 0,0%, Natrium; 0,0%, Rohfaser; 0,0%, Lysin; 0,0%, Methionin; 0,0% Zusammensetzung: Nat\u00fcrliches Knoblauch\u00f6l, \u00f6liger Sojaauszug. Eigenschaften: Als ein nat\u00fcrliches Produkt regt Knoblauch\u00f6l die Verdauung an, tr\u00e4gt dadurch\u00a0zur Wiederherstellung der normalen Funktion des\u00a0Verdauungssystems bei und verbessert die Funktion des Immunsystems der Taube. [&hellip;]<\/p>\n","protected":false},"featured_media":7544,"template":"","meta":{"site-sidebar-layout":"default","site-content-layout":"default","ast-site-content-layout":"default","site-content-style":"default","site-sidebar-style":"default","ast-global-header-display":"","ast-banner-title-visibility":"","ast-main-header-display":"","ast-hfb-above-header-display":"","ast-hfb-below-header-display":"","ast-hfb-mobile-header-display":"","site-post-title":"","ast-breadcrumbs-content":"","ast-featured-img":"","footer-sml-layout":"","ast-disable-related-posts":"","theme-transparent-header-meta":"default","adv-header-id-meta":"","stick-header-meta":"","header-above-stick-meta":"","header-main-stick-meta":"","header-below-stick-meta":"","astra-migrate-meta-layouts":"set","ast-page-background-enabled":"default","ast-page-background-meta":{"desktop":{"background-color":"","background-image":"","background-repeat":"repeat","background-position":"center center","background-size":"auto","background-attachment":"scroll","background-type":"","background-media":"","overlay-type":"","overlay-color":"","overlay-opacity":"","overlay-gradient":""},"tablet":{"background-color":"","background-image":"","background-repeat":"repeat","background-position":"center center","background-size":"auto","background-attachment":"scroll","background-type":"","background-media":"","overlay-type":"","overlay-color":"","overlay-opacity":"","overlay-gradient":""},"mobile":{"background-color":"","background-image":"","background-repeat":"repeat","background-position":"center center","background-size":"auto","background-attachment":"scroll","background-type":"","background-media":"","overlay-type":"","overlay-color":"","overlay-opacity":"","overlay-gradient":""}},"ast-content-background-meta":{"desktop":{"background-color":"var(--ast-global-color-5)","background-image":"","background-repeat":"repeat","background-position":"center center","background-size":"auto","background-attachment":"scroll","background-type":"","background-media":"","overlay-type":"","overlay-color":"","overlay-opacity":"","overlay-gradient":""},"tablet":{"background-color":"var(--ast-global-color-5)","background-image":"","background-repeat":"repeat","background-position":"center center","background-size":"auto","background-attachment":"scroll","background-type":"","background-media":"","overlay-type":"","overlay-color":"","overlay-opacity":"","overlay-gradient":""},"mobile":{"background-color":"var(--ast-global-color-5)","background-image":"","background-repeat":"repeat","background-position":"center center","background-size":"auto","background-attachment":"scroll","background-type":"","background-media":"","overlay-type":"","overlay-color":"","overlay-opacity":"","overlay-gradient":""}}},"product_brand":[],"product_cat":[195],"product_tag":[],"class_list":{"0":"post-8294","1":"product","2":"type-product","3":"status-publish","4":"has-post-thumbnail","6":"product_cat-praevention-und-gesundheit","7":"desktop-align-center","8":"tablet-align-left","9":"mobile-align-left","11":"first","12":"instock","13":"shipping-taxable","14":"product-type-simple"},"_links":{"self":[{"href":"https:\/\/ovigor.pl\/index.php?rest_route=\/wp\/v2\/product\/8294","targetHints":{"allow":["GET"]}}],"collection":[{"href":"https:\/\/ovigor.pl\/index.php?rest_route=\/wp\/v2\/product"}],"about":[{"href":"https:\/\/ovigor.pl\/index.php?rest_route=\/wp\/v2\/types\/product"}],"wp:featuredmedia":[{"embeddable":true,"href":"https:\/\/ovigor.pl\/index.php?rest_route=\/wp\/v2\/media\/7544"}],"wp:attachment":[{"href":"https:\/\/ovigor.pl\/index.php?rest_route=%2Fwp%2Fv2%2Fmedia&parent=8294"}],"wp:term":[{"taxonomy":"product_brand","embeddable":true,"href":"https:\/\/ovigor.pl\/index.php?rest_route=%2Fwp%2Fv2%2Fproduct_brand&post=8294"},{"taxonomy":"product_cat","embeddable":true,"href":"https:\/\/ovigor.pl\/index.php?rest_route=%2Fwp%2Fv2%2Fproduct_cat&post=8294"},{"taxonomy":"product_tag","embeddable":true,"href":"https:\/\/ovigor.pl\/index.php?rest_route=%2Fwp%2Fv2%2Fproduct_tag&post=8294"}],"curies":[{"name":"wp","href":"https:\/\/api.w.org\/{rel}","templated":true}]}}