{"id":8296,"date":"2024-11-19T14:30:48","date_gmt":"2024-11-19T13:30:48","guid":{"rendered":"https:\/\/ovigor.pl\/?post_type=product&#038;p=8296"},"modified":"2024-11-19T14:31:45","modified_gmt":"2024-11-19T13:31:45","slug":"olejmix-2","status":"publish","type":"product","link":"https:\/\/ovigor.pl\/?product=olejmix-2&lang=de","title":{"rendered":"OlejMix"},"content":{"rendered":"<p><strong>(DE)<\/strong> Erg\u00e4nzungsfuttermittel f\u00fcr Tauben.<br \/>\nNat\u00fcrliches \u00d6l-Extrakt aus Sonnenblume, Mais, Soja, Leinsamen, Erdn\u00fcssen, Weizenkeimen und Lecithin.<\/p>\n<p><strong>Analytische Bestandteile: <\/strong>Rohprotein 0,0%, Rohfaser 0,0%, Natrium 0,0%, Methionin 0,0%, Lysin 0%, Rohasche 0,01%, Rohfett 98%<\/p>\n<p><strong>Zusammensetzung: <\/strong>Maiskeim\u00f6l, Sonnenblumen\u00f6l, Soja\u00f6l, Arachiden\u00f6l, Leinsamen\u00f6l, Weizenkeim\u00f6l.<\/p>\n<p><strong>Eigenschaften: <\/strong>\u00d6le sind ein wichtiges Baustoff des ganzen Organismuses. Sie spielen eine wichtige Rolle bei der Vorbeugung von Krankheiten, insbesondere wenn der K\u00f6rper durch Stress, den Einsatz von Antibiotika oder anderen Medikamenten geschw\u00e4cht ist.<br \/>\n\u2022 Garantiert ein seidiges, gl\u00e4nzendes Gefieder<br \/>\n\u2022 Erh\u00f6ht die Kondition und die Energiereserven<br \/>\n\u2022 Baut seine eigenen Fettreserven auf (Lezithin)<br \/>\n\u2022 Erh\u00f6ht die Fruchtbarkeit<br \/>\n\u2022 St\u00e4rkt den Organismus der Jungtauben<br \/>\n\u2022 Unterst\u00fctzt das Immunsystem<br \/>\nIMPULS F\u00dcR ZUS\u00c4TZLICHE ENERGIE !!!<\/p>\n<p><strong>Dosierung: <\/strong>Ca. 10-15 ml auf 1kg Futter verteilen und vermischen<br \/>\n\u2022 Zucht und Jungtauben: 1 mal \u00a0pro Woche<br \/>\n\u2022 Flugzeit und Mauser: 2 mal pro Woche.<\/p>\n<p><strong>Nettovolumen:<\/strong> 250 ml<\/p>\n","protected":false},"excerpt":{"rendered":"<p>(DE) Erg\u00e4nzungsfuttermittel f\u00fcr Tauben. Nat\u00fcrliches \u00d6l-Extrakt aus Sonnenblume, Mais, Soja, Leinsamen, Erdn\u00fcssen, Weizenkeimen und Lecithin. Analytische Bestandteile: Rohprotein 0,0%, Rohfaser 0,0%, Natrium 0,0%, Methionin 0,0%, Lysin 0%, Rohasche 0,01%, Rohfett 98% Zusammensetzung: Maiskeim\u00f6l, Sonnenblumen\u00f6l, Soja\u00f6l, Arachiden\u00f6l, Leinsamen\u00f6l, Weizenkeim\u00f6l. Eigenschaften: \u00d6le sind ein wichtiges Baustoff des ganzen Organismuses. Sie spielen eine wichtige Rolle bei der Vorbeugung [&hellip;]<\/p>\n","protected":false},"featured_media":7545,"template":"","meta":{"site-sidebar-layout":"default","site-content-layout":"default","ast-site-content-layout":"default","site-content-style":"default","site-sidebar-style":"default","ast-global-header-display":"","ast-banner-title-visibility":"","ast-main-header-display":"","ast-hfb-above-header-display":"","ast-hfb-below-header-display":"","ast-hfb-mobile-header-display":"","site-post-title":"","ast-breadcrumbs-content":"","ast-featured-img":"","footer-sml-layout":"","ast-disable-related-posts":"","theme-transparent-header-meta":"default","adv-header-id-meta":"","stick-header-meta":"","header-above-stick-meta":"","header-main-stick-meta":"","header-below-stick-meta":"","astra-migrate-meta-layouts":"set","ast-page-background-enabled":"default","ast-page-background-meta":{"desktop":{"background-color":"","background-image":"","background-repeat":"repeat","background-position":"center center","background-size":"auto","background-attachment":"scroll","background-type":"","background-media":"","overlay-type":"","overlay-color":"","overlay-opacity":"","overlay-gradient":""},"tablet":{"background-color":"","background-image":"","background-repeat":"repeat","background-position":"center center","background-size":"auto","background-attachment":"scroll","background-type":"","background-media":"","overlay-type":"","overlay-color":"","overlay-opacity":"","overlay-gradient":""},"mobile":{"background-color":"","background-image":"","background-repeat":"repeat","background-position":"center center","background-size":"auto","background-attachment":"scroll","background-type":"","background-media":"","overlay-type":"","overlay-color":"","overlay-opacity":"","overlay-gradient":""}},"ast-content-background-meta":{"desktop":{"background-color":"var(--ast-global-color-5)","background-image":"","background-repeat":"repeat","background-position":"center center","background-size":"auto","background-attachment":"scroll","background-type":"","background-media":"","overlay-type":"","overlay-color":"","overlay-opacity":"","overlay-gradient":""},"tablet":{"background-color":"var(--ast-global-color-5)","background-image":"","background-repeat":"repeat","background-position":"center center","background-size":"auto","background-attachment":"scroll","background-type":"","background-media":"","overlay-type":"","overlay-color":"","overlay-opacity":"","overlay-gradient":""},"mobile":{"background-color":"var(--ast-global-color-5)","background-image":"","background-repeat":"repeat","background-position":"center center","background-size":"auto","background-attachment":"scroll","background-type":"","background-media":"","overlay-type":"","overlay-color":"","overlay-opacity":"","overlay-gradient":""}}},"product_brand":[],"product_cat":[197,195,191,187],"product_tag":[],"class_list":{"0":"post-8296","1":"product","2":"type-product","3":"status-publish","4":"has-post-thumbnail","6":"product_cat-gefieder","7":"product_cat-praevention-und-gesundheit","8":"product_cat-reise","9":"product_cat-zucht","10":"desktop-align-center","11":"tablet-align-left","12":"mobile-align-left","14":"first","15":"instock","16":"shipping-taxable","17":"product-type-simple"},"_links":{"self":[{"href":"https:\/\/ovigor.pl\/index.php?rest_route=\/wp\/v2\/product\/8296","targetHints":{"allow":["GET"]}}],"collection":[{"href":"https:\/\/ovigor.pl\/index.php?rest_route=\/wp\/v2\/product"}],"about":[{"href":"https:\/\/ovigor.pl\/index.php?rest_route=\/wp\/v2\/types\/product"}],"wp:featuredmedia":[{"embeddable":true,"href":"https:\/\/ovigor.pl\/index.php?rest_route=\/wp\/v2\/media\/7545"}],"wp:attachment":[{"href":"https:\/\/ovigor.pl\/index.php?rest_route=%2Fwp%2Fv2%2Fmedia&parent=8296"}],"wp:term":[{"taxonomy":"product_brand","embeddable":true,"href":"https:\/\/ovigor.pl\/index.php?rest_route=%2Fwp%2Fv2%2Fproduct_brand&post=8296"},{"taxonomy":"product_cat","embeddable":true,"href":"https:\/\/ovigor.pl\/index.php?rest_route=%2Fwp%2Fv2%2Fproduct_cat&post=8296"},{"taxonomy":"product_tag","embeddable":true,"href":"https:\/\/ovigor.pl\/index.php?rest_route=%2Fwp%2Fv2%2Fproduct_tag&post=8296"}],"curies":[{"name":"wp","href":"https:\/\/api.w.org\/{rel}","templated":true}]}}