{"id":8301,"date":"2024-11-19T14:37:35","date_gmt":"2024-11-19T13:37:35","guid":{"rendered":"https:\/\/ovigor.pl\/?post_type=product&#038;p=8301"},"modified":"2024-11-19T14:38:32","modified_gmt":"2024-11-19T13:38:32","slug":"oviyeast-pro-3","status":"publish","type":"product","link":"https:\/\/ovigor.pl\/?product=oviyeast-pro-3&lang=de","title":{"rendered":"OviYeast PRO"},"content":{"rendered":"<p><strong>(DE)<\/strong> Erg\u00e4nzungsfuttermischung f\u00fcr Tauben mit Bierhefe mit zus\u00e4tzlichem Kartoffelprotein.<\/p>\n<p><strong>Analytische Bestandteile: <\/strong>Rohprotein 46%, Rohasche 5,5%, Rohfaser 1%, Roh\u00f6le und -fette 0,5%, Lysin 3%, Methionin 0,5%, Natrium 0,7%, Kalium 0%<\/p>\n<p><strong>Zusammensetzung: <\/strong>Bierhefe, Kartoffelprotein<\/p>\n<p><strong>Eigenschaften: <\/strong>Die Bierhefe wirkt st\u00e4rkend und regt den Appetit an. Sie erh\u00f6ht die Verdaulichkeit, die k\u00f6rperliche Verfassung und K\u00f6rperleistung und wirkt mildernd bei Verdauungsst\u00f6rungen. Sie sind eine nat\u00fcrliche Quelle f\u00fcr Vitamine der B-Gruppe, Pantothens\u00e4ure, Fols\u00e4ure, Vitamin H, sowie f\u00fcr Spurenelemente, wie Kupfer, Eisen, Zink, Jod und Selen. In den gegenw\u00e4rtigen Futtermitteln wird der Anteil an H\u00fclsenfr\u00fcchten (Eiwei\u00dflieferant!!!) wegen ihrer belastenden Wirkung auf die Verdauung immer geringer. Ein idealer pflanzlicher Ersatz ist die Bierhefe, die das hochwertige und gut verwertbare Eiwei\u00df enth\u00e4lt. Studien im Bereich Tierf\u00fctterung zeigen, dass sich Kartoffeleiwei\u00df durch eine ausgezeichnete Assimilationsf\u00e4higkeit (bis 90%) kennzeichnet, dieses wird aber in einem komplizierten und kostspieligen Koagulationsprozess des Kartoffelzellensaftes gewonnen. Durch den Anteil an Kartoffeleiwei\u00df ist das Pr\u00e4parat OviYeast PRO eine unersetzbare, nat\u00fcrliche Quelle an reinen Proteinen mit h\u00f6chster Verdaulichkeit.<\/p>\n<p><strong>Dosierung: <\/strong>10 g \/1 EL\/ \u00fcber 1 kg Futter<br \/>\nZucht: 2-3 x w\u00f6chentlich<br \/>\nReisezeit: am Tag vor dem Einsetzen und am Heimkehrtag<br \/>\nDas ganze Jahr hindurch: 1-2 x w\u00f6chentlich.<\/p>\n<p><strong>Nettomasse:<\/strong> 600 g<\/p>\n","protected":false},"excerpt":{"rendered":"<p>(DE) Erg\u00e4nzungsfuttermischung f\u00fcr Tauben mit Bierhefe mit zus\u00e4tzlichem Kartoffelprotein. Analytische Bestandteile: Rohprotein 46%, Rohasche 5,5%, Rohfaser 1%, Roh\u00f6le und -fette 0,5%, Lysin 3%, Methionin 0,5%, Natrium 0,7%, Kalium 0% Zusammensetzung: Bierhefe, Kartoffelprotein Eigenschaften: Die Bierhefe wirkt st\u00e4rkend und regt den Appetit an. Sie erh\u00f6ht die Verdaulichkeit, die k\u00f6rperliche Verfassung und K\u00f6rperleistung und wirkt mildernd bei [&hellip;]<\/p>\n","protected":false},"featured_media":7547,"template":"","meta":{"site-sidebar-layout":"default","site-content-layout":"default","ast-site-content-layout":"default","site-content-style":"default","site-sidebar-style":"default","ast-global-header-display":"","ast-banner-title-visibility":"","ast-main-header-display":"","ast-hfb-above-header-display":"","ast-hfb-below-header-display":"","ast-hfb-mobile-header-display":"","site-post-title":"","ast-breadcrumbs-content":"","ast-featured-img":"","footer-sml-layout":"","ast-disable-related-posts":"","theme-transparent-header-meta":"default","adv-header-id-meta":"","stick-header-meta":"","header-above-stick-meta":"","header-main-stick-meta":"","header-below-stick-meta":"","astra-migrate-meta-layouts":"set","ast-page-background-enabled":"default","ast-page-background-meta":{"desktop":{"background-color":"","background-image":"","background-repeat":"repeat","background-position":"center center","background-size":"auto","background-attachment":"scroll","background-type":"","background-media":"","overlay-type":"","overlay-color":"","overlay-opacity":"","overlay-gradient":""},"tablet":{"background-color":"","background-image":"","background-repeat":"repeat","background-position":"center center","background-size":"auto","background-attachment":"scroll","background-type":"","background-media":"","overlay-type":"","overlay-color":"","overlay-opacity":"","overlay-gradient":""},"mobile":{"background-color":"","background-image":"","background-repeat":"repeat","background-position":"center center","background-size":"auto","background-attachment":"scroll","background-type":"","background-media":"","overlay-type":"","overlay-color":"","overlay-opacity":"","overlay-gradient":""}},"ast-content-background-meta":{"desktop":{"background-color":"var(--ast-global-color-5)","background-image":"","background-repeat":"repeat","background-position":"center center","background-size":"auto","background-attachment":"scroll","background-type":"","background-media":"","overlay-type":"","overlay-color":"","overlay-opacity":"","overlay-gradient":""},"tablet":{"background-color":"var(--ast-global-color-5)","background-image":"","background-repeat":"repeat","background-position":"center center","background-size":"auto","background-attachment":"scroll","background-type":"","background-media":"","overlay-type":"","overlay-color":"","overlay-opacity":"","overlay-gradient":""},"mobile":{"background-color":"var(--ast-global-color-5)","background-image":"","background-repeat":"repeat","background-position":"center center","background-size":"auto","background-attachment":"scroll","background-type":"","background-media":"","overlay-type":"","overlay-color":"","overlay-opacity":"","overlay-gradient":""}}},"product_brand":[],"product_cat":[195,187],"product_tag":[],"class_list":{"0":"post-8301","1":"product","2":"type-product","3":"status-publish","4":"has-post-thumbnail","6":"product_cat-praevention-und-gesundheit","7":"product_cat-zucht","8":"desktop-align-center","9":"tablet-align-left","10":"mobile-align-left","12":"first","13":"instock","14":"shipping-taxable","15":"product-type-simple"},"_links":{"self":[{"href":"https:\/\/ovigor.pl\/index.php?rest_route=\/wp\/v2\/product\/8301","targetHints":{"allow":["GET"]}}],"collection":[{"href":"https:\/\/ovigor.pl\/index.php?rest_route=\/wp\/v2\/product"}],"about":[{"href":"https:\/\/ovigor.pl\/index.php?rest_route=\/wp\/v2\/types\/product"}],"wp:featuredmedia":[{"embeddable":true,"href":"https:\/\/ovigor.pl\/index.php?rest_route=\/wp\/v2\/media\/7547"}],"wp:attachment":[{"href":"https:\/\/ovigor.pl\/index.php?rest_route=%2Fwp%2Fv2%2Fmedia&parent=8301"}],"wp:term":[{"taxonomy":"product_brand","embeddable":true,"href":"https:\/\/ovigor.pl\/index.php?rest_route=%2Fwp%2Fv2%2Fproduct_brand&post=8301"},{"taxonomy":"product_cat","embeddable":true,"href":"https:\/\/ovigor.pl\/index.php?rest_route=%2Fwp%2Fv2%2Fproduct_cat&post=8301"},{"taxonomy":"product_tag","embeddable":true,"href":"https:\/\/ovigor.pl\/index.php?rest_route=%2Fwp%2Fv2%2Fproduct_tag&post=8301"}],"curies":[{"name":"wp","href":"https:\/\/api.w.org\/{rel}","templated":true}]}}