{"id":8303,"date":"2024-11-19T14:41:19","date_gmt":"2024-11-19T13:41:19","guid":{"rendered":"https:\/\/ovigor.pl\/?post_type=product&#038;p=8303"},"modified":"2024-11-19T14:42:03","modified_gmt":"2024-11-19T13:42:03","slug":"oviblanco-2","status":"publish","type":"product","link":"https:\/\/ovigor.pl\/?product=oviblanco-2&lang=de","title":{"rendered":"OviBlanco"},"content":{"rendered":"<div class=\"boxhead\">\n<p><strong>(DE)<\/strong> Hygienepulver f\u00fcr den Boden von Gehegen und K\u00e4figen f\u00fcr Zierv\u00f6gel. Wirksame Desinfektion<\/p>\n<p><strong>Eigenschaften:<\/strong> OviBlanco ist ein Pr\u00e4parat, das gegen eine breite Palette von pathogenen Mikroorganismen wirksam ist: Viren, Schimmelpilze, Hefen, Mykobakterien. Es hat eine reinigende Wirkung durch die perfekte Absorption von Feuchtigkeit. Es hinterl\u00e4sst einen angenehmen Zitronenduft. Bei der Verwendung von OviBlanco B\u00f6den sind trocken, wei\u00df und sauber.<\/p>\n<p><strong>Dosierung:<\/strong> OviBlanco- Pulver gleichm\u00e4\u00dfig in einer d\u00fcnnen Schicht (z. B. mit einem Sieb) auf dem Boden von R\u00e4umen und K\u00e4figen verteilen<\/p>\n<p><strong>Nettovolumen:<\/strong> 2kg \/10kg<\/p>\n<\/div>\n","protected":false},"excerpt":{"rendered":"<p>(DE) Hygienepulver f\u00fcr den Boden von Gehegen und K\u00e4figen f\u00fcr Zierv\u00f6gel. Wirksame Desinfektion Eigenschaften: OviBlanco ist ein Pr\u00e4parat, das gegen eine breite Palette von pathogenen Mikroorganismen wirksam ist: Viren, Schimmelpilze, Hefen, Mykobakterien. Es hat eine reinigende Wirkung durch die perfekte Absorption von Feuchtigkeit. Es hinterl\u00e4sst einen angenehmen Zitronenduft. Bei der Verwendung von OviBlanco B\u00f6den sind [&hellip;]<\/p>\n","protected":false},"featured_media":7541,"template":"","meta":{"site-sidebar-layout":"default","site-content-layout":"default","ast-site-content-layout":"default","site-content-style":"default","site-sidebar-style":"default","ast-global-header-display":"","ast-banner-title-visibility":"","ast-main-header-display":"","ast-hfb-above-header-display":"","ast-hfb-below-header-display":"","ast-hfb-mobile-header-display":"","site-post-title":"","ast-breadcrumbs-content":"","ast-featured-img":"","footer-sml-layout":"","ast-disable-related-posts":"","theme-transparent-header-meta":"default","adv-header-id-meta":"","stick-header-meta":"","header-above-stick-meta":"","header-main-stick-meta":"","header-below-stick-meta":"","astra-migrate-meta-layouts":"set","ast-page-background-enabled":"default","ast-page-background-meta":{"desktop":{"background-color":"","background-image":"","background-repeat":"repeat","background-position":"center center","background-size":"auto","background-attachment":"scroll","background-type":"","background-media":"","overlay-type":"","overlay-color":"","overlay-opacity":"","overlay-gradient":""},"tablet":{"background-color":"","background-image":"","background-repeat":"repeat","background-position":"center center","background-size":"auto","background-attachment":"scroll","background-type":"","background-media":"","overlay-type":"","overlay-color":"","overlay-opacity":"","overlay-gradient":""},"mobile":{"background-color":"","background-image":"","background-repeat":"repeat","background-position":"center center","background-size":"auto","background-attachment":"scroll","background-type":"","background-media":"","overlay-type":"","overlay-color":"","overlay-opacity":"","overlay-gradient":""}},"ast-content-background-meta":{"desktop":{"background-color":"var(--ast-global-color-5)","background-image":"","background-repeat":"repeat","background-position":"center center","background-size":"auto","background-attachment":"scroll","background-type":"","background-media":"","overlay-type":"","overlay-color":"","overlay-opacity":"","overlay-gradient":""},"tablet":{"background-color":"var(--ast-global-color-5)","background-image":"","background-repeat":"repeat","background-position":"center center","background-size":"auto","background-attachment":"scroll","background-type":"","background-media":"","overlay-type":"","overlay-color":"","overlay-opacity":"","overlay-gradient":""},"mobile":{"background-color":"var(--ast-global-color-5)","background-image":"","background-repeat":"repeat","background-position":"center center","background-size":"auto","background-attachment":"scroll","background-type":"","background-media":"","overlay-type":"","overlay-color":"","overlay-opacity":"","overlay-gradient":""}}},"product_brand":[],"product_cat":[195,189],"product_tag":[],"class_list":{"0":"post-8303","1":"product","2":"type-product","3":"status-publish","4":"has-post-thumbnail","6":"product_cat-praevention-und-gesundheit","7":"product_cat-tauben-und-taubenschlaghygiene","8":"desktop-align-center","9":"tablet-align-left","10":"mobile-align-left","12":"first","13":"instock","14":"shipping-taxable","15":"product-type-simple"},"_links":{"self":[{"href":"https:\/\/ovigor.pl\/index.php?rest_route=\/wp\/v2\/product\/8303","targetHints":{"allow":["GET"]}}],"collection":[{"href":"https:\/\/ovigor.pl\/index.php?rest_route=\/wp\/v2\/product"}],"about":[{"href":"https:\/\/ovigor.pl\/index.php?rest_route=\/wp\/v2\/types\/product"}],"wp:featuredmedia":[{"embeddable":true,"href":"https:\/\/ovigor.pl\/index.php?rest_route=\/wp\/v2\/media\/7541"}],"wp:attachment":[{"href":"https:\/\/ovigor.pl\/index.php?rest_route=%2Fwp%2Fv2%2Fmedia&parent=8303"}],"wp:term":[{"taxonomy":"product_brand","embeddable":true,"href":"https:\/\/ovigor.pl\/index.php?rest_route=%2Fwp%2Fv2%2Fproduct_brand&post=8303"},{"taxonomy":"product_cat","embeddable":true,"href":"https:\/\/ovigor.pl\/index.php?rest_route=%2Fwp%2Fv2%2Fproduct_cat&post=8303"},{"taxonomy":"product_tag","embeddable":true,"href":"https:\/\/ovigor.pl\/index.php?rest_route=%2Fwp%2Fv2%2Fproduct_tag&post=8303"}],"curies":[{"name":"wp","href":"https:\/\/api.w.org\/{rel}","templated":true}]}}