{"id":8306,"date":"2024-11-19T14:44:51","date_gmt":"2024-11-19T13:44:51","guid":{"rendered":"https:\/\/ovigor.pl\/?post_type=product&#038;p=8306"},"modified":"2024-11-19T14:45:30","modified_gmt":"2024-11-19T13:45:30","slug":"ovigrit-3-3","status":"publish","type":"product","link":"https:\/\/ovigor.pl\/?product=ovigrit-3-3&lang=de","title":{"rendered":"Ovigrit 3"},"content":{"rendered":"<p><strong>(DE)<\/strong> Mineralfuttermittel f\u00fcr Tauben.<\/p>\n<p><strong>Analytische Bestandteile: <\/strong>Rohasche 76%, Calcium 32%, Kalium 16,5%, Lehm 4,3%, Magnesium 0,90%, Natrium 0,27%, Phosphor 0,03%, Lysin 0%, Methionin 0%<\/p>\n<p><strong>Zusammensetzung:<\/strong> zerkleinerte Muscheln, roter Stein, Magensteinchen, Anis.<\/p>\n<p><strong>Eigenschaften: <\/strong>Die gut vertr\u00e4gliche Mischung enth\u00e4lt die wichtigsten Spurenelemente und nat\u00fcrliche Mineralien. Es unterst\u00fctzt die Knochenbildung und das Wachstum. Verhindert Rachitis, garantiert einen gesunden Blutkreislauf, Nervensystem und eine gesunde Muskulatur. Es unterst\u00fctzt die Entwicklung des Federkleides, erh\u00f6ht den Widerstand und beugt den folgenschweren Vergiftungen auf dem Feld vor.<\/p>\n<p><strong>Dosierung: <\/strong>OviGrit 3 mit Anis sollte Tauben in separaten Schalen f\u00fcr jede Ernte gegeben werden, wobei die Verwendung von &#8222;weniger aber \u00f6fter&#8221; ber\u00fccksichtigt wird, um eine Kontamination der Mischung oder das Absetzen von Staub zu verhindern.<\/p>\n<p><strong>Nettomasse:<\/strong> 2,5 kg<\/p>\n","protected":false},"excerpt":{"rendered":"<p>(DE) Mineralfuttermittel f\u00fcr Tauben. Analytische Bestandteile: Rohasche 76%, Calcium 32%, Kalium 16,5%, Lehm 4,3%, Magnesium 0,90%, Natrium 0,27%, Phosphor 0,03%, Lysin 0%, Methionin 0% Zusammensetzung: zerkleinerte Muscheln, roter Stein, Magensteinchen, Anis. Eigenschaften: Die gut vertr\u00e4gliche Mischung enth\u00e4lt die wichtigsten Spurenelemente und nat\u00fcrliche Mineralien. Es unterst\u00fctzt die Knochenbildung und das Wachstum. Verhindert Rachitis, garantiert einen gesunden [&hellip;]<\/p>\n","protected":false},"featured_media":7548,"template":"","meta":{"site-sidebar-layout":"default","site-content-layout":"default","ast-site-content-layout":"default","site-content-style":"default","site-sidebar-style":"default","ast-global-header-display":"","ast-banner-title-visibility":"","ast-main-header-display":"","ast-hfb-above-header-display":"","ast-hfb-below-header-display":"","ast-hfb-mobile-header-display":"","site-post-title":"","ast-breadcrumbs-content":"","ast-featured-img":"","footer-sml-layout":"","ast-disable-related-posts":"","theme-transparent-header-meta":"default","adv-header-id-meta":"","stick-header-meta":"","header-above-stick-meta":"","header-main-stick-meta":"","header-below-stick-meta":"","astra-migrate-meta-layouts":"set","ast-page-background-enabled":"default","ast-page-background-meta":{"desktop":{"background-color":"","background-image":"","background-repeat":"repeat","background-position":"center center","background-size":"auto","background-attachment":"scroll","background-type":"","background-media":"","overlay-type":"","overlay-color":"","overlay-opacity":"","overlay-gradient":""},"tablet":{"background-color":"","background-image":"","background-repeat":"repeat","background-position":"center center","background-size":"auto","background-attachment":"scroll","background-type":"","background-media":"","overlay-type":"","overlay-color":"","overlay-opacity":"","overlay-gradient":""},"mobile":{"background-color":"","background-image":"","background-repeat":"repeat","background-position":"center center","background-size":"auto","background-attachment":"scroll","background-type":"","background-media":"","overlay-type":"","overlay-color":"","overlay-opacity":"","overlay-gradient":""}},"ast-content-background-meta":{"desktop":{"background-color":"var(--ast-global-color-5)","background-image":"","background-repeat":"repeat","background-position":"center center","background-size":"auto","background-attachment":"scroll","background-type":"","background-media":"","overlay-type":"","overlay-color":"","overlay-opacity":"","overlay-gradient":""},"tablet":{"background-color":"var(--ast-global-color-5)","background-image":"","background-repeat":"repeat","background-position":"center center","background-size":"auto","background-attachment":"scroll","background-type":"","background-media":"","overlay-type":"","overlay-color":"","overlay-opacity":"","overlay-gradient":""},"mobile":{"background-color":"var(--ast-global-color-5)","background-image":"","background-repeat":"repeat","background-position":"center center","background-size":"auto","background-attachment":"scroll","background-type":"","background-media":"","overlay-type":"","overlay-color":"","overlay-opacity":"","overlay-gradient":""}}},"product_brand":[],"product_cat":[193,195],"product_tag":[],"class_list":{"0":"post-8306","1":"product","2":"type-product","3":"status-publish","4":"has-post-thumbnail","6":"product_cat-mineralien","7":"product_cat-praevention-und-gesundheit","8":"desktop-align-center","9":"tablet-align-left","10":"mobile-align-left","12":"first","13":"instock","14":"virtual","15":"product-type-simple"},"_links":{"self":[{"href":"https:\/\/ovigor.pl\/index.php?rest_route=\/wp\/v2\/product\/8306","targetHints":{"allow":["GET"]}}],"collection":[{"href":"https:\/\/ovigor.pl\/index.php?rest_route=\/wp\/v2\/product"}],"about":[{"href":"https:\/\/ovigor.pl\/index.php?rest_route=\/wp\/v2\/types\/product"}],"wp:featuredmedia":[{"embeddable":true,"href":"https:\/\/ovigor.pl\/index.php?rest_route=\/wp\/v2\/media\/7548"}],"wp:attachment":[{"href":"https:\/\/ovigor.pl\/index.php?rest_route=%2Fwp%2Fv2%2Fmedia&parent=8306"}],"wp:term":[{"taxonomy":"product_brand","embeddable":true,"href":"https:\/\/ovigor.pl\/index.php?rest_route=%2Fwp%2Fv2%2Fproduct_brand&post=8306"},{"taxonomy":"product_cat","embeddable":true,"href":"https:\/\/ovigor.pl\/index.php?rest_route=%2Fwp%2Fv2%2Fproduct_cat&post=8306"},{"taxonomy":"product_tag","embeddable":true,"href":"https:\/\/ovigor.pl\/index.php?rest_route=%2Fwp%2Fv2%2Fproduct_tag&post=8306"}],"curies":[{"name":"wp","href":"https:\/\/api.w.org\/{rel}","templated":true}]}}