{"id":8312,"date":"2024-11-19T14:54:32","date_gmt":"2024-11-19T13:54:32","guid":{"rendered":"https:\/\/ovigor.pl\/?post_type=product&#038;p=8312"},"modified":"2024-11-19T14:55:34","modified_gmt":"2024-11-19T13:55:34","slug":"ovimix-3","status":"publish","type":"product","link":"https:\/\/ovigor.pl\/?product=ovimix-3&lang=de","title":{"rendered":"OviMix"},"content":{"rendered":"<p><strong>(DE)<\/strong> Erg\u00e4nzungsfuttermittel f\u00fcr Tauben<\/p>\n<p><strong>Analytische Bestandteile:<\/strong> Rohasche 60%, Calcium 39%, Kalium 16,5%, Natrium 1,3%, Magnesium 0,9%, Phosphor 0,03%, Methionin 0,0%, Lysin 0,0%, Feuchtigkeit 0,5%, Rohprotein &lt;0,4%, Rohfaser &lt;0,3%, \u00d6le und Rohfett &lt;0,1%<\/p>\n<p><strong>Zusammensetzung:<\/strong> kalkhaltige Muscheln, Kalziumkarbonat, Holzkohle, roter Stein, wei\u00dfer Stein,organisches Calcium aus Eierschalen, \u00a0Meeresalgen, Bierhefe, Anis, \u00d6lsaatenk\u00f6rner: Raps, gelbe und rote Hirse, Sonnenblume, Milo, Leinsamen, gesch\u00e4lter Reis, Kardi, Kanariensaat, Buchweizen Dari und Hanf. Zusatzstoffe: Vitamine B1, B12, B6, K3, A., D3, C, E.<\/p>\n<p><strong>Eigenschaften:<\/strong> OviMix ist eine optimal ausgewogene Mischung aus Mineralien und Vitaminen f\u00fcr Tauben, Zierv\u00f6gel und Ziergefl\u00fcgel. Es enth\u00e4lt die wichtigsten Inhaltsstoffe, die f\u00fcr das reibungslose Funktionieren des K\u00f6rpers notwendig sind, wirkt sich positiv auf die Kraft und Gesundheit von Tauben aus und regt die Verdauung an. OviMix sollte das ganze Jahr \u00fcber verabreicht werden, insbesondere in Zeiten intensiver k\u00f6rperlicher Anstrengung:<\/p>\n<p><strong>Zuchtvorbereitung:<\/strong> Sorgt f\u00fcr eine starken Knochenaufbau und f\u00fcr die Bildung einer starken Eierschale<\/p>\n<p><strong>Reisesaison:<\/strong> Verleiht den Brieftauben insbesondere mehr Kraft<\/p>\n<p><strong>Mauserphase:<\/strong> Erleichtert die Bildung und Entwicklung neuer Federn durch \u00d6lsaaten<\/p>\n<p><strong>Die Dosierung soll in daf\u00fcr vorgesehenen separaten N\u00e4pfen erfolgen:<\/strong><\/p>\n<p>3-4 mal pro Woche: 20 Gramm (1 Messl\u00f6ffel) f\u00fcr 6 Brieftauben<\/p>\n<p>2-3 mal pro Woche: 20 Gramm (1 Messl\u00f6ffel) pro 2 kg K\u00f6rpergewicht einer Ziertaube<\/p>\n<p>3-4 mal pro Woche: 20 Gramm (1 Messl\u00f6ffel) pro 2 kg Ziergefl\u00fcgel<\/p>\n<p><strong>Nettovolumen:<\/strong> 6kg<\/p>\n","protected":false},"excerpt":{"rendered":"<p>(DE) Erg\u00e4nzungsfuttermittel f\u00fcr Tauben Analytische Bestandteile: Rohasche 60%, Calcium 39%, Kalium 16,5%, Natrium 1,3%, Magnesium 0,9%, Phosphor 0,03%, Methionin 0,0%, Lysin 0,0%, Feuchtigkeit 0,5%, Rohprotein &lt;0,4%, Rohfaser &lt;0,3%, \u00d6le und Rohfett &lt;0,1% Zusammensetzung: kalkhaltige Muscheln, Kalziumkarbonat, Holzkohle, roter Stein, wei\u00dfer Stein,organisches Calcium aus Eierschalen, \u00a0Meeresalgen, Bierhefe, Anis, \u00d6lsaatenk\u00f6rner: Raps, gelbe und rote Hirse, Sonnenblume, Milo, [&hellip;]<\/p>\n","protected":false},"featured_media":7550,"template":"","meta":{"site-sidebar-layout":"default","site-content-layout":"default","ast-site-content-layout":"default","site-content-style":"default","site-sidebar-style":"default","ast-global-header-display":"","ast-banner-title-visibility":"","ast-main-header-display":"","ast-hfb-above-header-display":"","ast-hfb-below-header-display":"","ast-hfb-mobile-header-display":"","site-post-title":"","ast-breadcrumbs-content":"","ast-featured-img":"","footer-sml-layout":"","ast-disable-related-posts":"","theme-transparent-header-meta":"default","adv-header-id-meta":"","stick-header-meta":"","header-above-stick-meta":"","header-main-stick-meta":"","header-below-stick-meta":"","astra-migrate-meta-layouts":"set","ast-page-background-enabled":"default","ast-page-background-meta":{"desktop":{"background-color":"","background-image":"","background-repeat":"repeat","background-position":"center center","background-size":"auto","background-attachment":"scroll","background-type":"","background-media":"","overlay-type":"","overlay-color":"","overlay-opacity":"","overlay-gradient":""},"tablet":{"background-color":"","background-image":"","background-repeat":"repeat","background-position":"center center","background-size":"auto","background-attachment":"scroll","background-type":"","background-media":"","overlay-type":"","overlay-color":"","overlay-opacity":"","overlay-gradient":""},"mobile":{"background-color":"","background-image":"","background-repeat":"repeat","background-position":"center center","background-size":"auto","background-attachment":"scroll","background-type":"","background-media":"","overlay-type":"","overlay-color":"","overlay-opacity":"","overlay-gradient":""}},"ast-content-background-meta":{"desktop":{"background-color":"var(--ast-global-color-5)","background-image":"","background-repeat":"repeat","background-position":"center center","background-size":"auto","background-attachment":"scroll","background-type":"","background-media":"","overlay-type":"","overlay-color":"","overlay-opacity":"","overlay-gradient":""},"tablet":{"background-color":"var(--ast-global-color-5)","background-image":"","background-repeat":"repeat","background-position":"center center","background-size":"auto","background-attachment":"scroll","background-type":"","background-media":"","overlay-type":"","overlay-color":"","overlay-opacity":"","overlay-gradient":""},"mobile":{"background-color":"var(--ast-global-color-5)","background-image":"","background-repeat":"repeat","background-position":"center center","background-size":"auto","background-attachment":"scroll","background-type":"","background-media":"","overlay-type":"","overlay-color":"","overlay-opacity":"","overlay-gradient":""}}},"product_brand":[],"product_cat":[193],"product_tag":[],"class_list":{"0":"post-8312","1":"product","2":"type-product","3":"status-publish","4":"has-post-thumbnail","6":"product_cat-mineralien","7":"desktop-align-center","8":"tablet-align-left","9":"mobile-align-left","11":"first","12":"instock","13":"shipping-taxable","14":"product-type-simple"},"_links":{"self":[{"href":"https:\/\/ovigor.pl\/index.php?rest_route=\/wp\/v2\/product\/8312","targetHints":{"allow":["GET"]}}],"collection":[{"href":"https:\/\/ovigor.pl\/index.php?rest_route=\/wp\/v2\/product"}],"about":[{"href":"https:\/\/ovigor.pl\/index.php?rest_route=\/wp\/v2\/types\/product"}],"wp:featuredmedia":[{"embeddable":true,"href":"https:\/\/ovigor.pl\/index.php?rest_route=\/wp\/v2\/media\/7550"}],"wp:attachment":[{"href":"https:\/\/ovigor.pl\/index.php?rest_route=%2Fwp%2Fv2%2Fmedia&parent=8312"}],"wp:term":[{"taxonomy":"product_brand","embeddable":true,"href":"https:\/\/ovigor.pl\/index.php?rest_route=%2Fwp%2Fv2%2Fproduct_brand&post=8312"},{"taxonomy":"product_cat","embeddable":true,"href":"https:\/\/ovigor.pl\/index.php?rest_route=%2Fwp%2Fv2%2Fproduct_cat&post=8312"},{"taxonomy":"product_tag","embeddable":true,"href":"https:\/\/ovigor.pl\/index.php?rest_route=%2Fwp%2Fv2%2Fproduct_tag&post=8312"}],"curies":[{"name":"wp","href":"https:\/\/api.w.org\/{rel}","templated":true}]}}