{"id":8315,"date":"2024-11-19T14:59:16","date_gmt":"2024-11-19T13:59:16","guid":{"rendered":"https:\/\/ovigor.pl\/?post_type=product&#038;p=8315"},"modified":"2024-11-19T15:02:05","modified_gmt":"2024-11-19T14:02:05","slug":"mineralvit-3","status":"publish","type":"product","link":"https:\/\/ovigor.pl\/?product=mineralvit-3&lang=de","title":{"rendered":"MineralVit"},"content":{"rendered":"<p><strong>(DE)<\/strong> Erg\u00e4nzende Futtermischung f\u00fcr Tauben.<\/p>\n<p><strong>Analytische Bestandteile: <\/strong>Feuchtigkeit 2,5%, Rohprotein &lt;0,4%, Rohfaser &lt;0,3%, \u00d6le und Rohfette &lt;0,1%, Rohasche 87,0%, Lysin 0,0%, Methionin 0,0%, Natrium 0,005%.<\/p>\n<p><strong>Zusammensetzung: <\/strong>Ziegelmehl (in Pulverform), Calciumcarbonat, Dicalciumphosphat zum Verf\u00fcttern, Magnesiumoxid 15 %, Mineral- und Vitaminstoffe. Zus\u00e4tze in 1kg Futter: Nicotins\u00e4dureamid 1200 mg, Vit. B1 &#8211; 80 mg, Vit. Ble &#8211; 300 mg, Vit. B6 &#8211; 150 mg, Biotin &#8211; 1 mg, Vit. K3 &#8211; 150 mg, Vit. A &#8211; 1500 OOO IE, Vit. D3 &#8211; 600 000 IE, Vit. E- 1500 mg, Vit. C &#8211; 7000 mg, Mn &#8211; 72 000 mg, Cu &#8211; 12700 mg, Fe &#8211; 40 000 mg, Zn &#8211; 80 000 mg, | &#8211; 2 300 mg, Aromen und Geschmackszus\u00e4tze.<\/p>\n<p><strong>Zusatzstoffe pro 1 kg: <em>Di\u00e4t:<\/em><\/strong> 3a672a Vitamin A 3 450 IE, 3aE671 Vitamin D3 1380 IE, 3a700 Vitamin E 3,45 mg, 3a821 Vitamin B1 (Thiaminhydrochlorid 0,184 mg, 3a Vitamin B2 (Riboflavin-5&#8242;-phosphat) 0,69 mg, 3a831 Vitamin B6 (Pyridoxinhydrochlorid) 0,345 mg, 3a Vitamin B12 (Cyanocobalamin) 0,00184 mg, 3a315 Niacinamid 2,76 mg, 3a841 Pantothens\u00e4ure (D-Pantothenatkalzium) 1,38 mg, 3a710 Vitamin K3 0,345 mg, 3a300 Vitamin C (L-Ascorbins\u00e4ure) 16,1 mg, 3a880 Biotin 0,0023 mg, 3bE6 Zink (Zinksulfat-Monohydrat) 184 mg, 3bE5 Mangan (Mangan-Monohydrat) 165,6 mg, 3bE4 Kupfer (Kupfersulfat-Pentahydrat) 29,21 mg, 3bE1 Eisen (Eisensulfat-Monohydrat) 92 mg, 3b201 Jod (Kaliumiodid) 5,29 mg. <strong><em>Technologisch:<\/em><\/strong> 1E551b Kolloidale Kiesels\u00e4ure, 1bE321 BHT &#8211; Antioxidans. <strong><em>Sensorische:<\/em><\/strong> 2b-Aroma identisch mit nat\u00fcrlichem Aroma.<\/p>\n<p><strong>Eigenschaften:<\/strong> Diese Futtermischung enth\u00e4lt wichtige Vitamine, Aminos\u00e4uren, Spurenelemente und Mineralstoffe. Die freie Aufnahme gew\u00e4hrleistet gute Gesundheit der Tauben und hervorragende Leistung in der Reisesaison und in der Zucht. St\u00e4rkt das Immunsystem und unterst\u00fctzt die Mauser.<\/p>\n<p><strong>Dosierung: <\/strong>MineralVit sollte in gesonderten Futtern\u00e4pfen zur individuellen Aufnahme bereitgestellt werden. Es gilt in diesem Fall die Regel \u201eweniger, doch \u00f6fter\u201c, um eine Verunreinigung der Mischung und Staubansatz zu vermeiden. Dar\u00fcber hinaus Verabreichung \u00fcber das Futter: 10 g \u00fcber 1 kg Futter, das mit \u00d6l benetzt wurde (z.B. OlejMix,Garlisoil, oder OviDachol).<br \/>\nTrocken aufbewahren!<br \/>\n<strong><br \/>\n<\/strong><strong>Nettomasse:<\/strong> 7 kg<\/p>\n","protected":false},"excerpt":{"rendered":"<p>(DE) Erg\u00e4nzende Futtermischung f\u00fcr Tauben. Analytische Bestandteile: Feuchtigkeit 2,5%, Rohprotein &lt;0,4%, Rohfaser &lt;0,3%, \u00d6le und Rohfette &lt;0,1%, Rohasche 87,0%, Lysin 0,0%, Methionin 0,0%, Natrium 0,005%. Zusammensetzung: Ziegelmehl (in Pulverform), Calciumcarbonat, Dicalciumphosphat zum Verf\u00fcttern, Magnesiumoxid 15 %, Mineral- und Vitaminstoffe. Zus\u00e4tze in 1kg Futter: Nicotins\u00e4dureamid 1200 mg, Vit. B1 &#8211; 80 mg, Vit. Ble &#8211; 300 [&hellip;]<\/p>\n","protected":false},"featured_media":7551,"template":"","meta":{"site-sidebar-layout":"default","site-content-layout":"default","ast-site-content-layout":"default","site-content-style":"default","site-sidebar-style":"default","ast-global-header-display":"","ast-banner-title-visibility":"","ast-main-header-display":"","ast-hfb-above-header-display":"","ast-hfb-below-header-display":"","ast-hfb-mobile-header-display":"","site-post-title":"","ast-breadcrumbs-content":"","ast-featured-img":"","footer-sml-layout":"","ast-disable-related-posts":"","theme-transparent-header-meta":"default","adv-header-id-meta":"","stick-header-meta":"","header-above-stick-meta":"","header-main-stick-meta":"","header-below-stick-meta":"","astra-migrate-meta-layouts":"set","ast-page-background-enabled":"default","ast-page-background-meta":{"desktop":{"background-color":"","background-image":"","background-repeat":"repeat","background-position":"center center","background-size":"auto","background-attachment":"scroll","background-type":"","background-media":"","overlay-type":"","overlay-color":"","overlay-opacity":"","overlay-gradient":""},"tablet":{"background-color":"","background-image":"","background-repeat":"repeat","background-position":"center center","background-size":"auto","background-attachment":"scroll","background-type":"","background-media":"","overlay-type":"","overlay-color":"","overlay-opacity":"","overlay-gradient":""},"mobile":{"background-color":"","background-image":"","background-repeat":"repeat","background-position":"center center","background-size":"auto","background-attachment":"scroll","background-type":"","background-media":"","overlay-type":"","overlay-color":"","overlay-opacity":"","overlay-gradient":""}},"ast-content-background-meta":{"desktop":{"background-color":"var(--ast-global-color-5)","background-image":"","background-repeat":"repeat","background-position":"center center","background-size":"auto","background-attachment":"scroll","background-type":"","background-media":"","overlay-type":"","overlay-color":"","overlay-opacity":"","overlay-gradient":""},"tablet":{"background-color":"var(--ast-global-color-5)","background-image":"","background-repeat":"repeat","background-position":"center center","background-size":"auto","background-attachment":"scroll","background-type":"","background-media":"","overlay-type":"","overlay-color":"","overlay-opacity":"","overlay-gradient":""},"mobile":{"background-color":"var(--ast-global-color-5)","background-image":"","background-repeat":"repeat","background-position":"center center","background-size":"auto","background-attachment":"scroll","background-type":"","background-media":"","overlay-type":"","overlay-color":"","overlay-opacity":"","overlay-gradient":""}}},"product_brand":[],"product_cat":[193],"product_tag":[],"class_list":{"0":"post-8315","1":"product","2":"type-product","3":"status-publish","4":"has-post-thumbnail","6":"product_cat-mineralien","7":"desktop-align-center","8":"tablet-align-left","9":"mobile-align-left","11":"first","12":"instock","13":"shipping-taxable","14":"product-type-simple"},"_links":{"self":[{"href":"https:\/\/ovigor.pl\/index.php?rest_route=\/wp\/v2\/product\/8315","targetHints":{"allow":["GET"]}}],"collection":[{"href":"https:\/\/ovigor.pl\/index.php?rest_route=\/wp\/v2\/product"}],"about":[{"href":"https:\/\/ovigor.pl\/index.php?rest_route=\/wp\/v2\/types\/product"}],"wp:featuredmedia":[{"embeddable":true,"href":"https:\/\/ovigor.pl\/index.php?rest_route=\/wp\/v2\/media\/7551"}],"wp:attachment":[{"href":"https:\/\/ovigor.pl\/index.php?rest_route=%2Fwp%2Fv2%2Fmedia&parent=8315"}],"wp:term":[{"taxonomy":"product_brand","embeddable":true,"href":"https:\/\/ovigor.pl\/index.php?rest_route=%2Fwp%2Fv2%2Fproduct_brand&post=8315"},{"taxonomy":"product_cat","embeddable":true,"href":"https:\/\/ovigor.pl\/index.php?rest_route=%2Fwp%2Fv2%2Fproduct_cat&post=8315"},{"taxonomy":"product_tag","embeddable":true,"href":"https:\/\/ovigor.pl\/index.php?rest_route=%2Fwp%2Fv2%2Fproduct_tag&post=8315"}],"curies":[{"name":"wp","href":"https:\/\/api.w.org\/{rel}","templated":true}]}}