{"id":8317,"date":"2024-11-19T15:04:23","date_gmt":"2024-11-19T14:04:23","guid":{"rendered":"https:\/\/ovigor.pl\/?post_type=product&#038;p=8317"},"modified":"2024-11-19T15:05:21","modified_gmt":"2024-11-19T14:05:21","slug":"ovibad-essence-3","status":"publish","type":"product","link":"https:\/\/ovigor.pl\/?product=ovibad-essence-3&lang=de","title":{"rendered":"OviBad Essence"},"content":{"rendered":"<p><strong>(DE)<\/strong> Badezusatz f\u00fcr Tauben mit \u00e4therischen \u00d6len.<\/p>\n<p><strong>Eigenschaften: <\/strong>Die Badefl\u00fcssigkeit OviBad ist ein unentbehrlicher Wasserzusatz f\u00fcr das Taubenbad. Es erweicht das Wasser, wodurch die Federn nach dem Bad seidenweich, gl\u00e4nzend und federkr\u00e4ftig werden. Das Taubenbad mit dem Badesalz von OVIGOR erleichtert den Tauben die Mauser: beseitigt Schmutz, Schuppen und Hautr\u00fcckst\u00e4nde. Schlechte Federn und Daunen werden gelockert und somit wird auch der Federwechsel gef\u00f6rdert. Die im Badesalz OviBad Essence, hier im Wasser aufgel\u00f6st, enthaltenen Kristalle der \u00e4therischen \u00d6len wirken lindernd auf die ge\u00f6ffneten Hautporen und haben auf der Haut auch eine antibakterielle Wirkung (sie bek\u00e4mpfen wirksam die Federsch\u00e4dlinge). Die nach dem Bad auf der Haut befindlichen \u00e4therischen \u00d6le verdunsten teilweise und gelangen so in die Atemwege. Zus\u00e4tzlich gibt es einen Inhalationseffekt, welcher die Atemleistung der Taube verbessert.<\/p>\n<p><strong>Dosierung: <\/strong>10 ml\u00a0 \u00fcber 5l Wasser. Wiederholen Sie das Bad 1-2 mal pro Woche w\u00e4hrend des ganzen Jahres. Vor Gebrauch gut sch\u00fctteln !!!<\/p>\n<p><strong>\u00a0<\/strong><strong>Nettovolumen:<\/strong> 1000 ml<\/p>\n","protected":false},"excerpt":{"rendered":"<p>(DE) Badezusatz f\u00fcr Tauben mit \u00e4therischen \u00d6len. Eigenschaften: Die Badefl\u00fcssigkeit OviBad ist ein unentbehrlicher Wasserzusatz f\u00fcr das Taubenbad. Es erweicht das Wasser, wodurch die Federn nach dem Bad seidenweich, gl\u00e4nzend und federkr\u00e4ftig werden. Das Taubenbad mit dem Badesalz von OVIGOR erleichtert den Tauben die Mauser: beseitigt Schmutz, Schuppen und Hautr\u00fcckst\u00e4nde. Schlechte Federn und Daunen werden [&hellip;]<\/p>\n","protected":false},"featured_media":7552,"template":"","meta":{"site-sidebar-layout":"default","site-content-layout":"default","ast-site-content-layout":"default","site-content-style":"default","site-sidebar-style":"default","ast-global-header-display":"","ast-banner-title-visibility":"","ast-main-header-display":"","ast-hfb-above-header-display":"","ast-hfb-below-header-display":"","ast-hfb-mobile-header-display":"","site-post-title":"","ast-breadcrumbs-content":"","ast-featured-img":"","footer-sml-layout":"","ast-disable-related-posts":"","theme-transparent-header-meta":"default","adv-header-id-meta":"","stick-header-meta":"","header-above-stick-meta":"","header-main-stick-meta":"","header-below-stick-meta":"","astra-migrate-meta-layouts":"set","ast-page-background-enabled":"default","ast-page-background-meta":{"desktop":{"background-color":"","background-image":"","background-repeat":"repeat","background-position":"center center","background-size":"auto","background-attachment":"scroll","background-type":"","background-media":"","overlay-type":"","overlay-color":"","overlay-opacity":"","overlay-gradient":""},"tablet":{"background-color":"","background-image":"","background-repeat":"repeat","background-position":"center center","background-size":"auto","background-attachment":"scroll","background-type":"","background-media":"","overlay-type":"","overlay-color":"","overlay-opacity":"","overlay-gradient":""},"mobile":{"background-color":"","background-image":"","background-repeat":"repeat","background-position":"center center","background-size":"auto","background-attachment":"scroll","background-type":"","background-media":"","overlay-type":"","overlay-color":"","overlay-opacity":"","overlay-gradient":""}},"ast-content-background-meta":{"desktop":{"background-color":"var(--ast-global-color-5)","background-image":"","background-repeat":"repeat","background-position":"center center","background-size":"auto","background-attachment":"scroll","background-type":"","background-media":"","overlay-type":"","overlay-color":"","overlay-opacity":"","overlay-gradient":""},"tablet":{"background-color":"var(--ast-global-color-5)","background-image":"","background-repeat":"repeat","background-position":"center center","background-size":"auto","background-attachment":"scroll","background-type":"","background-media":"","overlay-type":"","overlay-color":"","overlay-opacity":"","overlay-gradient":""},"mobile":{"background-color":"var(--ast-global-color-5)","background-image":"","background-repeat":"repeat","background-position":"center center","background-size":"auto","background-attachment":"scroll","background-type":"","background-media":"","overlay-type":"","overlay-color":"","overlay-opacity":"","overlay-gradient":""}}},"product_brand":[],"product_cat":[185,197,195,189,183],"product_tag":[],"class_list":{"0":"post-8317","1":"product","2":"type-product","3":"status-publish","4":"has-post-thumbnail","6":"product_cat-bestseller","7":"product_cat-gefieder","8":"product_cat-praevention-und-gesundheit","9":"product_cat-tauben-und-taubenschlaghygiene","10":"product_cat-taubenausstellung-vorbereitung","11":"desktop-align-center","12":"tablet-align-left","13":"mobile-align-left","15":"first","16":"instock","17":"shipping-taxable","18":"product-type-simple"},"_links":{"self":[{"href":"https:\/\/ovigor.pl\/index.php?rest_route=\/wp\/v2\/product\/8317","targetHints":{"allow":["GET"]}}],"collection":[{"href":"https:\/\/ovigor.pl\/index.php?rest_route=\/wp\/v2\/product"}],"about":[{"href":"https:\/\/ovigor.pl\/index.php?rest_route=\/wp\/v2\/types\/product"}],"wp:featuredmedia":[{"embeddable":true,"href":"https:\/\/ovigor.pl\/index.php?rest_route=\/wp\/v2\/media\/7552"}],"wp:attachment":[{"href":"https:\/\/ovigor.pl\/index.php?rest_route=%2Fwp%2Fv2%2Fmedia&parent=8317"}],"wp:term":[{"taxonomy":"product_brand","embeddable":true,"href":"https:\/\/ovigor.pl\/index.php?rest_route=%2Fwp%2Fv2%2Fproduct_brand&post=8317"},{"taxonomy":"product_cat","embeddable":true,"href":"https:\/\/ovigor.pl\/index.php?rest_route=%2Fwp%2Fv2%2Fproduct_cat&post=8317"},{"taxonomy":"product_tag","embeddable":true,"href":"https:\/\/ovigor.pl\/index.php?rest_route=%2Fwp%2Fv2%2Fproduct_tag&post=8317"}],"curies":[{"name":"wp","href":"https:\/\/api.w.org\/{rel}","templated":true}]}}