{"id":8322,"date":"2024-11-19T15:12:00","date_gmt":"2024-11-19T14:12:00","guid":{"rendered":"https:\/\/ovigor.pl\/?post_type=product&#038;p=8322"},"modified":"2024-11-19T15:13:54","modified_gmt":"2024-11-19T14:13:54","slug":"mauser-3","status":"publish","type":"product","link":"https:\/\/ovigor.pl\/?product=mauser-3&lang=de","title":{"rendered":"Mauser"},"content":{"rendered":"<p><strong>(DE)<\/strong> Erganzungsfuttermittel f\u00fcr Tauben. Hervorragende Mauser &#8211; die Grundlage f\u00fcr k\u00fcnftige Flugergebnisse!!!<\/p>\n<p><strong>Analytische Bestandteile: <\/strong>Feuchtigkeit 84,0%; Rohprotein &lt;0,4%; Rohfaser &lt;0,3%; Rohfett &lt;0,1%; Rohasche 4,5%; Lysin 0,0%; Calcium 0,2%; DL Methionin 2,0%; Natrium 0,0%.<\/p>\n<p><strong>Zusammensetzung: <\/strong>Calciumchlorid, Glucose.<\/p>\n<p><strong>Zusatzstoffe pro 1 Liter: Di\u00e4t:<\/strong> 3c301 L &#8211; Methionin 20.000 mg, 3a316 Cholinchlorid 2.500 mg, 3bE5 Mangan &#8211; Chlorid Tetrahydrat 560 mg, 3bE4 Kupfer &#8211; Chlorid Dihydrat 280 mg, 3bE1 Eisen &#8211; Chlorid Hexahydrat 850 mg. <strong>Sensorisch:<\/strong> 2a E110 Sonnenuntergang gelb.<\/p>\n<p><strong>Eigenschaften: <\/strong>Unterst\u00fctzendes Pr\u00e4parat bei der Bildung gesunder und starker Federn mit hoher Flexibilit\u00e4t. Das im Pr\u00e4parat enthaltene Methionin ist eine unerl\u00e4ssliche Aminos\u00e4ure, die Schwefel enth\u00e4lt: es wirkt sich g\u00fcnstig auf die richtige Funktion der Leber aus und vor allem ist es ein Baustein jener Proteine, welche Federn aufbauen. Das ebenfalls enthaltene Cholin ist besonders in Zeiten einer intensiven Anstrengung -w\u00e4hrend der Mauser &#8211; notwendig. Enthaltenes Vitamin B4 (Cholin) ist f\u00fcr den Transport und Stoffwechsel von Fetten verantwortlich.<\/p>\n<p><strong>Dosierung:<\/strong> 10 ml auf 1 Liter Wasser oder 1 kg Futter 2 x am Tag<\/p>\n<ul>\n<li>Zucht:(Jungtauben \u00e4lter als 8 Tage) 2 x l w\u00f6chentlich<\/li>\n<li>Mauser: 2-3 x w\u00f6chentlich.<\/li>\n<\/ul>\n<p><strong>Nettovolumen:<\/strong> 500 ml<\/p>\n","protected":false},"excerpt":{"rendered":"<p>(DE) Erganzungsfuttermittel f\u00fcr Tauben. Hervorragende Mauser &#8211; die Grundlage f\u00fcr k\u00fcnftige Flugergebnisse!!! Analytische Bestandteile: Feuchtigkeit 84,0%; Rohprotein &lt;0,4%; Rohfaser &lt;0,3%; Rohfett &lt;0,1%; Rohasche 4,5%; Lysin 0,0%; Calcium 0,2%; DL Methionin 2,0%; Natrium 0,0%. Zusammensetzung: Calciumchlorid, Glucose. Zusatzstoffe pro 1 Liter: Di\u00e4t: 3c301 L &#8211; Methionin 20.000 mg, 3a316 Cholinchlorid 2.500 mg, 3bE5 Mangan &#8211; Chlorid [&hellip;]<\/p>\n","protected":false},"featured_media":7554,"template":"","meta":{"site-sidebar-layout":"default","site-content-layout":"default","ast-site-content-layout":"default","site-content-style":"default","site-sidebar-style":"default","ast-global-header-display":"","ast-banner-title-visibility":"","ast-main-header-display":"","ast-hfb-above-header-display":"","ast-hfb-below-header-display":"","ast-hfb-mobile-header-display":"","site-post-title":"","ast-breadcrumbs-content":"","ast-featured-img":"","footer-sml-layout":"","ast-disable-related-posts":"","theme-transparent-header-meta":"default","adv-header-id-meta":"","stick-header-meta":"","header-above-stick-meta":"","header-main-stick-meta":"","header-below-stick-meta":"","astra-migrate-meta-layouts":"set","ast-page-background-enabled":"default","ast-page-background-meta":{"desktop":{"background-color":"","background-image":"","background-repeat":"repeat","background-position":"center center","background-size":"auto","background-attachment":"scroll","background-type":"","background-media":"","overlay-type":"","overlay-color":"","overlay-opacity":"","overlay-gradient":""},"tablet":{"background-color":"","background-image":"","background-repeat":"repeat","background-position":"center center","background-size":"auto","background-attachment":"scroll","background-type":"","background-media":"","overlay-type":"","overlay-color":"","overlay-opacity":"","overlay-gradient":""},"mobile":{"background-color":"","background-image":"","background-repeat":"repeat","background-position":"center center","background-size":"auto","background-attachment":"scroll","background-type":"","background-media":"","overlay-type":"","overlay-color":"","overlay-opacity":"","overlay-gradient":""}},"ast-content-background-meta":{"desktop":{"background-color":"var(--ast-global-color-5)","background-image":"","background-repeat":"repeat","background-position":"center center","background-size":"auto","background-attachment":"scroll","background-type":"","background-media":"","overlay-type":"","overlay-color":"","overlay-opacity":"","overlay-gradient":""},"tablet":{"background-color":"var(--ast-global-color-5)","background-image":"","background-repeat":"repeat","background-position":"center center","background-size":"auto","background-attachment":"scroll","background-type":"","background-media":"","overlay-type":"","overlay-color":"","overlay-opacity":"","overlay-gradient":""},"mobile":{"background-color":"var(--ast-global-color-5)","background-image":"","background-repeat":"repeat","background-position":"center center","background-size":"auto","background-attachment":"scroll","background-type":"","background-media":"","overlay-type":"","overlay-color":"","overlay-opacity":"","overlay-gradient":""}}},"product_brand":[],"product_cat":[197],"product_tag":[],"class_list":{"0":"post-8322","1":"product","2":"type-product","3":"status-publish","4":"has-post-thumbnail","6":"product_cat-gefieder","7":"desktop-align-center","8":"tablet-align-left","9":"mobile-align-left","11":"first","12":"instock","13":"shipping-taxable","14":"product-type-simple"},"_links":{"self":[{"href":"https:\/\/ovigor.pl\/index.php?rest_route=\/wp\/v2\/product\/8322","targetHints":{"allow":["GET"]}}],"collection":[{"href":"https:\/\/ovigor.pl\/index.php?rest_route=\/wp\/v2\/product"}],"about":[{"href":"https:\/\/ovigor.pl\/index.php?rest_route=\/wp\/v2\/types\/product"}],"wp:featuredmedia":[{"embeddable":true,"href":"https:\/\/ovigor.pl\/index.php?rest_route=\/wp\/v2\/media\/7554"}],"wp:attachment":[{"href":"https:\/\/ovigor.pl\/index.php?rest_route=%2Fwp%2Fv2%2Fmedia&parent=8322"}],"wp:term":[{"taxonomy":"product_brand","embeddable":true,"href":"https:\/\/ovigor.pl\/index.php?rest_route=%2Fwp%2Fv2%2Fproduct_brand&post=8322"},{"taxonomy":"product_cat","embeddable":true,"href":"https:\/\/ovigor.pl\/index.php?rest_route=%2Fwp%2Fv2%2Fproduct_cat&post=8322"},{"taxonomy":"product_tag","embeddable":true,"href":"https:\/\/ovigor.pl\/index.php?rest_route=%2Fwp%2Fv2%2Fproduct_tag&post=8322"}],"curies":[{"name":"wp","href":"https:\/\/api.w.org\/{rel}","templated":true}]}}