{"id":8324,"date":"2024-11-19T15:15:50","date_gmt":"2024-11-19T14:15:50","guid":{"rendered":"https:\/\/ovigor.pl\/?post_type=product&#038;p=8324"},"modified":"2024-11-19T15:16:22","modified_gmt":"2024-11-19T14:16:22","slug":"oviyeast-essence-2","status":"publish","type":"product","link":"https:\/\/ovigor.pl\/?product=oviyeast-essence-2&lang=de","title":{"rendered":"OviYeast Essence"},"content":{"rendered":"<p><strong>(DE)<\/strong> Fl\u00fcssige Hefe. Nat\u00fcrliches Pr\u00e4parat mit biologisch aktiven Enzymen aus Bierhefezellen und leicht verf\u00fcgbaren Vitaminen, Aminos\u00e4uren und Spurenelementen. Erg\u00e4nzende Futtermischung f\u00fcr Tauben.<\/p>\n<p><strong>Analytische Bestandteile: <\/strong>Feuchtigkeit 88%, Rohprotein 1,4%, Rohfaser 0,1%, Rohfett 1,1%, Rohasche 1%, Natrium 0,23%, Methionin 1%, Lysin 0,23%<\/p>\n<p><strong>Zusammensetzung: <\/strong>Lebende Bierhefezellen &#8211; Bierhefe (Vit. B6, B12, 132,); Weizenkeim\u00f6l (Vit. E), Kohlenhydrate, Fette, Mineralverbindungen (Kalium-, Natrium-, Calcium-, Magnesium und Zinksalze sowie Spurenmengen an Eisen, Kupfer und Mangan).<\/p>\n<p><strong>Eigenschaften: <\/strong>gew\u00e4hrleistet die maximale Regeneration der Taube, unterst\u00fctzt den Sauerstoffmetabolismus, st\u00e4rkt die Abwehrkr\u00e4fte, verbessert die Leistung der Taube in der Reisezeit, unterst\u00fctzt bei Ersch\u00f6pfung und Erm\u00fcdung (Zucht, Reisezeit, Mauser).<\/p>\n<p><strong>Dosierung: <\/strong>10-15 ml \u00fcber 1kg Futter geben und gut vermengen.<br \/>\nReisezeit: Anfang der Woche 2 Tage hintereinander,<br \/>\nZucht: 1 x w\u00f6chentlich,<br \/>\nMauser: 2 M x w\u00f6chentlich<br \/>\nEine derart vorbereitete Portion kann noch mit einem Pulverpr\u00e4parat angereichert werden (z.B. GardenMix, RobAut, OviCalgen,Glukoza C, etc.).<\/p>\n<p><strong>Nettovolumen:<\/strong> 250 ml<\/p>\n","protected":false},"excerpt":{"rendered":"<p>(DE) Fl\u00fcssige Hefe. Nat\u00fcrliches Pr\u00e4parat mit biologisch aktiven Enzymen aus Bierhefezellen und leicht verf\u00fcgbaren Vitaminen, Aminos\u00e4uren und Spurenelementen. Erg\u00e4nzende Futtermischung f\u00fcr Tauben. Analytische Bestandteile: Feuchtigkeit 88%, Rohprotein 1,4%, Rohfaser 0,1%, Rohfett 1,1%, Rohasche 1%, Natrium 0,23%, Methionin 1%, Lysin 0,23% Zusammensetzung: Lebende Bierhefezellen &#8211; Bierhefe (Vit. B6, B12, 132,); Weizenkeim\u00f6l (Vit. E), Kohlenhydrate, Fette, Mineralverbindungen [&hellip;]<\/p>\n","protected":false},"featured_media":7555,"template":"","meta":{"site-sidebar-layout":"default","site-content-layout":"default","ast-site-content-layout":"default","site-content-style":"default","site-sidebar-style":"default","ast-global-header-display":"","ast-banner-title-visibility":"","ast-main-header-display":"","ast-hfb-above-header-display":"","ast-hfb-below-header-display":"","ast-hfb-mobile-header-display":"","site-post-title":"","ast-breadcrumbs-content":"","ast-featured-img":"","footer-sml-layout":"","ast-disable-related-posts":"","theme-transparent-header-meta":"default","adv-header-id-meta":"","stick-header-meta":"","header-above-stick-meta":"","header-main-stick-meta":"","header-below-stick-meta":"","astra-migrate-meta-layouts":"set","ast-page-background-enabled":"default","ast-page-background-meta":{"desktop":{"background-color":"","background-image":"","background-repeat":"repeat","background-position":"center center","background-size":"auto","background-attachment":"scroll","background-type":"","background-media":"","overlay-type":"","overlay-color":"","overlay-opacity":"","overlay-gradient":""},"tablet":{"background-color":"","background-image":"","background-repeat":"repeat","background-position":"center center","background-size":"auto","background-attachment":"scroll","background-type":"","background-media":"","overlay-type":"","overlay-color":"","overlay-opacity":"","overlay-gradient":""},"mobile":{"background-color":"","background-image":"","background-repeat":"repeat","background-position":"center center","background-size":"auto","background-attachment":"scroll","background-type":"","background-media":"","overlay-type":"","overlay-color":"","overlay-opacity":"","overlay-gradient":""}},"ast-content-background-meta":{"desktop":{"background-color":"var(--ast-global-color-5)","background-image":"","background-repeat":"repeat","background-position":"center center","background-size":"auto","background-attachment":"scroll","background-type":"","background-media":"","overlay-type":"","overlay-color":"","overlay-opacity":"","overlay-gradient":""},"tablet":{"background-color":"var(--ast-global-color-5)","background-image":"","background-repeat":"repeat","background-position":"center center","background-size":"auto","background-attachment":"scroll","background-type":"","background-media":"","overlay-type":"","overlay-color":"","overlay-opacity":"","overlay-gradient":""},"mobile":{"background-color":"var(--ast-global-color-5)","background-image":"","background-repeat":"repeat","background-position":"center center","background-size":"auto","background-attachment":"scroll","background-type":"","background-media":"","overlay-type":"","overlay-color":"","overlay-opacity":"","overlay-gradient":""}}},"product_brand":[],"product_cat":[191],"product_tag":[],"class_list":{"0":"post-8324","1":"product","2":"type-product","3":"status-publish","4":"has-post-thumbnail","6":"product_cat-reise","7":"desktop-align-center","8":"tablet-align-left","9":"mobile-align-left","11":"first","12":"instock","13":"shipping-taxable","14":"product-type-simple"},"_links":{"self":[{"href":"https:\/\/ovigor.pl\/index.php?rest_route=\/wp\/v2\/product\/8324","targetHints":{"allow":["GET"]}}],"collection":[{"href":"https:\/\/ovigor.pl\/index.php?rest_route=\/wp\/v2\/product"}],"about":[{"href":"https:\/\/ovigor.pl\/index.php?rest_route=\/wp\/v2\/types\/product"}],"wp:featuredmedia":[{"embeddable":true,"href":"https:\/\/ovigor.pl\/index.php?rest_route=\/wp\/v2\/media\/7555"}],"wp:attachment":[{"href":"https:\/\/ovigor.pl\/index.php?rest_route=%2Fwp%2Fv2%2Fmedia&parent=8324"}],"wp:term":[{"taxonomy":"product_brand","embeddable":true,"href":"https:\/\/ovigor.pl\/index.php?rest_route=%2Fwp%2Fv2%2Fproduct_brand&post=8324"},{"taxonomy":"product_cat","embeddable":true,"href":"https:\/\/ovigor.pl\/index.php?rest_route=%2Fwp%2Fv2%2Fproduct_cat&post=8324"},{"taxonomy":"product_tag","embeddable":true,"href":"https:\/\/ovigor.pl\/index.php?rest_route=%2Fwp%2Fv2%2Fproduct_tag&post=8324"}],"curies":[{"name":"wp","href":"https:\/\/api.w.org\/{rel}","templated":true}]}}