{"id":8328,"date":"2024-11-19T15:19:54","date_gmt":"2024-11-19T14:19:54","guid":{"rendered":"https:\/\/ovigor.pl\/?post_type=product&#038;p=8328"},"modified":"2024-11-19T15:20:52","modified_gmt":"2024-11-19T14:20:52","slug":"magnesium-3","status":"publish","type":"product","link":"https:\/\/ovigor.pl\/?product=magnesium-3&lang=de","title":{"rendered":"Magnesium"},"content":{"rendered":"<p><strong>(DE)<\/strong> Erg\u00e4nzungsfuttermittel f\u00fcr Tauben.<\/p>\n<p><strong>Analytische Bestandteile: <\/strong>Rohasche 59%, Calcium 11%, Natrium 7%, Rohprotein 7%, Rohfett 0,6%, Rohfaser 0,34%, Phosphor 0,32%, Lysin 0%, Methionin 0%<\/p>\n<p><strong>Zusammensetzung:<\/strong> Magnesiumoxid, Glucose, getrocknete Algen, Hefe, Calciumcarbonat, Natriumcarbonat, Vitamin C.<\/p>\n<p><strong>Eigenschaften: <\/strong>Magnesium ist ein lebensnotwendiger N\u00e4hrstoff. Magnesium unterst\u00fctzt die neuromuskul\u00e4re \u00dcbertragung und optimiert die Wechselbeziehung zwischen Nerven und Muskeln. Magnesiummangel f\u00fchrt zu Muskelkr\u00e4mpfen bei den Tauben in Folge der \u00fcberm\u00e4\u00dfigen Anstrengung w\u00e4hrend der Fl\u00fcge. Verringern Sie das Risiko von Muskelkater w\u00e4hrend der ersten Trainingseinheiten nach dem Winter und w\u00e4hrend der Wettfl\u00fcge. Magnesium ist ferner f\u00fcr die korrekte Aufnahme von Calcium in den Knochen verantwortlich und verbessert die Knochendichte.<\/p>\n<p><strong>Dosierung:<\/strong> Trainingseinheiten nach dem Winter und Wettfl\u00fcge: 5-10 g auf 1 Kilo Futter. In der Reisesaison wird empfohlen: Magnesium einen Tag vor dem Wettflug zusammen mit OlejMix oder PowerMix zu verabreichen.<\/p>\n","protected":false},"excerpt":{"rendered":"<p>(DE) Erg\u00e4nzungsfuttermittel f\u00fcr Tauben. Analytische Bestandteile: Rohasche 59%, Calcium 11%, Natrium 7%, Rohprotein 7%, Rohfett 0,6%, Rohfaser 0,34%, Phosphor 0,32%, Lysin 0%, Methionin 0% Zusammensetzung: Magnesiumoxid, Glucose, getrocknete Algen, Hefe, Calciumcarbonat, Natriumcarbonat, Vitamin C. Eigenschaften: Magnesium ist ein lebensnotwendiger N\u00e4hrstoff. Magnesium unterst\u00fctzt die neuromuskul\u00e4re \u00dcbertragung und optimiert die Wechselbeziehung zwischen Nerven und Muskeln. Magnesiummangel f\u00fchrt [&hellip;]<\/p>\n","protected":false},"featured_media":7556,"template":"","meta":{"site-sidebar-layout":"default","site-content-layout":"default","ast-site-content-layout":"default","site-content-style":"default","site-sidebar-style":"default","ast-global-header-display":"","ast-banner-title-visibility":"","ast-main-header-display":"","ast-hfb-above-header-display":"","ast-hfb-below-header-display":"","ast-hfb-mobile-header-display":"","site-post-title":"","ast-breadcrumbs-content":"","ast-featured-img":"","footer-sml-layout":"","ast-disable-related-posts":"","theme-transparent-header-meta":"default","adv-header-id-meta":"","stick-header-meta":"","header-above-stick-meta":"","header-main-stick-meta":"","header-below-stick-meta":"","astra-migrate-meta-layouts":"set","ast-page-background-enabled":"default","ast-page-background-meta":{"desktop":{"background-color":"","background-image":"","background-repeat":"repeat","background-position":"center center","background-size":"auto","background-attachment":"scroll","background-type":"","background-media":"","overlay-type":"","overlay-color":"","overlay-opacity":"","overlay-gradient":""},"tablet":{"background-color":"","background-image":"","background-repeat":"repeat","background-position":"center center","background-size":"auto","background-attachment":"scroll","background-type":"","background-media":"","overlay-type":"","overlay-color":"","overlay-opacity":"","overlay-gradient":""},"mobile":{"background-color":"","background-image":"","background-repeat":"repeat","background-position":"center center","background-size":"auto","background-attachment":"scroll","background-type":"","background-media":"","overlay-type":"","overlay-color":"","overlay-opacity":"","overlay-gradient":""}},"ast-content-background-meta":{"desktop":{"background-color":"var(--ast-global-color-5)","background-image":"","background-repeat":"repeat","background-position":"center center","background-size":"auto","background-attachment":"scroll","background-type":"","background-media":"","overlay-type":"","overlay-color":"","overlay-opacity":"","overlay-gradient":""},"tablet":{"background-color":"var(--ast-global-color-5)","background-image":"","background-repeat":"repeat","background-position":"center center","background-size":"auto","background-attachment":"scroll","background-type":"","background-media":"","overlay-type":"","overlay-color":"","overlay-opacity":"","overlay-gradient":""},"mobile":{"background-color":"var(--ast-global-color-5)","background-image":"","background-repeat":"repeat","background-position":"center center","background-size":"auto","background-attachment":"scroll","background-type":"","background-media":"","overlay-type":"","overlay-color":"","overlay-opacity":"","overlay-gradient":""}}},"product_brand":[],"product_cat":[191],"product_tag":[],"class_list":{"0":"post-8328","1":"product","2":"type-product","3":"status-publish","4":"has-post-thumbnail","6":"product_cat-reise","7":"desktop-align-center","8":"tablet-align-left","9":"mobile-align-left","11":"first","12":"instock","13":"shipping-taxable","14":"product-type-simple"},"_links":{"self":[{"href":"https:\/\/ovigor.pl\/index.php?rest_route=\/wp\/v2\/product\/8328","targetHints":{"allow":["GET"]}}],"collection":[{"href":"https:\/\/ovigor.pl\/index.php?rest_route=\/wp\/v2\/product"}],"about":[{"href":"https:\/\/ovigor.pl\/index.php?rest_route=\/wp\/v2\/types\/product"}],"wp:featuredmedia":[{"embeddable":true,"href":"https:\/\/ovigor.pl\/index.php?rest_route=\/wp\/v2\/media\/7556"}],"wp:attachment":[{"href":"https:\/\/ovigor.pl\/index.php?rest_route=%2Fwp%2Fv2%2Fmedia&parent=8328"}],"wp:term":[{"taxonomy":"product_brand","embeddable":true,"href":"https:\/\/ovigor.pl\/index.php?rest_route=%2Fwp%2Fv2%2Fproduct_brand&post=8328"},{"taxonomy":"product_cat","embeddable":true,"href":"https:\/\/ovigor.pl\/index.php?rest_route=%2Fwp%2Fv2%2Fproduct_cat&post=8328"},{"taxonomy":"product_tag","embeddable":true,"href":"https:\/\/ovigor.pl\/index.php?rest_route=%2Fwp%2Fv2%2Fproduct_tag&post=8328"}],"curies":[{"name":"wp","href":"https:\/\/api.w.org\/{rel}","templated":true}]}}