{"id":8330,"date":"2024-11-19T15:22:38","date_gmt":"2024-11-19T14:22:38","guid":{"rendered":"https:\/\/ovigor.pl\/?post_type=product&#038;p=8330"},"modified":"2024-11-19T15:23:09","modified_gmt":"2024-11-19T14:23:09","slug":"elektrolity-3","status":"publish","type":"product","link":"https:\/\/ovigor.pl\/?product=elektrolity-3&lang=de","title":{"rendered":"Elektrolity"},"content":{"rendered":"<p><strong>(DE)<\/strong> Erg\u00e4nzungsfuttermittel mit Elektrolyten.<\/p>\n<p><strong>Analytische Bestandteile: <\/strong>Feuchtigkeit 53,4%, Rohprotein 5,3%, Rohfett 0,0%, Rohfaser 0,0%, Rohasche 13,2% (BA), Natrium 4,0%, Kalium 1,4%, Magnesium 0,3%, Phosphor 0,0%, Calcium 0,0%, Lysin 3,8%, Methionin 0,0%.<\/p>\n<p><strong>Zusammensetzung:<\/strong><\/p>\n<p><strong>Eigenschaften:<\/strong> Das Pr\u00e4parat ist bei Mangelzust\u00e4nden an Elektrolyten, vor allem in Zeiten einer h\u00f6heren Anstrengung, insbesondere in der Reisezeit unentbehrlich. Es enth\u00e4lt Glycin, welches eine wesentliche entgiftende Wirkung hat. Es verbindet sich mit Toxinen und wird im Harn ausgeschieden. Die entsprechende Verabreichung des Mittels mindert stressbedingte Verluste (Transport, Temperatur usw.), erleichtert das Gleichgewicht der Elektrolyten aufrechtzuerhalten, beugt einer Entw\u00e4sserung vor und regeneriert wirksam die Kr\u00e4fte nach einer Anstrengung.<\/p>\n<p><strong>Dosierung:<br \/>\n<\/strong>5ml \/ 1 liter Wasser \u2013 vor Stresssituationen, Ausstellungen, Wechsel in einen anderen Schlag, Transport, 2-3 Tage hintereinander,<br \/>\n3ml \/ 1 Liter Wasser gleich nach der R\u00fcckkehr,<br \/>\n3ml \/ 1 Liter Wasser \u2013 Regenerierung (nach einer Behandlung, einem Wettflug etc.), 2-3 Tage hintereinander,<br \/>\n1ml \/ 2 Liter Wasser \u2013 vorbeugend (z.B. an hei\u00dfen Tagen), t\u00e4glich.<\/p>\n<p><strong>Netto-volumen:<\/strong> 500 ml<\/p>\n","protected":false},"excerpt":{"rendered":"<p>(DE) Erg\u00e4nzungsfuttermittel mit Elektrolyten. Analytische Bestandteile: Feuchtigkeit 53,4%, Rohprotein 5,3%, Rohfett 0,0%, Rohfaser 0,0%, Rohasche 13,2% (BA), Natrium 4,0%, Kalium 1,4%, Magnesium 0,3%, Phosphor 0,0%, Calcium 0,0%, Lysin 3,8%, Methionin 0,0%. Zusammensetzung: Eigenschaften: Das Pr\u00e4parat ist bei Mangelzust\u00e4nden an Elektrolyten, vor allem in Zeiten einer h\u00f6heren Anstrengung, insbesondere in der Reisezeit unentbehrlich. Es enth\u00e4lt Glycin, [&hellip;]<\/p>\n","protected":false},"featured_media":7557,"template":"","meta":{"site-sidebar-layout":"default","site-content-layout":"default","ast-site-content-layout":"default","site-content-style":"default","site-sidebar-style":"default","ast-global-header-display":"","ast-banner-title-visibility":"","ast-main-header-display":"","ast-hfb-above-header-display":"","ast-hfb-below-header-display":"","ast-hfb-mobile-header-display":"","site-post-title":"","ast-breadcrumbs-content":"","ast-featured-img":"","footer-sml-layout":"","ast-disable-related-posts":"","theme-transparent-header-meta":"default","adv-header-id-meta":"","stick-header-meta":"","header-above-stick-meta":"","header-main-stick-meta":"","header-below-stick-meta":"","astra-migrate-meta-layouts":"set","ast-page-background-enabled":"default","ast-page-background-meta":{"desktop":{"background-color":"","background-image":"","background-repeat":"repeat","background-position":"center center","background-size":"auto","background-attachment":"scroll","background-type":"","background-media":"","overlay-type":"","overlay-color":"","overlay-opacity":"","overlay-gradient":""},"tablet":{"background-color":"","background-image":"","background-repeat":"repeat","background-position":"center center","background-size":"auto","background-attachment":"scroll","background-type":"","background-media":"","overlay-type":"","overlay-color":"","overlay-opacity":"","overlay-gradient":""},"mobile":{"background-color":"","background-image":"","background-repeat":"repeat","background-position":"center center","background-size":"auto","background-attachment":"scroll","background-type":"","background-media":"","overlay-type":"","overlay-color":"","overlay-opacity":"","overlay-gradient":""}},"ast-content-background-meta":{"desktop":{"background-color":"var(--ast-global-color-5)","background-image":"","background-repeat":"repeat","background-position":"center center","background-size":"auto","background-attachment":"scroll","background-type":"","background-media":"","overlay-type":"","overlay-color":"","overlay-opacity":"","overlay-gradient":""},"tablet":{"background-color":"var(--ast-global-color-5)","background-image":"","background-repeat":"repeat","background-position":"center center","background-size":"auto","background-attachment":"scroll","background-type":"","background-media":"","overlay-type":"","overlay-color":"","overlay-opacity":"","overlay-gradient":""},"mobile":{"background-color":"var(--ast-global-color-5)","background-image":"","background-repeat":"repeat","background-position":"center center","background-size":"auto","background-attachment":"scroll","background-type":"","background-media":"","overlay-type":"","overlay-color":"","overlay-opacity":"","overlay-gradient":""}}},"product_brand":[],"product_cat":[191],"product_tag":[],"class_list":{"0":"post-8330","1":"product","2":"type-product","3":"status-publish","4":"has-post-thumbnail","6":"product_cat-reise","7":"desktop-align-center","8":"tablet-align-left","9":"mobile-align-left","11":"first","12":"instock","13":"shipping-taxable","14":"product-type-simple"},"_links":{"self":[{"href":"https:\/\/ovigor.pl\/index.php?rest_route=\/wp\/v2\/product\/8330","targetHints":{"allow":["GET"]}}],"collection":[{"href":"https:\/\/ovigor.pl\/index.php?rest_route=\/wp\/v2\/product"}],"about":[{"href":"https:\/\/ovigor.pl\/index.php?rest_route=\/wp\/v2\/types\/product"}],"wp:featuredmedia":[{"embeddable":true,"href":"https:\/\/ovigor.pl\/index.php?rest_route=\/wp\/v2\/media\/7557"}],"wp:attachment":[{"href":"https:\/\/ovigor.pl\/index.php?rest_route=%2Fwp%2Fv2%2Fmedia&parent=8330"}],"wp:term":[{"taxonomy":"product_brand","embeddable":true,"href":"https:\/\/ovigor.pl\/index.php?rest_route=%2Fwp%2Fv2%2Fproduct_brand&post=8330"},{"taxonomy":"product_cat","embeddable":true,"href":"https:\/\/ovigor.pl\/index.php?rest_route=%2Fwp%2Fv2%2Fproduct_cat&post=8330"},{"taxonomy":"product_tag","embeddable":true,"href":"https:\/\/ovigor.pl\/index.php?rest_route=%2Fwp%2Fv2%2Fproduct_tag&post=8330"}],"curies":[{"name":"wp","href":"https:\/\/api.w.org\/{rel}","templated":true}]}}