{"id":8332,"date":"2024-11-19T15:25:58","date_gmt":"2024-11-19T14:25:58","guid":{"rendered":"https:\/\/ovigor.pl\/?post_type=product&#038;p=8332"},"modified":"2024-11-19T15:26:33","modified_gmt":"2024-11-19T14:26:33","slug":"powermix-3","status":"publish","type":"product","link":"https:\/\/ovigor.pl\/?product=powermix-3&lang=de","title":{"rendered":"PowerMix\u00ae"},"content":{"rendered":"<p><strong>(DE)<\/strong> Konditionspulver f\u00fcr Brieftauben mit Pr\u00e4biotika, Elektrolyten, Aminos\u00e4uren, Energietr\u00e4gern, Mineralien, Spurenelementen und Vitaminen zur Verabreichung \u00fcber das Futter.<br \/>\nKondition w\u00e4hrend der Reisezeit!!!<br \/>\nErg\u00e4nzungsfuttermittel f\u00fcr Tauben.<\/p>\n<p><strong>Analytische Bestandteile: <\/strong>Feuchtigkeit 0,70%, Rohasche 3,0%, Rohprotein 2,2%, Rohfaser 2,1%, Roh\u00f6le und -fette 0,3%, Natrium 0,06%, Kalium 0,04%, Calcium 0,1%, Phosphor 0,07%, Magnesium 0,05%, Lysin 0,0%, Methionin 0,0%.<\/p>\n<p><strong>Zusammensetzung: <\/strong>Sojaeiwei\u00dfkonzentrat, Sojabohnen-Presskuchen, Inulin aus Zichorie, Laktose.<\/p>\n<p><strong>Zusatzstoffe pro 1 Liter: <\/strong><em>Di\u00e4t:<\/em> 3a672a Vitamin A 25.000 Einheiten, 3aE671 Vitamin D3 2500 Einheiten, 3a700 Vitamin E 15 mg, 3a820 Vitamin B1 (Thiaminchlorid) 30 mg, 3a Vitamin B2 (Riboflavin-5\u2032-phosphat, Natriumsalz) 30 mg, 3a831 Vitamin B6 (Pyridoxinhydrochlorid) 20 mg, 3a Vitamin B12 (Cyanocobalamin) 0,03 mg, 3a315 Niacinamid 60 mg, 3a890 Cholinchlorid 500 mg, 3a841 Pantothens\u00e4ure (Calcium-D-Pantothenat) 55 mg, 3a71 Vitamin K3 5 mg, 3a300 Vitamin C (L-Ascorbins\u00e4ure) 500 mg, 3a316 Fols\u00e4ure 5,5 mg, 3a880 Biotin 0,08 mg, 3a900 Inositol 80 mg, 3bE6 Zink (Zinksulfat-Monohydrat) 2 mg, 3bE5 Mangan (Mangansulfat-Monohydrat) 10 mg, 3bE4 Kupfer (Kupfersulfat-Pentahydrat) 0,5 mg, 3bE1 Eisen (Eisensulfat-Monohydrat) 18 mg, 3bE8 Selen (Natriumselenit) 0,45 mg.<em> Technologische:<\/em> 1E551b hochdisperses Siliciumdioxid, 1bE321 BHT \u2013 Antioxidans.<em> Sensorische: <\/em>2b Riechstoff.<\/p>\n<p><strong>Eigenschaften und Wirkung:<br \/>\n<\/strong>* eine Wirkstoffkombination, die den Tauben die erforderliche Kondition zur Erzielung von Spitzenleistungen gibt<br \/>\n* das Pr\u00e4parat enth\u00e4lt Vitamine, Mineralstoffe, Spurenelemente, Aminos\u00e4uren und weitere wertvolle Wirkstoffe in idealer Abstimmung<br \/>\n* die Anwendung von PowerMix erh\u00f6ht die Leistungsf\u00e4higkeit (Form) der Tauben und regt bei ihnen den Stoffwechsel an<br \/>\n* wirkt sich positiv auf das Immunsystem aus<br \/>\n* unterst\u00fctz bei Ersch\u00f6pfung und M\u00fcdigkeit (Jungtaubenzucht, Reisezeit, Mauser).<\/p>\n<p><strong>Dosierung:<br \/>\n<\/strong>* Reisezeit: 2 \u2013 3 x w\u00f6chentlich (4 F\u00fctterungen vor dem Einsetzen),<br \/>\n* Zucht: 1 x w\u00f6chentlich,<br \/>\n* Mauser \u2013 2 x w\u00f6chentlich.<br \/>\n10 &#8211; 20 Gramm \u00fcber 1 kg Futter in Verbindung mit OlejMix (vor dem Wettflug als Energie) und<\/p>\n<p>10 &#8211; 20 Gramm \u00fcber 1 kg Futter in Verbindung mit Hefen in Fl\u00fcssigform (nach dem Wettflug zur Regenerierung).<\/p>\n<p><strong>Nettomasse:<\/strong> 600 g<\/p>\n","protected":false},"excerpt":{"rendered":"<p>(DE) Konditionspulver f\u00fcr Brieftauben mit Pr\u00e4biotika, Elektrolyten, Aminos\u00e4uren, Energietr\u00e4gern, Mineralien, Spurenelementen und Vitaminen zur Verabreichung \u00fcber das Futter. Kondition w\u00e4hrend der Reisezeit!!! Erg\u00e4nzungsfuttermittel f\u00fcr Tauben. Analytische Bestandteile: Feuchtigkeit 0,70%, Rohasche 3,0%, Rohprotein 2,2%, Rohfaser 2,1%, Roh\u00f6le und -fette 0,3%, Natrium 0,06%, Kalium 0,04%, Calcium 0,1%, Phosphor 0,07%, Magnesium 0,05%, Lysin 0,0%, Methionin 0,0%. Zusammensetzung: Sojaeiwei\u00dfkonzentrat, [&hellip;]<\/p>\n","protected":false},"featured_media":7558,"template":"","meta":{"site-sidebar-layout":"default","site-content-layout":"default","ast-site-content-layout":"default","site-content-style":"default","site-sidebar-style":"default","ast-global-header-display":"","ast-banner-title-visibility":"","ast-main-header-display":"","ast-hfb-above-header-display":"","ast-hfb-below-header-display":"","ast-hfb-mobile-header-display":"","site-post-title":"","ast-breadcrumbs-content":"","ast-featured-img":"","footer-sml-layout":"","ast-disable-related-posts":"","theme-transparent-header-meta":"default","adv-header-id-meta":"","stick-header-meta":"","header-above-stick-meta":"","header-main-stick-meta":"","header-below-stick-meta":"","astra-migrate-meta-layouts":"set","ast-page-background-enabled":"default","ast-page-background-meta":{"desktop":{"background-color":"","background-image":"","background-repeat":"repeat","background-position":"center center","background-size":"auto","background-attachment":"scroll","background-type":"","background-media":"","overlay-type":"","overlay-color":"","overlay-opacity":"","overlay-gradient":""},"tablet":{"background-color":"","background-image":"","background-repeat":"repeat","background-position":"center center","background-size":"auto","background-attachment":"scroll","background-type":"","background-media":"","overlay-type":"","overlay-color":"","overlay-opacity":"","overlay-gradient":""},"mobile":{"background-color":"","background-image":"","background-repeat":"repeat","background-position":"center center","background-size":"auto","background-attachment":"scroll","background-type":"","background-media":"","overlay-type":"","overlay-color":"","overlay-opacity":"","overlay-gradient":""}},"ast-content-background-meta":{"desktop":{"background-color":"var(--ast-global-color-5)","background-image":"","background-repeat":"repeat","background-position":"center center","background-size":"auto","background-attachment":"scroll","background-type":"","background-media":"","overlay-type":"","overlay-color":"","overlay-opacity":"","overlay-gradient":""},"tablet":{"background-color":"var(--ast-global-color-5)","background-image":"","background-repeat":"repeat","background-position":"center center","background-size":"auto","background-attachment":"scroll","background-type":"","background-media":"","overlay-type":"","overlay-color":"","overlay-opacity":"","overlay-gradient":""},"mobile":{"background-color":"var(--ast-global-color-5)","background-image":"","background-repeat":"repeat","background-position":"center center","background-size":"auto","background-attachment":"scroll","background-type":"","background-media":"","overlay-type":"","overlay-color":"","overlay-opacity":"","overlay-gradient":""}}},"product_brand":[],"product_cat":[191],"product_tag":[],"class_list":{"0":"post-8332","1":"product","2":"type-product","3":"status-publish","4":"has-post-thumbnail","6":"product_cat-reise","7":"desktop-align-center","8":"tablet-align-left","9":"mobile-align-left","11":"first","12":"instock","13":"shipping-taxable","14":"product-type-simple"},"_links":{"self":[{"href":"https:\/\/ovigor.pl\/index.php?rest_route=\/wp\/v2\/product\/8332","targetHints":{"allow":["GET"]}}],"collection":[{"href":"https:\/\/ovigor.pl\/index.php?rest_route=\/wp\/v2\/product"}],"about":[{"href":"https:\/\/ovigor.pl\/index.php?rest_route=\/wp\/v2\/types\/product"}],"wp:featuredmedia":[{"embeddable":true,"href":"https:\/\/ovigor.pl\/index.php?rest_route=\/wp\/v2\/media\/7558"}],"wp:attachment":[{"href":"https:\/\/ovigor.pl\/index.php?rest_route=%2Fwp%2Fv2%2Fmedia&parent=8332"}],"wp:term":[{"taxonomy":"product_brand","embeddable":true,"href":"https:\/\/ovigor.pl\/index.php?rest_route=%2Fwp%2Fv2%2Fproduct_brand&post=8332"},{"taxonomy":"product_cat","embeddable":true,"href":"https:\/\/ovigor.pl\/index.php?rest_route=%2Fwp%2Fv2%2Fproduct_cat&post=8332"},{"taxonomy":"product_tag","embeddable":true,"href":"https:\/\/ovigor.pl\/index.php?rest_route=%2Fwp%2Fv2%2Fproduct_tag&post=8332"}],"curies":[{"name":"wp","href":"https:\/\/api.w.org\/{rel}","templated":true}]}}