{"id":8341,"date":"2024-11-19T16:38:30","date_gmt":"2024-11-19T15:38:30","guid":{"rendered":"https:\/\/ovigor.pl\/?post_type=product&#038;p=8341"},"modified":"2024-11-19T16:40:31","modified_gmt":"2024-11-19T15:40:31","slug":"ovicalgen-3","status":"publish","type":"product","link":"https:\/\/ovigor.pl\/?product=ovicalgen-3&lang=de","title":{"rendered":"OviCalgen"},"content":{"rendered":"<p><strong>(DE)<\/strong> Mineralfuttermischung f\u00fcr Tauben mit Algen und \u00e4therischen \u00d6len.<\/p>\n<p><strong>Zusammensetzung: <\/strong>Calciumcarbonat, organisches Calcium aus Eierschalen, \u00a0getrocknete Meeresalgen, \u00e4therische \u00d6le<\/p>\n<p><strong>Analytische Bestandteile:<\/strong> Salzsaureunlosliche Asche 61%; Calcium 30%; Lisin 2%; Phosphor 1%; Methionin 1%; Natrium 0,9%<\/p>\n<p>OviCalgen ist eine nat\u00fcrliche Calciumquelle mit Meeresalgen und \u00e4therischen \u00d6len. Das Mittel ist ein ausgezeichneter und unentbehrlicher Lieferant von Mineralien, Vitaminen, Makro- und Mikroelementen die ganze Saison \u00fcber. Die regelm\u00e4\u00dfige Verabreichung von OviCalgen garantiert eine gesunde Zucht und Wachstum der jungtauben, h\u00f6chste Form der Reisetauben sowie erleichtert die Bildung des neuen Federkleides.<br \/>\n\u2022 stimuliert den Wachstum von Jungtauben und sorgt f\u00fcr einen starken Knochenbau bei Weibchen unterst\u00fctz es die Entwicklung einer starken Eierschale<br \/>\n\u2022 f\u00f6rdertdie Bildung des neuen Federkleides<br \/>\n\u2022 verbessert die Verdauung durch bessere Vertr\u00e4glichkeit des Futters<br \/>\n\u2022 wirkt sich positiv auf die Darmflora aus<br \/>\n\u2022 verbessert die Leistung der Atemwege erh\u00f6ht die Widerstandsf\u00e4higkeit der Taube<\/p>\n<p><strong>Dosierung: <\/strong>\u00dcber das Futter ganzj\u00e4hrig 2-3 Mal in der Woche, insbesondere in der Paarungszeit und Zucht): 10g (1 EL) OviCalgen mit 1kg Futter vermengen, das zuvor mit \u00d6l, z.B. OVIGOR OregasOil oder GarlisOil angefeuchtet wurde. Futtermischung solange r\u00fchren, bis eine gleichm\u00e4\u00dfige Vernetzung der K\u00f6rner erreicht wird. OviCalgen kann auch in Grit-N\u00e4pfen zur freien Aufnahme verabreicht werden.<\/p>\n<p><strong>Nettomasse:<\/strong> 1 kg<\/p>\n","protected":false},"excerpt":{"rendered":"<p>(DE) Mineralfuttermischung f\u00fcr Tauben mit Algen und \u00e4therischen \u00d6len. Zusammensetzung: Calciumcarbonat, organisches Calcium aus Eierschalen, \u00a0getrocknete Meeresalgen, \u00e4therische \u00d6le Analytische Bestandteile: Salzsaureunlosliche Asche 61%; Calcium 30%; Lisin 2%; Phosphor 1%; Methionin 1%; Natrium 0,9% OviCalgen ist eine nat\u00fcrliche Calciumquelle mit Meeresalgen und \u00e4therischen \u00d6len. Das Mittel ist ein ausgezeichneter und unentbehrlicher Lieferant von Mineralien, Vitaminen, [&hellip;]<\/p>\n","protected":false},"featured_media":7589,"template":"","meta":{"site-sidebar-layout":"default","site-content-layout":"default","ast-site-content-layout":"default","site-content-style":"default","site-sidebar-style":"default","ast-global-header-display":"","ast-banner-title-visibility":"","ast-main-header-display":"","ast-hfb-above-header-display":"","ast-hfb-below-header-display":"","ast-hfb-mobile-header-display":"","site-post-title":"","ast-breadcrumbs-content":"","ast-featured-img":"","footer-sml-layout":"","ast-disable-related-posts":"","theme-transparent-header-meta":"default","adv-header-id-meta":"","stick-header-meta":"","header-above-stick-meta":"","header-main-stick-meta":"","header-below-stick-meta":"","astra-migrate-meta-layouts":"set","ast-page-background-enabled":"default","ast-page-background-meta":{"desktop":{"background-color":"","background-image":"","background-repeat":"repeat","background-position":"center center","background-size":"auto","background-attachment":"scroll","background-type":"","background-media":"","overlay-type":"","overlay-color":"","overlay-opacity":"","overlay-gradient":""},"tablet":{"background-color":"","background-image":"","background-repeat":"repeat","background-position":"center center","background-size":"auto","background-attachment":"scroll","background-type":"","background-media":"","overlay-type":"","overlay-color":"","overlay-opacity":"","overlay-gradient":""},"mobile":{"background-color":"","background-image":"","background-repeat":"repeat","background-position":"center center","background-size":"auto","background-attachment":"scroll","background-type":"","background-media":"","overlay-type":"","overlay-color":"","overlay-opacity":"","overlay-gradient":""}},"ast-content-background-meta":{"desktop":{"background-color":"var(--ast-global-color-5)","background-image":"","background-repeat":"repeat","background-position":"center center","background-size":"auto","background-attachment":"scroll","background-type":"","background-media":"","overlay-type":"","overlay-color":"","overlay-opacity":"","overlay-gradient":""},"tablet":{"background-color":"var(--ast-global-color-5)","background-image":"","background-repeat":"repeat","background-position":"center center","background-size":"auto","background-attachment":"scroll","background-type":"","background-media":"","overlay-type":"","overlay-color":"","overlay-opacity":"","overlay-gradient":""},"mobile":{"background-color":"var(--ast-global-color-5)","background-image":"","background-repeat":"repeat","background-position":"center center","background-size":"auto","background-attachment":"scroll","background-type":"","background-media":"","overlay-type":"","overlay-color":"","overlay-opacity":"","overlay-gradient":""}}},"product_brand":[],"product_cat":[193,187],"product_tag":[],"class_list":{"0":"post-8341","1":"product","2":"type-product","3":"status-publish","4":"has-post-thumbnail","6":"product_cat-mineralien","7":"product_cat-zucht","8":"desktop-align-center","9":"tablet-align-left","10":"mobile-align-left","12":"first","13":"instock","14":"shipping-taxable","15":"product-type-simple"},"_links":{"self":[{"href":"https:\/\/ovigor.pl\/index.php?rest_route=\/wp\/v2\/product\/8341","targetHints":{"allow":["GET"]}}],"collection":[{"href":"https:\/\/ovigor.pl\/index.php?rest_route=\/wp\/v2\/product"}],"about":[{"href":"https:\/\/ovigor.pl\/index.php?rest_route=\/wp\/v2\/types\/product"}],"wp:featuredmedia":[{"embeddable":true,"href":"https:\/\/ovigor.pl\/index.php?rest_route=\/wp\/v2\/media\/7589"}],"wp:attachment":[{"href":"https:\/\/ovigor.pl\/index.php?rest_route=%2Fwp%2Fv2%2Fmedia&parent=8341"}],"wp:term":[{"taxonomy":"product_brand","embeddable":true,"href":"https:\/\/ovigor.pl\/index.php?rest_route=%2Fwp%2Fv2%2Fproduct_brand&post=8341"},{"taxonomy":"product_cat","embeddable":true,"href":"https:\/\/ovigor.pl\/index.php?rest_route=%2Fwp%2Fv2%2Fproduct_cat&post=8341"},{"taxonomy":"product_tag","embeddable":true,"href":"https:\/\/ovigor.pl\/index.php?rest_route=%2Fwp%2Fv2%2Fproduct_tag&post=8341"}],"curies":[{"name":"wp","href":"https:\/\/api.w.org\/{rel}","templated":true}]}}