{"id":8344,"date":"2024-11-19T16:44:00","date_gmt":"2024-11-19T15:44:00","guid":{"rendered":"https:\/\/ovigor.pl\/?post_type=product&#038;p=8344"},"modified":"2024-11-19T16:45:23","modified_gmt":"2024-11-19T15:45:23","slug":"vitamixor-multi-3","status":"publish","type":"product","link":"https:\/\/ovigor.pl\/?product=vitamixor-multi-3&lang=de","title":{"rendered":"VitaMixor\u00ae Multi"},"content":{"rendered":"<p><strong>(DE)<\/strong> Erg\u00e4nzungsfuttermittel f\u00fcr Tauben in Fl\u00fcssigform.<\/p>\n<p><strong>Eigenschaften:<\/strong> Die perfekte Kombination aus wichtigsten Vitaminen, Mineralien und Aminos\u00e4uren. Beugt den Folgen eines Vitamin- und Spurenelementenmangels in Zeiten des erh\u00f6hten Bedarfs vor: w\u00e4hrend der Zucht, der intensiven Wachstumsphase der Jungtiere und nach ihrer Trennung von den Eltern, w\u00e4hrend der Mauser, Regeneration, der Stresssituationen (Fl\u00fcge und Ausstellungen), nach Krankheiten und w\u00e4hrend Impfungen.<\/p>\n<p><strong>Dosierung: <\/strong>2-5 ml auf 1 Liter Wasser: 1 x t\u00e4glich<\/p>\n<ul>\n<li>breeding, moulting &#8211; 2x a week (combined with Ovigor Mineral+IRON)<\/li>\n<li>races &#8211; 2x a week (start and end of the week)<\/li>\n<li>regeneration &#8211; 3x a week<\/li>\n<\/ul>\n<p><strong>\u00a0<\/strong><strong>Achtung: <\/strong>Die verlangte M\u00e4nge der L\u00f6sung direkt vor Verabreichung vorbereiten &#8211; keinesfalls bis zum n\u00e4chsten Tag aufbewahren.<\/p>\n<p><strong>Aufbewahrung: <\/strong>In der Originalverpackung bei einer Temperatur von max. 25\u00b0C, trocken und vor Sonne gesch\u00fctzt, au\u00dfer der Reichweite von Kindern aufbewahren.<\/p>\n<p><strong>Analytische Bestandteile: <\/strong>Feuchtigkeit 80,8%, rohes Protein 6,0%, Rohfaser &lt;0,3%, Rohe \u00d6le und Fette 4,6%, Rohasche 2,1%, Lysin 0,24%, Methionin 0,05%, Natrium 0,58%<\/p>\n<p><strong>Zusammensetzung: <\/strong>Hefe-Produkte (Quelle von nat\u00fcrlichen Aminos\u00e4uren), Natriumbicarbonat.<\/p>\n<p><strong>Zusatzstoffe pro 1 Liter:<br \/>\nNahrungserg\u00e4nzungsmittel:<\/strong><br \/>\n3a672b Vitamin A 2.000.000 j.m.<br \/>\n3aE671 Vitamin D3 200.000 j.m.<br \/>\n3a700 Vitamin E 8.000 j.m.<br \/>\n3a820 Vitamin B1 3.500 mg<br \/>\n(Thiaminhydrochlorid)<br \/>\n3a Vitamin B2 2.500 mg<br \/>\n(Riboflavin-5&#8217;phosphat, Natriumsalz)<br \/>\n3a831Vitamin B6 1200 mg<br \/>\n(Pyridoxinhydrochlorid)<br \/>\n3a Vitamin B12 6 mg<br \/>\n(Cjanokobalamina)<br \/>\n3a315 Niacinamid 15.000 mg<br \/>\n3a842 D-Panthenol 8.000 mg<\/p>\n<p>3a710 Vitamin K 3.000 mg<br \/>\n3a300 Vitamin C 10.000 mg<br \/>\n(L-Ascorbins\u00e4ure)<br \/>\n3a316 Fols\u00e4ure 100 mg<br \/>\n3bE6 Zink 260 mg<br \/>\n(Zinksulfat Monohydrat)<br \/>\n3bE5 Mangan 320 mg<br \/>\n(Mangansulfat-Monohydrat)<br \/>\n3bE4 Kupfer 12 mg<br \/>\n(Pentahydratsulfat)<br \/>\n3BE1 Eisen 120 mg<br \/>\n(Eisensulfat-Heptahydrat)<br \/>\n3b201 Iod (Kaliumiodid) 5 mg,<br \/>\n<strong>Technologische Zus\u00e4tze:<\/strong><br \/>\n1cE433 Polyoxyethylensorbitanmonooleat<br \/>\nlbE321 Antioxidationen (BHT)<br \/>\n1aE202 Kaliumsorbat<\/p>\n<p><strong>Nettovolumen:<\/strong> 500 ml<\/p>\n","protected":false},"excerpt":{"rendered":"<p>(DE) Erg\u00e4nzungsfuttermittel f\u00fcr Tauben in Fl\u00fcssigform. Eigenschaften: Die perfekte Kombination aus wichtigsten Vitaminen, Mineralien und Aminos\u00e4uren. Beugt den Folgen eines Vitamin- und Spurenelementenmangels in Zeiten des erh\u00f6hten Bedarfs vor: w\u00e4hrend der Zucht, der intensiven Wachstumsphase der Jungtiere und nach ihrer Trennung von den Eltern, w\u00e4hrend der Mauser, Regeneration, der Stresssituationen (Fl\u00fcge und Ausstellungen), nach Krankheiten [&hellip;]<\/p>\n","protected":false},"featured_media":7563,"template":"","meta":{"site-sidebar-layout":"default","site-content-layout":"default","ast-site-content-layout":"default","site-content-style":"default","site-sidebar-style":"default","ast-global-header-display":"","ast-banner-title-visibility":"","ast-main-header-display":"","ast-hfb-above-header-display":"","ast-hfb-below-header-display":"","ast-hfb-mobile-header-display":"","site-post-title":"","ast-breadcrumbs-content":"","ast-featured-img":"","footer-sml-layout":"","ast-disable-related-posts":"","theme-transparent-header-meta":"default","adv-header-id-meta":"","stick-header-meta":"","header-above-stick-meta":"","header-main-stick-meta":"","header-below-stick-meta":"","astra-migrate-meta-layouts":"set","ast-page-background-enabled":"default","ast-page-background-meta":{"desktop":{"background-color":"","background-image":"","background-repeat":"repeat","background-position":"center center","background-size":"auto","background-attachment":"scroll","background-type":"","background-media":"","overlay-type":"","overlay-color":"","overlay-opacity":"","overlay-gradient":""},"tablet":{"background-color":"","background-image":"","background-repeat":"repeat","background-position":"center center","background-size":"auto","background-attachment":"scroll","background-type":"","background-media":"","overlay-type":"","overlay-color":"","overlay-opacity":"","overlay-gradient":""},"mobile":{"background-color":"","background-image":"","background-repeat":"repeat","background-position":"center center","background-size":"auto","background-attachment":"scroll","background-type":"","background-media":"","overlay-type":"","overlay-color":"","overlay-opacity":"","overlay-gradient":""}},"ast-content-background-meta":{"desktop":{"background-color":"var(--ast-global-color-5)","background-image":"","background-repeat":"repeat","background-position":"center center","background-size":"auto","background-attachment":"scroll","background-type":"","background-media":"","overlay-type":"","overlay-color":"","overlay-opacity":"","overlay-gradient":""},"tablet":{"background-color":"var(--ast-global-color-5)","background-image":"","background-repeat":"repeat","background-position":"center center","background-size":"auto","background-attachment":"scroll","background-type":"","background-media":"","overlay-type":"","overlay-color":"","overlay-opacity":"","overlay-gradient":""},"mobile":{"background-color":"var(--ast-global-color-5)","background-image":"","background-repeat":"repeat","background-position":"center center","background-size":"auto","background-attachment":"scroll","background-type":"","background-media":"","overlay-type":"","overlay-color":"","overlay-opacity":"","overlay-gradient":""}}},"product_brand":[],"product_cat":[195,191],"product_tag":[],"class_list":{"0":"post-8344","1":"product","2":"type-product","3":"status-publish","4":"has-post-thumbnail","6":"product_cat-praevention-und-gesundheit","7":"product_cat-reise","8":"desktop-align-center","9":"tablet-align-left","10":"mobile-align-left","12":"first","13":"instock","14":"shipping-taxable","15":"product-type-simple"},"_links":{"self":[{"href":"https:\/\/ovigor.pl\/index.php?rest_route=\/wp\/v2\/product\/8344","targetHints":{"allow":["GET"]}}],"collection":[{"href":"https:\/\/ovigor.pl\/index.php?rest_route=\/wp\/v2\/product"}],"about":[{"href":"https:\/\/ovigor.pl\/index.php?rest_route=\/wp\/v2\/types\/product"}],"wp:featuredmedia":[{"embeddable":true,"href":"https:\/\/ovigor.pl\/index.php?rest_route=\/wp\/v2\/media\/7563"}],"wp:attachment":[{"href":"https:\/\/ovigor.pl\/index.php?rest_route=%2Fwp%2Fv2%2Fmedia&parent=8344"}],"wp:term":[{"taxonomy":"product_brand","embeddable":true,"href":"https:\/\/ovigor.pl\/index.php?rest_route=%2Fwp%2Fv2%2Fproduct_brand&post=8344"},{"taxonomy":"product_cat","embeddable":true,"href":"https:\/\/ovigor.pl\/index.php?rest_route=%2Fwp%2Fv2%2Fproduct_cat&post=8344"},{"taxonomy":"product_tag","embeddable":true,"href":"https:\/\/ovigor.pl\/index.php?rest_route=%2Fwp%2Fv2%2Fproduct_tag&post=8344"}],"curies":[{"name":"wp","href":"https:\/\/api.w.org\/{rel}","templated":true}]}}