{"id":8353,"date":"2024-11-19T16:59:03","date_gmt":"2024-11-19T15:59:03","guid":{"rendered":"https:\/\/ovigor.pl\/?post_type=product&#038;p=8353"},"modified":"2024-11-19T16:59:43","modified_gmt":"2024-11-19T15:59:43","slug":"gardenmix-3","status":"publish","type":"product","link":"https:\/\/ovigor.pl\/?product=gardenmix-3&lang=de","title":{"rendered":"GardenMix\u00ae"},"content":{"rendered":"<p><strong>(DE)<\/strong> Gem\u00fcsemischung &#8211; Erg\u00e4nzungsfuttermittel f\u00fcr Tauben.<\/p>\n<p><strong>Analytische Bestandteile: <\/strong>Rohprotein 7,3%; Rohfaser 6,1%; Rohasche 56,6%; Rohfett 3,5%; Natrium 0,40%; Methionin 0,7%; Lysin 0,11%<\/p>\n<p><strong>Zusammensetzung: <\/strong>Karotte 40%, Spinat 15%, Pastinak 10%, Petersilie 8%, K\u00fcrbis 5%, R\u00fcbe 5%, Spargelbohne 5%, Tomate 5%, Anis 5%, Zwiebel 2%<\/p>\n<p><strong>Eigenschaften: <\/strong>GardenMix ist eine Mischung aus nat\u00fcrlichem, leichtverdaulichem, getrocknetem und vollwertigem Gem\u00fcse, die unter keinen chemischen Prozessen ausgesetzt waren. Gem\u00fcse ist ein nat\u00fcrliches Lieferant von: Kalium, Phosphor, Calcium, Magnesium, Zink, Kupfer, Eisen, Molybd\u00e4n und Jod, es enth\u00e4lt Vitamin A, B1, B2, B6, C und PP (Petersilie u. Karotte). Es enth\u00e4lt wichtige Inhaltsstoffe f\u00fcr die Gesundheit (Zwiebel, Pastinake). Sie regen den Appetit an (Rote Beete).<\/p>\n<p>Tauben der besten Z\u00fcchter lassen sich auf anliegende Gartenbeete nieder und suchen dort nach wertvollem rohen Gem\u00fcse. GardenMix erleichtert den Tauben die Aufnahme und liefert ihnen eine Portion an wertvollsten Gem\u00fcsesorten in Pulverform, die einfach zum Verf\u00fcttern ist.<br \/>\n\u2022 entgiftet den Organismus<br \/>\n\u2022 erg\u00e4nzt Vitamine und Mikroelemente<br \/>\n\u2022 verbessert den Stoffwechsel<\/p>\n<p>GardenMix soll das ganze Jahr lang verabreicht werden.<\/p>\n<p><strong>Dosierung:<\/strong> 20g\/1kg Futter, jeden 2-3 Tag einer der Mahlzeiten. OVIGOR-\u00d6le (z.B. OregasOil, GarlisOil, OlejMix) mit 1kg Futter anfeuchten, GardenMix zugeben und gut vermischen. Die Mischung ist zum verf\u00fcttern fertig, wenn sich der Pulver an die K\u00f6rner angebunden hat.<\/p>\n<p><strong>Nettomasse:<\/strong> 500 g<\/p>\n","protected":false},"excerpt":{"rendered":"<p>(DE) Gem\u00fcsemischung &#8211; Erg\u00e4nzungsfuttermittel f\u00fcr Tauben. Analytische Bestandteile: Rohprotein 7,3%; Rohfaser 6,1%; Rohasche 56,6%; Rohfett 3,5%; Natrium 0,40%; Methionin 0,7%; Lysin 0,11% Zusammensetzung: Karotte 40%, Spinat 15%, Pastinak 10%, Petersilie 8%, K\u00fcrbis 5%, R\u00fcbe 5%, Spargelbohne 5%, Tomate 5%, Anis 5%, Zwiebel 2% Eigenschaften: GardenMix ist eine Mischung aus nat\u00fcrlichem, leichtverdaulichem, getrocknetem und vollwertigem Gem\u00fcse, [&hellip;]<\/p>\n","protected":false},"featured_media":7567,"template":"","meta":{"site-sidebar-layout":"default","site-content-layout":"default","ast-site-content-layout":"default","site-content-style":"default","site-sidebar-style":"default","ast-global-header-display":"","ast-banner-title-visibility":"","ast-main-header-display":"","ast-hfb-above-header-display":"","ast-hfb-below-header-display":"","ast-hfb-mobile-header-display":"","site-post-title":"","ast-breadcrumbs-content":"","ast-featured-img":"","footer-sml-layout":"","ast-disable-related-posts":"","theme-transparent-header-meta":"default","adv-header-id-meta":"","stick-header-meta":"","header-above-stick-meta":"","header-main-stick-meta":"","header-below-stick-meta":"","astra-migrate-meta-layouts":"set","ast-page-background-enabled":"default","ast-page-background-meta":{"desktop":{"background-color":"","background-image":"","background-repeat":"repeat","background-position":"center center","background-size":"auto","background-attachment":"scroll","background-type":"","background-media":"","overlay-type":"","overlay-color":"","overlay-opacity":"","overlay-gradient":""},"tablet":{"background-color":"","background-image":"","background-repeat":"repeat","background-position":"center center","background-size":"auto","background-attachment":"scroll","background-type":"","background-media":"","overlay-type":"","overlay-color":"","overlay-opacity":"","overlay-gradient":""},"mobile":{"background-color":"","background-image":"","background-repeat":"repeat","background-position":"center center","background-size":"auto","background-attachment":"scroll","background-type":"","background-media":"","overlay-type":"","overlay-color":"","overlay-opacity":"","overlay-gradient":""}},"ast-content-background-meta":{"desktop":{"background-color":"var(--ast-global-color-5)","background-image":"","background-repeat":"repeat","background-position":"center center","background-size":"auto","background-attachment":"scroll","background-type":"","background-media":"","overlay-type":"","overlay-color":"","overlay-opacity":"","overlay-gradient":""},"tablet":{"background-color":"var(--ast-global-color-5)","background-image":"","background-repeat":"repeat","background-position":"center center","background-size":"auto","background-attachment":"scroll","background-type":"","background-media":"","overlay-type":"","overlay-color":"","overlay-opacity":"","overlay-gradient":""},"mobile":{"background-color":"var(--ast-global-color-5)","background-image":"","background-repeat":"repeat","background-position":"center center","background-size":"auto","background-attachment":"scroll","background-type":"","background-media":"","overlay-type":"","overlay-color":"","overlay-opacity":"","overlay-gradient":""}}},"product_brand":[],"product_cat":[195],"product_tag":[],"class_list":{"0":"post-8353","1":"product","2":"type-product","3":"status-publish","4":"has-post-thumbnail","6":"product_cat-praevention-und-gesundheit","7":"desktop-align-center","8":"tablet-align-left","9":"mobile-align-left","11":"first","12":"instock","13":"shipping-taxable","14":"product-type-simple"},"_links":{"self":[{"href":"https:\/\/ovigor.pl\/index.php?rest_route=\/wp\/v2\/product\/8353","targetHints":{"allow":["GET"]}}],"collection":[{"href":"https:\/\/ovigor.pl\/index.php?rest_route=\/wp\/v2\/product"}],"about":[{"href":"https:\/\/ovigor.pl\/index.php?rest_route=\/wp\/v2\/types\/product"}],"wp:featuredmedia":[{"embeddable":true,"href":"https:\/\/ovigor.pl\/index.php?rest_route=\/wp\/v2\/media\/7567"}],"wp:attachment":[{"href":"https:\/\/ovigor.pl\/index.php?rest_route=%2Fwp%2Fv2%2Fmedia&parent=8353"}],"wp:term":[{"taxonomy":"product_brand","embeddable":true,"href":"https:\/\/ovigor.pl\/index.php?rest_route=%2Fwp%2Fv2%2Fproduct_brand&post=8353"},{"taxonomy":"product_cat","embeddable":true,"href":"https:\/\/ovigor.pl\/index.php?rest_route=%2Fwp%2Fv2%2Fproduct_cat&post=8353"},{"taxonomy":"product_tag","embeddable":true,"href":"https:\/\/ovigor.pl\/index.php?rest_route=%2Fwp%2Fv2%2Fproduct_tag&post=8353"}],"curies":[{"name":"wp","href":"https:\/\/api.w.org\/{rel}","templated":true}]}}