{"id":8356,"date":"2024-11-19T17:02:10","date_gmt":"2024-11-19T16:02:10","guid":{"rendered":"https:\/\/ovigor.pl\/?post_type=product&#038;p=8356"},"modified":"2024-11-19T17:02:39","modified_gmt":"2024-11-19T16:02:39","slug":"oregastar-3","status":"publish","type":"product","link":"https:\/\/ovigor.pl\/?product=oregastar-3&lang=de","title":{"rendered":"OregaStar"},"content":{"rendered":"<p><strong>(DE)<\/strong> Erg\u00e4nzungsfuttermischung f\u00fcr Tauben.<\/p>\n<p><strong>Analytische Bestandteile: <\/strong>Rohfaser 13,8%<\/p>\n<p><strong>Zusammensetzung:<\/strong> gemahlener Oregano<\/p>\n<p><strong>Eigenschaften: <\/strong>OregaStar ist ein nat\u00fcrliches, pflanzliches Oregano-Pr\u00e4parat mit milder und multidirektionaler Wirkung. Es bindet und entfernt sch\u00e4dliche (giftige) Abfallprodukte aus dem K\u00f6rper, regt den Speichelfluss an, erh\u00f6ht den Appetit, st\u00e4rkt den Magen, verbessert die Verdauung und Aufnahme von Nahrungsmitteln, indem es die Sekretion von Magensaft erh\u00f6ht. Mauser Powder wirkt bl\u00e4hungstreibend und gegen Durchfall. Eine Regelm\u00e4\u00dfige Anwendung verbessert die Gesundheit und die Flug-Kondition der Taube durch:<\/p>\n<ul>\n<li>Verbesserung der Durchg\u00e4ngigkeit der Atemwege<\/li>\n<li>Verbesserung der Nahrungsaufnahme<\/li>\n<li>Schaffung einer Umgebung ohne Pilze, Parasiten und Bakterien (Salmonellen, Cola, Kokzidien, Streptokokken usw.)<\/li>\n<\/ul>\n<p><strong>Dosierung: 10g\/1kg F<\/strong><strong>utter <\/strong><\/p>\n<p>Es wird empfohlen, das ganze Jahr \u00fcber zu verwenden &#8211; 2x Woche, insbesondere w\u00e4hrend der Zucht und Mauser. Das Futter mit OVIGOR-\u00d6l (OregasOil, GarlisOil) anfeuchten, OregaStar zugeben und gut vermischen. Die Mischung ist zum verf\u00fcttern fertig, wenn sich der Pulver an die K\u00f6rner angebunden hat.<\/p>\n<p><strong>\u00a0<\/strong><\/p>\n<p><strong>Nettomasse:<\/strong> 350 g<\/p>\n","protected":false},"excerpt":{"rendered":"<p>(DE) Erg\u00e4nzungsfuttermischung f\u00fcr Tauben. Analytische Bestandteile: Rohfaser 13,8% Zusammensetzung: gemahlener Oregano Eigenschaften: OregaStar ist ein nat\u00fcrliches, pflanzliches Oregano-Pr\u00e4parat mit milder und multidirektionaler Wirkung. Es bindet und entfernt sch\u00e4dliche (giftige) Abfallprodukte aus dem K\u00f6rper, regt den Speichelfluss an, erh\u00f6ht den Appetit, st\u00e4rkt den Magen, verbessert die Verdauung und Aufnahme von Nahrungsmitteln, indem es die Sekretion von [&hellip;]<\/p>\n","protected":false},"featured_media":7568,"template":"","meta":{"site-sidebar-layout":"default","site-content-layout":"default","ast-site-content-layout":"default","site-content-style":"default","site-sidebar-style":"default","ast-global-header-display":"","ast-banner-title-visibility":"","ast-main-header-display":"","ast-hfb-above-header-display":"","ast-hfb-below-header-display":"","ast-hfb-mobile-header-display":"","site-post-title":"","ast-breadcrumbs-content":"","ast-featured-img":"","footer-sml-layout":"","ast-disable-related-posts":"","theme-transparent-header-meta":"default","adv-header-id-meta":"","stick-header-meta":"","header-above-stick-meta":"","header-main-stick-meta":"","header-below-stick-meta":"","astra-migrate-meta-layouts":"set","ast-page-background-enabled":"default","ast-page-background-meta":{"desktop":{"background-color":"","background-image":"","background-repeat":"repeat","background-position":"center center","background-size":"auto","background-attachment":"scroll","background-type":"","background-media":"","overlay-type":"","overlay-color":"","overlay-opacity":"","overlay-gradient":""},"tablet":{"background-color":"","background-image":"","background-repeat":"repeat","background-position":"center center","background-size":"auto","background-attachment":"scroll","background-type":"","background-media":"","overlay-type":"","overlay-color":"","overlay-opacity":"","overlay-gradient":""},"mobile":{"background-color":"","background-image":"","background-repeat":"repeat","background-position":"center center","background-size":"auto","background-attachment":"scroll","background-type":"","background-media":"","overlay-type":"","overlay-color":"","overlay-opacity":"","overlay-gradient":""}},"ast-content-background-meta":{"desktop":{"background-color":"var(--ast-global-color-5)","background-image":"","background-repeat":"repeat","background-position":"center center","background-size":"auto","background-attachment":"scroll","background-type":"","background-media":"","overlay-type":"","overlay-color":"","overlay-opacity":"","overlay-gradient":""},"tablet":{"background-color":"var(--ast-global-color-5)","background-image":"","background-repeat":"repeat","background-position":"center center","background-size":"auto","background-attachment":"scroll","background-type":"","background-media":"","overlay-type":"","overlay-color":"","overlay-opacity":"","overlay-gradient":""},"mobile":{"background-color":"var(--ast-global-color-5)","background-image":"","background-repeat":"repeat","background-position":"center center","background-size":"auto","background-attachment":"scroll","background-type":"","background-media":"","overlay-type":"","overlay-color":"","overlay-opacity":"","overlay-gradient":""}}},"product_brand":[],"product_cat":[195],"product_tag":[],"class_list":{"0":"post-8356","1":"product","2":"type-product","3":"status-publish","4":"has-post-thumbnail","6":"product_cat-praevention-und-gesundheit","7":"desktop-align-center","8":"tablet-align-left","9":"mobile-align-left","11":"first","12":"instock","13":"shipping-taxable","14":"product-type-simple"},"_links":{"self":[{"href":"https:\/\/ovigor.pl\/index.php?rest_route=\/wp\/v2\/product\/8356","targetHints":{"allow":["GET"]}}],"collection":[{"href":"https:\/\/ovigor.pl\/index.php?rest_route=\/wp\/v2\/product"}],"about":[{"href":"https:\/\/ovigor.pl\/index.php?rest_route=\/wp\/v2\/types\/product"}],"wp:featuredmedia":[{"embeddable":true,"href":"https:\/\/ovigor.pl\/index.php?rest_route=\/wp\/v2\/media\/7568"}],"wp:attachment":[{"href":"https:\/\/ovigor.pl\/index.php?rest_route=%2Fwp%2Fv2%2Fmedia&parent=8356"}],"wp:term":[{"taxonomy":"product_brand","embeddable":true,"href":"https:\/\/ovigor.pl\/index.php?rest_route=%2Fwp%2Fv2%2Fproduct_brand&post=8356"},{"taxonomy":"product_cat","embeddable":true,"href":"https:\/\/ovigor.pl\/index.php?rest_route=%2Fwp%2Fv2%2Fproduct_cat&post=8356"},{"taxonomy":"product_tag","embeddable":true,"href":"https:\/\/ovigor.pl\/index.php?rest_route=%2Fwp%2Fv2%2Fproduct_tag&post=8356"}],"curies":[{"name":"wp","href":"https:\/\/api.w.org\/{rel}","templated":true}]}}