{"id":8361,"date":"2024-11-19T17:08:31","date_gmt":"2024-11-19T16:08:31","guid":{"rendered":"https:\/\/ovigor.pl\/?post_type=product&#038;p=8361"},"modified":"2024-11-19T17:09:11","modified_gmt":"2024-11-19T16:09:11","slug":"ovinegar-8-2","status":"publish","type":"product","link":"https:\/\/ovigor.pl\/?product=ovinegar-8-2&lang=de","title":{"rendered":"OviNegar 8%"},"content":{"rendered":"<p><strong>(DE)<\/strong> Nat\u00fcrliches S\u00e4uerungsmitte l- Bremse f\u00fcr Infektionen.<\/p>\n<p><strong>Analytische Bestandteile: <\/strong>Feuchtigkeit 96%<\/p>\n<p><strong>Zusammensetzung: <\/strong>nat\u00fcrlicher Apfelessig<\/p>\n<p><strong>Eigenschaften: <\/strong>Es wurde nachgewiesen, dass Apfelessig ein ideales S\u00e4uerungsmittel ist, das die richtige Acidit\u00e4t im Verdauungstrakt der Tauben gew\u00e4hrleistet (niedriger pH-Wert) und eine bakterienfreie Umgebung schafft (z. B. Coli, Salmonellen usw.). OVIGOR Apfelessig mit der optimalen Acidit\u00e4t von 8% verhindert die Bildung einer sch\u00e4dlichen Flora im Trinkwasser. Es wirkt sich positiv auf den Blutdruck und das Verdauungssystem von Tauben aus. Durch den besonderen Gewinnungsprozess weist er keinen f\u00fcr den Essig charakterischen unangenehmen Geruch auf.<\/p>\n<p><strong>Dosierung: <\/strong>10 ml \/ 1 Liter Wasser:<\/p>\n<p>Das ganze Jahr \u00fcber 2-3 x w\u00f6chentlich.<\/p>\n<p>Vor der Paarung, Jungtauben nach der Trennung von Eltern- t\u00e4glich, 10 Tage lang.<\/p>\n<p><strong>Nettovolumen:<\/strong> 1000 ml<\/p>\n","protected":false},"excerpt":{"rendered":"<p>(DE) Nat\u00fcrliches S\u00e4uerungsmitte l- Bremse f\u00fcr Infektionen. Analytische Bestandteile: Feuchtigkeit 96% Zusammensetzung: nat\u00fcrlicher Apfelessig Eigenschaften: Es wurde nachgewiesen, dass Apfelessig ein ideales S\u00e4uerungsmittel ist, das die richtige Acidit\u00e4t im Verdauungstrakt der Tauben gew\u00e4hrleistet (niedriger pH-Wert) und eine bakterienfreie Umgebung schafft (z. B. Coli, Salmonellen usw.). OVIGOR Apfelessig mit der optimalen Acidit\u00e4t von 8% verhindert die [&hellip;]<\/p>\n","protected":false},"featured_media":7570,"template":"","meta":{"site-sidebar-layout":"default","site-content-layout":"default","ast-site-content-layout":"default","site-content-style":"default","site-sidebar-style":"default","ast-global-header-display":"","ast-banner-title-visibility":"","ast-main-header-display":"","ast-hfb-above-header-display":"","ast-hfb-below-header-display":"","ast-hfb-mobile-header-display":"","site-post-title":"","ast-breadcrumbs-content":"","ast-featured-img":"","footer-sml-layout":"","ast-disable-related-posts":"","theme-transparent-header-meta":"default","adv-header-id-meta":"","stick-header-meta":"","header-above-stick-meta":"","header-main-stick-meta":"","header-below-stick-meta":"","astra-migrate-meta-layouts":"set","ast-page-background-enabled":"default","ast-page-background-meta":{"desktop":{"background-color":"","background-image":"","background-repeat":"repeat","background-position":"center center","background-size":"auto","background-attachment":"scroll","background-type":"","background-media":"","overlay-type":"","overlay-color":"","overlay-opacity":"","overlay-gradient":""},"tablet":{"background-color":"","background-image":"","background-repeat":"repeat","background-position":"center center","background-size":"auto","background-attachment":"scroll","background-type":"","background-media":"","overlay-type":"","overlay-color":"","overlay-opacity":"","overlay-gradient":""},"mobile":{"background-color":"","background-image":"","background-repeat":"repeat","background-position":"center center","background-size":"auto","background-attachment":"scroll","background-type":"","background-media":"","overlay-type":"","overlay-color":"","overlay-opacity":"","overlay-gradient":""}},"ast-content-background-meta":{"desktop":{"background-color":"var(--ast-global-color-5)","background-image":"","background-repeat":"repeat","background-position":"center center","background-size":"auto","background-attachment":"scroll","background-type":"","background-media":"","overlay-type":"","overlay-color":"","overlay-opacity":"","overlay-gradient":""},"tablet":{"background-color":"var(--ast-global-color-5)","background-image":"","background-repeat":"repeat","background-position":"center center","background-size":"auto","background-attachment":"scroll","background-type":"","background-media":"","overlay-type":"","overlay-color":"","overlay-opacity":"","overlay-gradient":""},"mobile":{"background-color":"var(--ast-global-color-5)","background-image":"","background-repeat":"repeat","background-position":"center center","background-size":"auto","background-attachment":"scroll","background-type":"","background-media":"","overlay-type":"","overlay-color":"","overlay-opacity":"","overlay-gradient":""}}},"product_brand":[],"product_cat":[195],"product_tag":[],"class_list":{"0":"post-8361","1":"product","2":"type-product","3":"status-publish","4":"has-post-thumbnail","6":"product_cat-praevention-und-gesundheit","7":"desktop-align-center","8":"tablet-align-left","9":"mobile-align-left","11":"first","12":"instock","13":"shipping-taxable","14":"product-type-simple"},"_links":{"self":[{"href":"https:\/\/ovigor.pl\/index.php?rest_route=\/wp\/v2\/product\/8361","targetHints":{"allow":["GET"]}}],"collection":[{"href":"https:\/\/ovigor.pl\/index.php?rest_route=\/wp\/v2\/product"}],"about":[{"href":"https:\/\/ovigor.pl\/index.php?rest_route=\/wp\/v2\/types\/product"}],"wp:featuredmedia":[{"embeddable":true,"href":"https:\/\/ovigor.pl\/index.php?rest_route=\/wp\/v2\/media\/7570"}],"wp:attachment":[{"href":"https:\/\/ovigor.pl\/index.php?rest_route=%2Fwp%2Fv2%2Fmedia&parent=8361"}],"wp:term":[{"taxonomy":"product_brand","embeddable":true,"href":"https:\/\/ovigor.pl\/index.php?rest_route=%2Fwp%2Fv2%2Fproduct_brand&post=8361"},{"taxonomy":"product_cat","embeddable":true,"href":"https:\/\/ovigor.pl\/index.php?rest_route=%2Fwp%2Fv2%2Fproduct_cat&post=8361"},{"taxonomy":"product_tag","embeddable":true,"href":"https:\/\/ovigor.pl\/index.php?rest_route=%2Fwp%2Fv2%2Fproduct_tag&post=8361"}],"curies":[{"name":"wp","href":"https:\/\/api.w.org\/{rel}","templated":true}]}}