{"id":8363,"date":"2024-11-19T17:11:31","date_gmt":"2024-11-19T16:11:31","guid":{"rendered":"https:\/\/ovigor.pl\/?post_type=product&#038;p=8363"},"modified":"2024-11-19T17:12:09","modified_gmt":"2024-11-19T16:12:09","slug":"oviairfresh-3","status":"publish","type":"product","link":"https:\/\/ovigor.pl\/?product=oviairfresh-3&lang=de","title":{"rendered":"OviAirFresh"},"content":{"rendered":"<p><strong>(DE)<\/strong> Aerosolprodukt mit \u00e4therischen \u00d6len.<\/p>\n<p><strong>Analytische Bestandteile: <\/strong>Feuchtigkeit 78,1%, Rohprotein &lt; 0,4%, Rohfaser &lt; 0,5%, \u00d6le und Rohfette 16,0%, Rohasche 0,1%, Lysin 0,0%, Methionin 0,0%, Natrium 0,04%<\/p>\n<p><strong>Zusatzstoffe pro 1 Liter: Sensorische: <\/strong>2b Pfefferminz\u00f6l, 2b Eukalyptus\u00f6l, 2b Menthol; <strong>Technologische: <\/strong>1c E433 Polyoxyethylen.<\/p>\n<p><strong>Zusammensetzung: <\/strong>Propylenglycol, Natriumchlorid.<\/p>\n<p><strong>Eigenschaften: <\/strong>Das Produkt beugt Infektionen der Atemwege vor, indem es die Anzahl der bakteriellen Erreger im Taubenschlag reduziert. Es enth\u00e4lt Eukalyptus- und Pfefferminz\u00f6l sowie Menthol, welches antibakteriell wirkt. W\u00e4hrend der Anwendung werden die Tauben gegen Krankheiten der Atemwege z.B. Schnupfen, immun.<\/p>\n<p><strong>Dosierung: <\/strong>2-3 Mal pro Woche den gesamten Taubenschlag ausspr\u00fchen. Kann ganzj\u00e4hrig verwendet werden, vor allem in Monaten mit erh\u00f6hter Luftfeuchtigkeit und in der Hitzezeit. <strong>VOR GEBRAUCH GUT SCH\u00dcTTELN!<\/strong><\/p>\n<p><strong>Nettovolumen:<\/strong> 500 ml<\/p>\n","protected":false},"excerpt":{"rendered":"<p>(DE) Aerosolprodukt mit \u00e4therischen \u00d6len. Analytische Bestandteile: Feuchtigkeit 78,1%, Rohprotein &lt; 0,4%, Rohfaser &lt; 0,5%, \u00d6le und Rohfette 16,0%, Rohasche 0,1%, Lysin 0,0%, Methionin 0,0%, Natrium 0,04% Zusatzstoffe pro 1 Liter: Sensorische: 2b Pfefferminz\u00f6l, 2b Eukalyptus\u00f6l, 2b Menthol; Technologische: 1c E433 Polyoxyethylen. Zusammensetzung: Propylenglycol, Natriumchlorid. Eigenschaften: Das Produkt beugt Infektionen der Atemwege vor, indem es [&hellip;]<\/p>\n","protected":false},"featured_media":7571,"template":"","meta":{"site-sidebar-layout":"default","site-content-layout":"default","ast-site-content-layout":"default","site-content-style":"default","site-sidebar-style":"default","ast-global-header-display":"","ast-banner-title-visibility":"","ast-main-header-display":"","ast-hfb-above-header-display":"","ast-hfb-below-header-display":"","ast-hfb-mobile-header-display":"","site-post-title":"","ast-breadcrumbs-content":"","ast-featured-img":"","footer-sml-layout":"","ast-disable-related-posts":"","theme-transparent-header-meta":"default","adv-header-id-meta":"","stick-header-meta":"","header-above-stick-meta":"","header-main-stick-meta":"","header-below-stick-meta":"","astra-migrate-meta-layouts":"set","ast-page-background-enabled":"default","ast-page-background-meta":{"desktop":{"background-color":"","background-image":"","background-repeat":"repeat","background-position":"center center","background-size":"auto","background-attachment":"scroll","background-type":"","background-media":"","overlay-type":"","overlay-color":"","overlay-opacity":"","overlay-gradient":""},"tablet":{"background-color":"","background-image":"","background-repeat":"repeat","background-position":"center center","background-size":"auto","background-attachment":"scroll","background-type":"","background-media":"","overlay-type":"","overlay-color":"","overlay-opacity":"","overlay-gradient":""},"mobile":{"background-color":"","background-image":"","background-repeat":"repeat","background-position":"center center","background-size":"auto","background-attachment":"scroll","background-type":"","background-media":"","overlay-type":"","overlay-color":"","overlay-opacity":"","overlay-gradient":""}},"ast-content-background-meta":{"desktop":{"background-color":"var(--ast-global-color-5)","background-image":"","background-repeat":"repeat","background-position":"center center","background-size":"auto","background-attachment":"scroll","background-type":"","background-media":"","overlay-type":"","overlay-color":"","overlay-opacity":"","overlay-gradient":""},"tablet":{"background-color":"var(--ast-global-color-5)","background-image":"","background-repeat":"repeat","background-position":"center center","background-size":"auto","background-attachment":"scroll","background-type":"","background-media":"","overlay-type":"","overlay-color":"","overlay-opacity":"","overlay-gradient":""},"mobile":{"background-color":"var(--ast-global-color-5)","background-image":"","background-repeat":"repeat","background-position":"center center","background-size":"auto","background-attachment":"scroll","background-type":"","background-media":"","overlay-type":"","overlay-color":"","overlay-opacity":"","overlay-gradient":""}}},"product_brand":[],"product_cat":[195,189],"product_tag":[],"class_list":{"0":"post-8363","1":"product","2":"type-product","3":"status-publish","4":"has-post-thumbnail","6":"product_cat-praevention-und-gesundheit","7":"product_cat-tauben-und-taubenschlaghygiene","8":"desktop-align-center","9":"tablet-align-left","10":"mobile-align-left","12":"first","13":"instock","14":"shipping-taxable","15":"product-type-simple"},"_links":{"self":[{"href":"https:\/\/ovigor.pl\/index.php?rest_route=\/wp\/v2\/product\/8363","targetHints":{"allow":["GET"]}}],"collection":[{"href":"https:\/\/ovigor.pl\/index.php?rest_route=\/wp\/v2\/product"}],"about":[{"href":"https:\/\/ovigor.pl\/index.php?rest_route=\/wp\/v2\/types\/product"}],"wp:featuredmedia":[{"embeddable":true,"href":"https:\/\/ovigor.pl\/index.php?rest_route=\/wp\/v2\/media\/7571"}],"wp:attachment":[{"href":"https:\/\/ovigor.pl\/index.php?rest_route=%2Fwp%2Fv2%2Fmedia&parent=8363"}],"wp:term":[{"taxonomy":"product_brand","embeddable":true,"href":"https:\/\/ovigor.pl\/index.php?rest_route=%2Fwp%2Fv2%2Fproduct_brand&post=8363"},{"taxonomy":"product_cat","embeddable":true,"href":"https:\/\/ovigor.pl\/index.php?rest_route=%2Fwp%2Fv2%2Fproduct_cat&post=8363"},{"taxonomy":"product_tag","embeddable":true,"href":"https:\/\/ovigor.pl\/index.php?rest_route=%2Fwp%2Fv2%2Fproduct_tag&post=8363"}],"curies":[{"name":"wp","href":"https:\/\/api.w.org\/{rel}","templated":true}]}}