{"id":8377,"date":"2024-11-19T17:34:37","date_gmt":"2024-11-19T16:34:37","guid":{"rendered":"https:\/\/ovigor.pl\/?post_type=product&#038;p=8377"},"modified":"2024-11-19T17:35:45","modified_gmt":"2024-11-19T16:35:45","slug":"ovibad-3","status":"publish","type":"product","link":"https:\/\/ovigor.pl\/?product=ovibad-3&lang=de","title":{"rendered":"OviBad"},"content":{"rendered":"<p><strong>(DE)<\/strong> <em>Badesalz f\u00fcr Tauben mit \u00e4therischen \u00d6len.<\/em><\/p>\n<p><strong>Analytische Bestandteile: <\/strong><\/p>\n<p><strong>Zusammensetzung: <\/strong><\/p>\n<p><strong>Eigenschaften: <\/strong>Das Badesalz von OVIGOR ist ein unentbehrlicher Wasserzusatz f\u00fcr das Taubenbad.Es erweicht das Wasser, wodurch die Federn nach dem Bad seidenweich, gl\u00e4nzend und federkr\u00e4ftig werden. Das Taubenbad mit dem Badesalz von OVIGOR erleichtert den Tauben die Mauser: beseitigt Schmutz, Schuppen und Hautr\u00fcckst\u00e4nde. Schlechte Federn und Daunen werden gelockert und somit wird auch der Federwechsel gef\u00f6rdert. Die im Badesalz OVIGOR enthaltenen, wasserl\u00f6slichen Kristalle der \u00e4therischen \u00d6len wirken lindernd auf die ge\u00f6ffneten Hautporen, mildern lokal den Schmerz. Sie regen auch die Durchblutung der Haut an, sodass die Versorgung mit N\u00e4hrstoffen und der Abtransport von Stoffwechselmetaboliten wesentlich verbessert wird.\u00a0 \u00c4therische \u00d6le haben auf der Haut auch eine antibakterielle Wirkung. Demzufolge k\u00f6nnen Sch\u00e4dlinge (bspw. Milben) und pathogene Bakterien wirksam bek\u00e4mpft werden. Die auf der Haut befindlichen \u00e4therischen \u00d6le verdunsten teilweise und gelangen so in die Atemwege. Dort k\u00f6nnen sie die pathogene Keimflora deutlich zur\u00fcckdr\u00e4ngen und sorgen f\u00fcr die Aufrechterhaltung eines gesunden Atmungsapparates. Zus\u00e4tzlich gibt es einen Inhalationseffekt, welcher die Atemleistung der Taube bessert.<\/p>\n<p><strong>Dosierung: <\/strong>10 g \u00fcber 5l Wasser<\/p>\n<p><strong>Nettomasse:<\/strong> 1000g<\/p>\n","protected":false},"excerpt":{"rendered":"<p>(DE) Badesalz f\u00fcr Tauben mit \u00e4therischen \u00d6len. Analytische Bestandteile: Zusammensetzung: Eigenschaften: Das Badesalz von OVIGOR ist ein unentbehrlicher Wasserzusatz f\u00fcr das Taubenbad.Es erweicht das Wasser, wodurch die Federn nach dem Bad seidenweich, gl\u00e4nzend und federkr\u00e4ftig werden. Das Taubenbad mit dem Badesalz von OVIGOR erleichtert den Tauben die Mauser: beseitigt Schmutz, Schuppen und Hautr\u00fcckst\u00e4nde. Schlechte Federn [&hellip;]<\/p>\n","protected":false},"featured_media":7579,"template":"","meta":{"site-sidebar-layout":"default","site-content-layout":"default","ast-site-content-layout":"default","site-content-style":"default","site-sidebar-style":"default","ast-global-header-display":"","ast-banner-title-visibility":"","ast-main-header-display":"","ast-hfb-above-header-display":"","ast-hfb-below-header-display":"","ast-hfb-mobile-header-display":"","site-post-title":"","ast-breadcrumbs-content":"","ast-featured-img":"","footer-sml-layout":"","ast-disable-related-posts":"","theme-transparent-header-meta":"default","adv-header-id-meta":"","stick-header-meta":"","header-above-stick-meta":"","header-main-stick-meta":"","header-below-stick-meta":"","astra-migrate-meta-layouts":"set","ast-page-background-enabled":"default","ast-page-background-meta":{"desktop":{"background-color":"","background-image":"","background-repeat":"repeat","background-position":"center center","background-size":"auto","background-attachment":"scroll","background-type":"","background-media":"","overlay-type":"","overlay-color":"","overlay-opacity":"","overlay-gradient":""},"tablet":{"background-color":"","background-image":"","background-repeat":"repeat","background-position":"center center","background-size":"auto","background-attachment":"scroll","background-type":"","background-media":"","overlay-type":"","overlay-color":"","overlay-opacity":"","overlay-gradient":""},"mobile":{"background-color":"","background-image":"","background-repeat":"repeat","background-position":"center center","background-size":"auto","background-attachment":"scroll","background-type":"","background-media":"","overlay-type":"","overlay-color":"","overlay-opacity":"","overlay-gradient":""}},"ast-content-background-meta":{"desktop":{"background-color":"var(--ast-global-color-5)","background-image":"","background-repeat":"repeat","background-position":"center center","background-size":"auto","background-attachment":"scroll","background-type":"","background-media":"","overlay-type":"","overlay-color":"","overlay-opacity":"","overlay-gradient":""},"tablet":{"background-color":"var(--ast-global-color-5)","background-image":"","background-repeat":"repeat","background-position":"center center","background-size":"auto","background-attachment":"scroll","background-type":"","background-media":"","overlay-type":"","overlay-color":"","overlay-opacity":"","overlay-gradient":""},"mobile":{"background-color":"var(--ast-global-color-5)","background-image":"","background-repeat":"repeat","background-position":"center center","background-size":"auto","background-attachment":"scroll","background-type":"","background-media":"","overlay-type":"","overlay-color":"","overlay-opacity":"","overlay-gradient":""}}},"product_brand":[],"product_cat":[197,195,189,183],"product_tag":[],"class_list":{"0":"post-8377","1":"product","2":"type-product","3":"status-publish","4":"has-post-thumbnail","6":"product_cat-gefieder","7":"product_cat-praevention-und-gesundheit","8":"product_cat-tauben-und-taubenschlaghygiene","9":"product_cat-taubenausstellung-vorbereitung","10":"desktop-align-center","11":"tablet-align-left","12":"mobile-align-left","14":"first","15":"instock","16":"virtual","17":"product-type-simple"},"_links":{"self":[{"href":"https:\/\/ovigor.pl\/index.php?rest_route=\/wp\/v2\/product\/8377","targetHints":{"allow":["GET"]}}],"collection":[{"href":"https:\/\/ovigor.pl\/index.php?rest_route=\/wp\/v2\/product"}],"about":[{"href":"https:\/\/ovigor.pl\/index.php?rest_route=\/wp\/v2\/types\/product"}],"wp:featuredmedia":[{"embeddable":true,"href":"https:\/\/ovigor.pl\/index.php?rest_route=\/wp\/v2\/media\/7579"}],"wp:attachment":[{"href":"https:\/\/ovigor.pl\/index.php?rest_route=%2Fwp%2Fv2%2Fmedia&parent=8377"}],"wp:term":[{"taxonomy":"product_brand","embeddable":true,"href":"https:\/\/ovigor.pl\/index.php?rest_route=%2Fwp%2Fv2%2Fproduct_brand&post=8377"},{"taxonomy":"product_cat","embeddable":true,"href":"https:\/\/ovigor.pl\/index.php?rest_route=%2Fwp%2Fv2%2Fproduct_cat&post=8377"},{"taxonomy":"product_tag","embeddable":true,"href":"https:\/\/ovigor.pl\/index.php?rest_route=%2Fwp%2Fv2%2Fproduct_tag&post=8377"}],"curies":[{"name":"wp","href":"https:\/\/api.w.org\/{rel}","templated":true}]}}