{"id":8379,"date":"2024-11-19T17:38:01","date_gmt":"2024-11-19T16:38:01","guid":{"rendered":"https:\/\/ovigor.pl\/?post_type=product&#038;p=8379"},"modified":"2024-11-19T17:38:43","modified_gmt":"2024-11-19T16:38:43","slug":"oviamin-forte-3","status":"publish","type":"product","link":"https:\/\/ovigor.pl\/?product=oviamin-forte-3&lang=de","title":{"rendered":"OviAmin FORTE\u00ae"},"content":{"rendered":"<p><strong>(DE)<\/strong> Erg\u00e4nzungsfuttermittel f\u00fcr Tauben. Aminos\u00e4ure &#8211; Elektrolyte &#8211; Vitamine.<\/p>\n<p><strong>Analytische Bestandteile:<\/strong> Feuchtigkeit; 81,0%, Rohprotein; 1,8%, Rohfaser &lt; 0,3%, \u00d6le und Rohfette; &lt; 0,1%, Rohasche; 2,6%, Lysin; 0,3%, Methionin; 0,5%, Natrium; 0,042%<\/p>\n<p><strong>Zusammensetzung: <\/strong>Propylenglycol, Glucose-Fructose-Sirup, Kaliumchlorid, Magnesiumchlorid, Calciumchlorid, Natriumhydrogencarbonat<\/p>\n<p><strong>Zusatzstoffe pro 1 Liter:<\/strong> <strong>Di\u00e4tetische:<\/strong> Vitamin B1 (Thiaminchlorid) 445 mg (3a820), Vitamin B2 (Riboflavin-5\u2032-phosphat, Natriumsalz)145 mg, Vitamin B6 (Pyridoxinhydrochlorid) 450 mg (3a831), Vitamin B12 (Cyanocobalamin) 2 mg (3a), Niacinamid 2 600 mg (3a315), D-Panthenol 640 mg (3a842), Fols\u00e4ure 100 mg (3a316), Cholinchlorid 7 000 mg (3a890), Biotin 20 mg (3a890), L-Carnitin 2 500 mg (3c910), L-Methionin 5 000 mg (3c305), L-Lysine 3 000 mg (3c3.2.3), L-Threonin 400 mg (3c410), L- Tryptophan 200 mg (3.4.1). <strong>Technologische:<\/strong> 1aE262 Natriumdiacetat<\/p>\n<p><strong>Eigenschaften: <\/strong>OviAmin FORTE ist ein fl\u00fcssiges Nahrungserg\u00e4nzungsmittel f\u00fcr Tauben. Es enth\u00e4lt einen hohen Anteil an Aminos\u00e4uren, Elektrolyten und Vitamin B in optimalen Proportionen. Unverzichtbar w\u00e4hrend der Reisezeit nach dem Wettflug . Kohlenhydrate wirken sich auf den Muskelwiederaufbau aus. Die in dem Erg\u00e4nzungsmittel enthaltenen Aminos\u00e4uren verlangsamen den Eintritt von Muskelm\u00fcdigkeit und das Muskelgewebe bleibt leistungsf\u00e4higer und intakt. Ebenfalls unabdingbar w\u00e4hrend der Mauser, bei Arzneimittelbehandlungen und bei der Zucht. Dank seiner Zusammensetzung darf OviAmin FORTE \u00fcber das ganze Jahr hindurch verabreicht werden.<\/p>\n<p><strong>Dosierung:<\/strong> 15 ml \u00fcber 1 Liter Wasser oder 1 Kilo Futter<br \/>\n&#8211; Reisezeit: erstes Tr\u00e4nken nach dem Wettflug, Ende der Woche \u2013 vor dem Wettflug<br \/>\n&#8211; Mauser: 3-5 Mal w\u00f6chentlich<br \/>\n&#8211; Arzneimittelbehandlung: t\u00e4glich<br \/>\n&#8211; Aufzucht von Jungtauben: 2-4 Mal w\u00f6chentlich<\/p>\n<p><strong>Aufbewahrung:<\/strong> Produkt dicht verschlossen an einem k\u00fchlen Platz aufbewahren + vor Sonnenlicht sch\u00fctzen.<\/p>\n<p><strong>Netto<\/strong><strong> Volumen: <\/strong>1000ml.<\/p>\n","protected":false},"excerpt":{"rendered":"<p>(DE) Erg\u00e4nzungsfuttermittel f\u00fcr Tauben. Aminos\u00e4ure &#8211; Elektrolyte &#8211; Vitamine. Analytische Bestandteile: Feuchtigkeit; 81,0%, Rohprotein; 1,8%, Rohfaser &lt; 0,3%, \u00d6le und Rohfette; &lt; 0,1%, Rohasche; 2,6%, Lysin; 0,3%, Methionin; 0,5%, Natrium; 0,042% Zusammensetzung: Propylenglycol, Glucose-Fructose-Sirup, Kaliumchlorid, Magnesiumchlorid, Calciumchlorid, Natriumhydrogencarbonat Zusatzstoffe pro 1 Liter: Di\u00e4tetische: Vitamin B1 (Thiaminchlorid) 445 mg (3a820), Vitamin B2 (Riboflavin-5\u2032-phosphat, Natriumsalz)145 mg, Vitamin [&hellip;]<\/p>\n","protected":false},"featured_media":7581,"template":"","meta":{"site-sidebar-layout":"default","site-content-layout":"default","ast-site-content-layout":"default","site-content-style":"default","site-sidebar-style":"default","ast-global-header-display":"","ast-banner-title-visibility":"","ast-main-header-display":"","ast-hfb-above-header-display":"","ast-hfb-below-header-display":"","ast-hfb-mobile-header-display":"","site-post-title":"","ast-breadcrumbs-content":"","ast-featured-img":"","footer-sml-layout":"","ast-disable-related-posts":"","theme-transparent-header-meta":"default","adv-header-id-meta":"","stick-header-meta":"","header-above-stick-meta":"","header-main-stick-meta":"","header-below-stick-meta":"","astra-migrate-meta-layouts":"set","ast-page-background-enabled":"default","ast-page-background-meta":{"desktop":{"background-color":"","background-image":"","background-repeat":"repeat","background-position":"center center","background-size":"auto","background-attachment":"scroll","background-type":"","background-media":"","overlay-type":"","overlay-color":"","overlay-opacity":"","overlay-gradient":""},"tablet":{"background-color":"","background-image":"","background-repeat":"repeat","background-position":"center center","background-size":"auto","background-attachment":"scroll","background-type":"","background-media":"","overlay-type":"","overlay-color":"","overlay-opacity":"","overlay-gradient":""},"mobile":{"background-color":"","background-image":"","background-repeat":"repeat","background-position":"center center","background-size":"auto","background-attachment":"scroll","background-type":"","background-media":"","overlay-type":"","overlay-color":"","overlay-opacity":"","overlay-gradient":""}},"ast-content-background-meta":{"desktop":{"background-color":"var(--ast-global-color-5)","background-image":"","background-repeat":"repeat","background-position":"center center","background-size":"auto","background-attachment":"scroll","background-type":"","background-media":"","overlay-type":"","overlay-color":"","overlay-opacity":"","overlay-gradient":""},"tablet":{"background-color":"var(--ast-global-color-5)","background-image":"","background-repeat":"repeat","background-position":"center center","background-size":"auto","background-attachment":"scroll","background-type":"","background-media":"","overlay-type":"","overlay-color":"","overlay-opacity":"","overlay-gradient":""},"mobile":{"background-color":"var(--ast-global-color-5)","background-image":"","background-repeat":"repeat","background-position":"center center","background-size":"auto","background-attachment":"scroll","background-type":"","background-media":"","overlay-type":"","overlay-color":"","overlay-opacity":"","overlay-gradient":""}}},"product_brand":[],"product_cat":[185,195,191,183],"product_tag":[],"class_list":{"0":"post-8379","1":"product","2":"type-product","3":"status-publish","4":"has-post-thumbnail","6":"product_cat-bestseller","7":"product_cat-praevention-und-gesundheit","8":"product_cat-reise","9":"product_cat-taubenausstellung-vorbereitung","10":"desktop-align-center","11":"tablet-align-left","12":"mobile-align-left","14":"first","15":"instock","16":"virtual","17":"product-type-simple"},"_links":{"self":[{"href":"https:\/\/ovigor.pl\/index.php?rest_route=\/wp\/v2\/product\/8379","targetHints":{"allow":["GET"]}}],"collection":[{"href":"https:\/\/ovigor.pl\/index.php?rest_route=\/wp\/v2\/product"}],"about":[{"href":"https:\/\/ovigor.pl\/index.php?rest_route=\/wp\/v2\/types\/product"}],"wp:featuredmedia":[{"embeddable":true,"href":"https:\/\/ovigor.pl\/index.php?rest_route=\/wp\/v2\/media\/7581"}],"wp:attachment":[{"href":"https:\/\/ovigor.pl\/index.php?rest_route=%2Fwp%2Fv2%2Fmedia&parent=8379"}],"wp:term":[{"taxonomy":"product_brand","embeddable":true,"href":"https:\/\/ovigor.pl\/index.php?rest_route=%2Fwp%2Fv2%2Fproduct_brand&post=8379"},{"taxonomy":"product_cat","embeddable":true,"href":"https:\/\/ovigor.pl\/index.php?rest_route=%2Fwp%2Fv2%2Fproduct_cat&post=8379"},{"taxonomy":"product_tag","embeddable":true,"href":"https:\/\/ovigor.pl\/index.php?rest_route=%2Fwp%2Fv2%2Fproduct_tag&post=8379"}],"curies":[{"name":"wp","href":"https:\/\/api.w.org\/{rel}","templated":true}]}}