{"id":8385,"date":"2024-11-19T17:46:16","date_gmt":"2024-11-19T16:46:16","guid":{"rendered":"https:\/\/ovigor.pl\/?post_type=product&#038;p=8385"},"modified":"2024-11-19T17:46:57","modified_gmt":"2024-11-19T16:46:57","slug":"c","status":"publish","type":"product","link":"https:\/\/ovigor.pl\/?product=c&lang=de","title":{"rendered":"c"},"content":{"rendered":"<p><strong>(DE)<\/strong> Erg\u00e4nzungsfuttermittel in Fl\u00fcssigform f\u00fcr Tauben.<\/p>\n<p><strong>Eigenschaften: <\/strong><\/p>\n<p><strong>Pr\u00e4parat mit einer Mischung aus organischen S\u00e4uren (Ameisens\u00e4ure, Milchs\u00e4ure, Ligninsulfons\u00e4ure, Zitronens\u00e4ure). <\/strong><\/p>\n<ul>\n<li>unterst\u00fctzt die Regeneration w\u00e4hrend der Behandlung (Jungtaubenkrankheit, Kropfentz\u00fcndung)<\/li>\n<li>wirkt sich positiv auf die Funktion des Immun- und Verdauungssystems der Taube aus (frei von Hefen und Schimmel)<\/li>\n<li>garantiert wirksamen Schutz vor Bakterien (E-Coli, Salmonellen)<\/li>\n<li>verhindert die Verfettung der Tauben<\/li>\n<\/ul>\n<p><strong>Dosierung:<\/strong><\/p>\n<p><strong>Jungtauben nach dem Absetzen: 10 ml\/ 1 kg Futter, 2-3 x w\u00f6chentlich<\/strong><\/p>\n<p><strong>Kur-\u00a0 10 ml \/ 1 kg\u00a0 leicht verdauliches Futter an 3-4 aufeinanderfolgenden Tagen<\/strong><\/p>\n<p>Paarung- 2 x t\u00e4glich: 5 ml\/ 1 kg Futter (1 x w\u00f6chentlich)<\/p>\n<p>Reisezeit- 2 x t\u00e4glich: 5ml \/ 1 kg Futter (1 x am Wochenanfang)<\/p>\n<p>Mauser und Winterzeit- 2 x t\u00e4glich: 5 ml\/ 1 kg Futter (1 x w\u00f6chentlich)<\/p>\n<p><strong>Analytische Bestandteile: <\/strong>Feuchtigkeit 69,5, Calcium 0,4%, Rohprotein 0,0%, Rohfette 0,0%, Rohfaser 0,0%, Rohasche 0,0%, Magnesium 0,0%, Natrium 0,0%, Phosphor 0,0%, Kalium 0,0%, Methionin 0,0%, Lysin 0,0%.<\/p>\n<p><strong>Zusammensetzung:<\/strong> Sorbit, Propylenglykol, Glukose, nat\u00fcrlicher Honig<\/p>\n<p>Technologische Zusatzstoffe: 1. a-Ameisens\u00e4ure E236, 1. a-Milchs\u00e4ure E330, 1. i-Ligninsulfons\u00e4ure E565, 1. a-Milchs\u00e4ure E270. Tr\u00e4ger: entmineralisiertes Wasser bis zu 1L.<\/p>\n<p><strong>Nettovolumen:<\/strong> 1000 ml<\/p>\n","protected":false},"excerpt":{"rendered":"<p>(DE) Erg\u00e4nzungsfuttermittel in Fl\u00fcssigform f\u00fcr Tauben. Eigenschaften: Pr\u00e4parat mit einer Mischung aus organischen S\u00e4uren (Ameisens\u00e4ure, Milchs\u00e4ure, Ligninsulfons\u00e4ure, Zitronens\u00e4ure). unterst\u00fctzt die Regeneration w\u00e4hrend der Behandlung (Jungtaubenkrankheit, Kropfentz\u00fcndung) wirkt sich positiv auf die Funktion des Immun- und Verdauungssystems der Taube aus (frei von Hefen und Schimmel) garantiert wirksamen Schutz vor Bakterien (E-Coli, Salmonellen) verhindert die Verfettung der [&hellip;]<\/p>\n","protected":false},"featured_media":7584,"template":"","meta":{"site-sidebar-layout":"default","site-content-layout":"default","ast-site-content-layout":"default","site-content-style":"default","site-sidebar-style":"default","ast-global-header-display":"","ast-banner-title-visibility":"","ast-main-header-display":"","ast-hfb-above-header-display":"","ast-hfb-below-header-display":"","ast-hfb-mobile-header-display":"","site-post-title":"","ast-breadcrumbs-content":"","ast-featured-img":"","footer-sml-layout":"","ast-disable-related-posts":"","theme-transparent-header-meta":"default","adv-header-id-meta":"","stick-header-meta":"","header-above-stick-meta":"","header-main-stick-meta":"","header-below-stick-meta":"","astra-migrate-meta-layouts":"set","ast-page-background-enabled":"default","ast-page-background-meta":{"desktop":{"background-color":"","background-image":"","background-repeat":"repeat","background-position":"center center","background-size":"auto","background-attachment":"scroll","background-type":"","background-media":"","overlay-type":"","overlay-color":"","overlay-opacity":"","overlay-gradient":""},"tablet":{"background-color":"","background-image":"","background-repeat":"repeat","background-position":"center center","background-size":"auto","background-attachment":"scroll","background-type":"","background-media":"","overlay-type":"","overlay-color":"","overlay-opacity":"","overlay-gradient":""},"mobile":{"background-color":"","background-image":"","background-repeat":"repeat","background-position":"center center","background-size":"auto","background-attachment":"scroll","background-type":"","background-media":"","overlay-type":"","overlay-color":"","overlay-opacity":"","overlay-gradient":""}},"ast-content-background-meta":{"desktop":{"background-color":"var(--ast-global-color-5)","background-image":"","background-repeat":"repeat","background-position":"center center","background-size":"auto","background-attachment":"scroll","background-type":"","background-media":"","overlay-type":"","overlay-color":"","overlay-opacity":"","overlay-gradient":""},"tablet":{"background-color":"var(--ast-global-color-5)","background-image":"","background-repeat":"repeat","background-position":"center center","background-size":"auto","background-attachment":"scroll","background-type":"","background-media":"","overlay-type":"","overlay-color":"","overlay-opacity":"","overlay-gradient":""},"mobile":{"background-color":"var(--ast-global-color-5)","background-image":"","background-repeat":"repeat","background-position":"center center","background-size":"auto","background-attachment":"scroll","background-type":"","background-media":"","overlay-type":"","overlay-color":"","overlay-opacity":"","overlay-gradient":""}}},"product_brand":[],"product_cat":[195],"product_tag":[],"class_list":{"0":"post-8385","1":"product","2":"type-product","3":"status-publish","4":"has-post-thumbnail","6":"product_cat-praevention-und-gesundheit","7":"desktop-align-center","8":"tablet-align-left","9":"mobile-align-left","11":"first","12":"instock","13":"virtual","14":"product-type-simple"},"_links":{"self":[{"href":"https:\/\/ovigor.pl\/index.php?rest_route=\/wp\/v2\/product\/8385","targetHints":{"allow":["GET"]}}],"collection":[{"href":"https:\/\/ovigor.pl\/index.php?rest_route=\/wp\/v2\/product"}],"about":[{"href":"https:\/\/ovigor.pl\/index.php?rest_route=\/wp\/v2\/types\/product"}],"wp:featuredmedia":[{"embeddable":true,"href":"https:\/\/ovigor.pl\/index.php?rest_route=\/wp\/v2\/media\/7584"}],"wp:attachment":[{"href":"https:\/\/ovigor.pl\/index.php?rest_route=%2Fwp%2Fv2%2Fmedia&parent=8385"}],"wp:term":[{"taxonomy":"product_brand","embeddable":true,"href":"https:\/\/ovigor.pl\/index.php?rest_route=%2Fwp%2Fv2%2Fproduct_brand&post=8385"},{"taxonomy":"product_cat","embeddable":true,"href":"https:\/\/ovigor.pl\/index.php?rest_route=%2Fwp%2Fv2%2Fproduct_cat&post=8385"},{"taxonomy":"product_tag","embeddable":true,"href":"https:\/\/ovigor.pl\/index.php?rest_route=%2Fwp%2Fv2%2Fproduct_tag&post=8385"}],"curies":[{"name":"wp","href":"https:\/\/api.w.org\/{rel}","templated":true}]}}